{"id":9833,"date":"2016-04-25T22:36:51","date_gmt":"2016-04-25T22:36:51","guid":{"rendered":"https:\/\/www.thepornlist.net\/de\/premium-paysites\/teensloveblackcocks\/"},"modified":"2019-08-19T08:56:24","modified_gmt":"2019-08-19T08:56:24","slug":"teensloveblackcocks","status":"publish","type":"page","link":"https:\/\/www.thepornlist.net\/de\/premium-paysites\/teensloveblackcocks\/","title":{"rendered":"teensloveblackcocks.com"},"content":{"rendered":"<div class=\"pb\">\n<div class=\"hd\">\n<a href=\"https:\/\/www.thepornlist.net\/de\/\" base target=\"_self\" rel=\"noopener noreferrer\">Zur\u00fcck zur Startseite<\/a>\n<\/div>\n<div class=\"hd2\">\n<span style=\"font-style:normal;font-weight:bold;\">Seitenbewertung<\/span>\n<\/div>\n<\/div>\n<div style=\"width:100%; margin-left:auto; margin-right:auto; clear:both;z-index:1; padding-top:5px; border-radius: 2px;\">\n<div class=\"reviewimg\">\n<p><a href=\"http:\/\/join.teensloveblackcocks.com\/track\/MTU1MzIuMi42NC42MzIuMC4wLjAuMC4w\" base target=\"_self\" rel=\"noopener noreferrer\"><img decoding=\"async\" src=\"https:\/\/www.thepornlist.net\/wp-content\/uploads\/2016\/04\/teensloveblackcocks.jpg\" width=\"500\" height=\"500\" alt=\"Porn Tube\"><\/a><\/p>\n<\/div>\n<div class=\"reviewtitle\">\n<h1 style=\"font-family:Arial;font-size:56px;font-style:normal;font-weight:bold;color:#FF1F78;\">teensloveblackcocks<\/h1>\n<\/div>\n<div class=\"reviewsub\">\n<h2 style=\"font-size:14px;font-style:normal;font-weight:bold;\">teensloveblackcocks.com<\/H2>\n<\/div>\n<div class=\"reviewtext\">\n<span style=\"font-size:16px;font-style:normal;\">Es gibt ein allgemeing\u00fcltiges Sprichwort: jede Frau w\u00fcrde gerne einmal von einem schwarzen Schwanz gefickt werden. Ich bin mir nicht ganz sicher, wie wahr das ist und ich glaube es h\u00e4ngt auch ein bisschen von Regionen \/ L\u00e4ndern ab. In meinem Land sieht man zum Beispiel kaum einen schwarzen Typen auf der Stra\u00dfe oder sonst irgendwo und darum bezweifele ich wirklich, dass die Frauen an schwarze Schw\u00e4nze denken.<\/br> <\/p>\n<p>Willkommen bei TeensLoveBlackCocks.com, einer Premium Porno Webseite wo alle diese gerade vollj\u00e4hrigen Girls schwarze Pimmel wollen &#8211; \u201eOffizielles zuhause TLBC! Willkommen auf der Seite auf der 18j\u00e4hrige wei\u00dfe Teens ihren ersten BBC (Gro\u00dfer Schwarzer Schwanz) erleben. Diese zierlichen wei\u00dfen Amateurinnen werden erfahren wie sich ein erstes mal mit einem Monsterschwanz anf\u00fchlt und wie er ihnen zu Orgasmen verhilft, die sie mit einem normalen wei\u00dfen Kerl noch nie erlebt haben. Du kennst das Sprichwort&#8230;wenn du einmal schwarz gehabt hast, willst du nie mehr etwas anderes! Wenn sie das erlebt haben, werden sie nie wieder dieselben sein. Schau den Teens dabei zu, wie sie ihre Jungfr\u00e4ulichkeit ganz exklusiv in HD 1080p Videos verlieren.\u201c Was kann ich dazu noch sagen?<\/br><\/p>\n<p>Besuche TeensLoveBlackCocks und melde deine bezahlte Mitgliedschaft an. Du wirst nur professionelle HD Inhalte bekommen und darum, setz ein Lesezeichen!<br \/>\n<\/span>\n<\/div>\n<div class=\"reviewsiteurl\">\n<a href=\"http:\/\/join.teensloveblackcocks.com\/track\/MTU1MzIuMi42NC42MzIuMC4wLjAuMC4w\" base target=\"_self\" rel=\"noopener noreferrer\"><span style=\"font-size:32px;font-style:normal;font-weight:bold;text-decoration:underline;\">Hier klicken, um die webseite zu besuchen <\/span><\/a>\n<\/div>\n<\/div>\n","protected":false},"excerpt":{"rendered":"<p>Zur\u00fcck zur Startseite Seitenbewertung teensloveblackcocks teensloveblackcocks.com Es gibt ein allgemeing\u00fcltiges Sprichwort: jede Frau w\u00fcrde gerne einmal von einem schwarzen Schwanz gefickt werden. Ich bin mir nicht ganz sicher, wie wahr das ist und ich glaube es h\u00e4ngt auch ein bisschen von Regionen \/ L\u00e4ndern ab. In meinem Land sieht man zum Beispiel kaum einen schwarzen <a href='https:\/\/www.thepornlist.net\/de\/premium-paysites\/teensloveblackcocks\/' class='excerpt-more'>[&#8230;]<\/a><\/p>\n","protected":false},"author":1,"featured_media":0,"parent":9758,"menu_order":37310,"comment_status":"closed","ping_status":"closed","template":"0-autofill-tpl-template.php","meta":{"_acf_changed":false,"footnotes":""},"tags":[],"acf":[],"aioseo_notices":[],"_links":{"self":[{"href":"https:\/\/www.thepornlist.net\/de\/wp-json\/wp\/v2\/pages\/9833"}],"collection":[{"href":"https:\/\/www.thepornlist.net\/de\/wp-json\/wp\/v2\/pages"}],"about":[{"href":"https:\/\/www.thepornlist.net\/de\/wp-json\/wp\/v2\/types\/page"}],"author":[{"embeddable":true,"href":"https:\/\/www.thepornlist.net\/de\/wp-json\/wp\/v2\/users\/1"}],"replies":[{"embeddable":true,"href":"https:\/\/www.thepornlist.net\/de\/wp-json\/wp\/v2\/comments?post=9833"}],"version-history":[{"count":0,"href":"https:\/\/www.thepornlist.net\/de\/wp-json\/wp\/v2\/pages\/9833\/revisions"}],"up":[{"embeddable":true,"href":"https:\/\/www.thepornlist.net\/de\/wp-json\/wp\/v2\/pages\/9758"}],"wp:attachment":[{"href":"https:\/\/www.thepornlist.net\/de\/wp-json\/wp\/v2\/media?parent=9833"}],"wp:term":[{"taxonomy":"post_tag","embeddable":true,"href":"https:\/\/www.thepornlist.net\/de\/wp-json\/wp\/v2\/tags?post=9833"}],"curies":[{"name":"wp","href":"https:\/\/api.w.org\/{rel}","templated":true}]}}