{"id":9834,"date":"2016-04-25T22:36:43","date_gmt":"2016-04-25T22:36:43","guid":{"rendered":"https:\/\/www.thepornlist.net\/de\/premium-paysites\/familystrokes\/"},"modified":"2019-06-06T13:31:24","modified_gmt":"2019-06-06T13:31:24","slug":"familystrokes","status":"publish","type":"page","link":"https:\/\/www.thepornlist.net\/de\/premium-paysites\/familystrokes\/","title":{"rendered":"familystrokes.com"},"content":{"rendered":"<div class=\"pb\">\n<div class=\"hd\">\n<a href=\"https:\/\/www.thepornlist.net\/de\/\" base target=\"_self\">Zur\u00fcck zur Startseite<\/a>\n<\/div>\n<div class=\"hd2\">\n<span style=\"font-style:normal;font-weight:bold;\">Seitenbewertung<\/span>\n<\/div>\n<\/div>\n<div style=\"width:100%; margin-left:auto; margin-right:auto; clear:both;z-index:1; padding-top:5px; border-radius: 2px;\">\n<div class=\"reviewimg\">\n<p><a href=\"https:\/\/join.familystrokes.com\/track\/MTU1MzIuNy43Mi4zNDUyLjAuMC4wLjAuMA\" base target=\"_self\"><img decoding=\"async\" src=\"https:\/\/www.thepornlist.net\/wp-content\/uploads\/2016\/04\/familystrokes.jpg\" width=\"500\" height=\"500\" alt=\"Porn Tube\"><\/a><\/p>\n<\/div>\n<div class=\"reviewtitle\">\n<h1 style=\"font-family:Arial;font-size:56px;font-style:normal;font-weight:bold;color:#FF1F78;\">familystrokes<\/h1>\n<\/div>\n<div class=\"reviewsub\">\n<h2 style=\"font-size:14px;font-style:normal;font-weight:bold;\">familystrokes.com<\/H2>\n<\/div>\n<div class=\"reviewtext\">\n<span style=\"font-size:16px;font-style:normal;\">Was ist FamilyStrokes.com? Nun, FamilyStrokes geht ein bisschen so: \u201e Es ist eine nat\u00fcrliche Mischung aus Stiefm\u00fcttern aus der Nachbarschaft, \u00e4lteren Stiefv\u00e4tern, gerade mal vollj\u00e4hrigen Stiefschwestern und Stiefbr\u00fcdern, die zum College gehen, die auf einmal Inzest Spa\u00df innerhalb der Familie erleben. Im Zeitalter des ausgedehnten Familien Inzests ist hinter geschlossenen T\u00fcren nichts tabu. Verdammt! Diese Stief-Familien Beziehungen k\u00f6nnen zu etwas fatalem f\u00fchren um nicht gleich \u00fcber promiskuitive gute Momente zu sprechen. Nichts so schlichtes wie \u201enormal\u201c in diesen Tagen. Du wei\u00dft, was man sagt, FamilyStrokes f\u00fcr alle\u201c. Wie du sehen kannst, gibt es einen Poet hinter dieser Beschreibung. Darin sehe ich kein Problem denn ich finde, dass Porno genauso Kunst ist wie jedes Aktgem\u00e4lde in einem Museum.<\/br><\/p>\n<p>Diese Seite ist keine kostenlose Porno Tube, sondern eine Premium Webseite wo du Geld bezahlen musst um auf all diese Leckerbissen zugreifen zu k\u00f6nnen. Ein Tag zum ausprobieren wartet auf dich und der wird dich nur 1 Dollar kosten. Durch die Mitgliedschaft bekommst du einen Support f\u00fcr Kunden, diskrete Abrechnung, Zugang zur mobilen Seite und alles ist abgesichert, zuverl\u00e4ssig und privat. Im Gast Modus wirst du eine Menge an Video und Bilder Vorschauen aus den einzelnen Szenen sehen k\u00f6nnen.<br \/>\n<\/span>\n<\/div>\n<div class=\"reviewsiteurl\">\n<a href=\"https:\/\/join.familystrokes.com\/track\/MTU1MzIuNy43Mi4zNDUyLjAuMC4wLjAuMA\" base target=\"_self\"><span style=\"font-size:32px;font-style:normal;font-weight:bold;text-decoration:underline;\">Hier klicken, um die webseite zu besuchen <\/span><\/a>\n<\/div>\n<\/div>\n","protected":false},"excerpt":{"rendered":"<p>Zur\u00fcck zur Startseite Seitenbewertung familystrokes familystrokes.com Was ist FamilyStrokes.com? Nun, FamilyStrokes geht ein bisschen so: \u201e Es ist eine nat\u00fcrliche Mischung aus Stiefm\u00fcttern aus der Nachbarschaft, \u00e4lteren Stiefv\u00e4tern, gerade mal vollj\u00e4hrigen Stiefschwestern und Stiefbr\u00fcdern, die zum College gehen, die auf einmal Inzest Spa\u00df innerhalb der Familie erleben. Im Zeitalter des ausgedehnten Familien Inzests ist hinter <a href='https:\/\/www.thepornlist.net\/de\/premium-paysites\/familystrokes\/' class='excerpt-more'>[&#8230;]<\/a><\/p>\n","protected":false},"author":1,"featured_media":0,"parent":9758,"menu_order":27770,"comment_status":"closed","ping_status":"closed","template":"0-autofill-tpl-template.php","meta":{"_acf_changed":false,"footnotes":""},"tags":[],"acf":[],"aioseo_notices":[],"_links":{"self":[{"href":"https:\/\/www.thepornlist.net\/de\/wp-json\/wp\/v2\/pages\/9834"}],"collection":[{"href":"https:\/\/www.thepornlist.net\/de\/wp-json\/wp\/v2\/pages"}],"about":[{"href":"https:\/\/www.thepornlist.net\/de\/wp-json\/wp\/v2\/types\/page"}],"author":[{"embeddable":true,"href":"https:\/\/www.thepornlist.net\/de\/wp-json\/wp\/v2\/users\/1"}],"replies":[{"embeddable":true,"href":"https:\/\/www.thepornlist.net\/de\/wp-json\/wp\/v2\/comments?post=9834"}],"version-history":[{"count":0,"href":"https:\/\/www.thepornlist.net\/de\/wp-json\/wp\/v2\/pages\/9834\/revisions"}],"up":[{"embeddable":true,"href":"https:\/\/www.thepornlist.net\/de\/wp-json\/wp\/v2\/pages\/9758"}],"wp:attachment":[{"href":"https:\/\/www.thepornlist.net\/de\/wp-json\/wp\/v2\/media?parent=9834"}],"wp:term":[{"taxonomy":"post_tag","embeddable":true,"href":"https:\/\/www.thepornlist.net\/de\/wp-json\/wp\/v2\/tags?post=9834"}],"curies":[{"name":"wp","href":"https:\/\/api.w.org\/{rel}","templated":true}]}}