{"id":9835,"date":"2016-04-25T22:36:33","date_gmt":"2016-04-25T22:36:33","guid":{"rendered":"https:\/\/www.thepornlist.net\/de\/premium-paysites\/exxxtrasmall\/"},"modified":"2022-06-30T10:17:50","modified_gmt":"2022-06-30T10:17:50","slug":"exxxtrasmall","status":"publish","type":"page","link":"https:\/\/www.thepornlist.net\/de\/premium-paysites\/exxxtrasmall\/","title":{"rendered":"Exxxtrasmall.com"},"content":{"rendered":"<div class=\"pb\">\n<div class=\"hd\">\n<a href=\"https:\/\/www.thepornlist.net\/de\/\" base target=\"_self\" rel=\"noopener noreferrer\">Zur\u00fcck zur Startseite<\/a>\n<\/div>\n<div class=\"hd2\">\n<span style=\"font-style:normal;font-weight:bold;\">Seitenbewertung<\/span>\n<\/div>\n<\/div>\n<div style=\"width:100%; margin-left:auto; margin-right:auto; clear:both;z-index:1; padding-top:5px; border-radius: 2px;\">\n<div class=\"reviewimg\">\n<p><a href=\"http:\/\/join.exxxtrasmall.com\/track\/MTU1MzIuNy4zNS4yMDkxLjAuMC4wLjAuMA\" base target=\"_self\" rel=\"noopener noreferrer\"><img decoding=\"async\" src=\"https:\/\/www.thepornlist.net\/wp-content\/uploads\/2016\/04\/exxxtrasmall.jpg\" width=\"500\" height=\"500\" alt=\"Porn Tube\"><\/a><\/p>\n<\/div>\n<div class=\"reviewtitle\">\n<h1 style=\"font-family:Arial;font-size:56px;font-style:normal;font-weight:bold;color:#FF1F78;\">exxxtrasmall<\/h1>\n<\/div>\n<div class=\"reviewsub\">\n<h2 style=\"font-size:14px;font-style:normal;font-weight:bold;\">exxxtrasmall.com<\/H2>\n<\/div>\n<div class=\"reviewtext\">\n<span style=\"font-size:16px;font-style:normal;\">TeamSkeets Webseite, die EXXXtraSmall.com hei\u00dft, wird dich an einen Ort denken lassen, an dem M\u00e4nner mit kleinen Pimmeln mit hei\u00dfen Frauen Verkehr haben k\u00f6nnen. Nun, es ist falsch so zu denken! Sobald du dorthin gehst wirst u verstehen, dass es im Gegenteil so ist, dass es ein Porno Ort ist an dem gro\u00dfe Pimmel extra kleine Teens ruinieren werden, gerade mal vollj\u00e4hrige Teens, die viele Spitznamen haben wie zierlich, winzig, Spinner, lustige Gr\u00f6\u00dfe, Raketen in Flaschengr\u00f6\u00dfe, Minis, kleinw\u00fcchsig, ohne Titten und andere. <\/br><br \/>\nDa es ein Premium Porno Ort ist, hast du exklusiven HD 1080p Inhalt, mehr als 2.000 Videos in diesem Moment. Es scheint, dass es 2015 zur besten Teen Porno Seite gew\u00e4hlt wurde. Du kannst Video Vorschauen sehen und du kannst einen zweit\u00e4gigen Testzugang bekommen, der dich nur einen Dollar kosten wird. Du bekommst sofortigen Zugang und du wirst in HD streamen k\u00f6nnen. Wenn du entscheidest, dass dir gef\u00e4llt, was du siehst, kannst du eine gr\u00f6\u00dfere Mitgliedschaft nehmen: 3 Monate oder 12 Monate. Sie haben daf\u00fcr Rabatte, also verschwende keine Zeit \u2013 Rabatte k\u00f6nnen beendet werden. Ich habe auf EXXXtraSmall einige wirklich hei\u00dfe Teens gesehen und meiner Meinung nach kann diese Webseite eines deiner Lesezeichen werden. Schau vorbei und schau dir an warum ich das sage.<br \/>\n<\/span>\n<\/div>\n<div class=\"reviewsiteurl\">\n<a href=\"http:\/\/join.exxxtrasmall.com\/track\/MTU1MzIuNy4zNS4yMDkxLjAuMC4wLjAuMA\" base target=\"_self\" rel=\"noopener noreferrer\"><span style=\"font-size:32px;font-style:normal;font-weight:bold;text-decoration:underline;\">Hier klicken, um die webseite zu besuchen <\/span><\/a>\n<\/div>\n<\/div>\n","protected":false},"excerpt":{"rendered":"<p>Zur\u00fcck zur Startseite Seitenbewertung exxxtrasmall exxxtrasmall.com TeamSkeets Webseite, die EXXXtraSmall.com hei\u00dft, wird dich an einen Ort denken lassen, an dem M\u00e4nner mit kleinen Pimmeln mit hei\u00dfen Frauen Verkehr haben k\u00f6nnen. Nun, es ist falsch so zu denken! Sobald du dorthin gehst wirst u verstehen, dass es im Gegenteil so ist, dass es ein Porno Ort <a href='https:\/\/www.thepornlist.net\/de\/premium-paysites\/exxxtrasmall\/' class='excerpt-more'>[&#8230;]<\/a><\/p>\n","protected":false},"author":1,"featured_media":0,"parent":9758,"menu_order":35750,"comment_status":"closed","ping_status":"closed","template":"0-autofill-tpl-template.php","meta":{"_acf_changed":false,"footnotes":""},"tags":[601,602],"acf":[],"aioseo_notices":[],"_links":{"self":[{"href":"https:\/\/www.thepornlist.net\/de\/wp-json\/wp\/v2\/pages\/9835"}],"collection":[{"href":"https:\/\/www.thepornlist.net\/de\/wp-json\/wp\/v2\/pages"}],"about":[{"href":"https:\/\/www.thepornlist.net\/de\/wp-json\/wp\/v2\/types\/page"}],"author":[{"embeddable":true,"href":"https:\/\/www.thepornlist.net\/de\/wp-json\/wp\/v2\/users\/1"}],"replies":[{"embeddable":true,"href":"https:\/\/www.thepornlist.net\/de\/wp-json\/wp\/v2\/comments?post=9835"}],"version-history":[{"count":0,"href":"https:\/\/www.thepornlist.net\/de\/wp-json\/wp\/v2\/pages\/9835\/revisions"}],"up":[{"embeddable":true,"href":"https:\/\/www.thepornlist.net\/de\/wp-json\/wp\/v2\/pages\/9758"}],"wp:attachment":[{"href":"https:\/\/www.thepornlist.net\/de\/wp-json\/wp\/v2\/media?parent=9835"}],"wp:term":[{"taxonomy":"post_tag","embeddable":true,"href":"https:\/\/www.thepornlist.net\/de\/wp-json\/wp\/v2\/tags?post=9835"}],"curies":[{"name":"wp","href":"https:\/\/api.w.org\/{rel}","templated":true}]}}