{"id":9836,"date":"2016-04-11T13:43:04","date_gmt":"2016-04-11T13:43:04","guid":{"rendered":"https:\/\/www.thepornlist.net\/de\/badoinkvr\/"},"modified":"2022-06-30T10:17:17","modified_gmt":"2022-06-30T10:17:17","slug":"badoinkvr","status":"publish","type":"page","link":"https:\/\/www.thepornlist.net\/de\/best-vr-porn-sites\/badoinkvr\/","title":{"rendered":"badoinkvr.com"},"content":{"rendered":"<div class=\"pb\">\n<div class=\"hd\">\n<a href=\"https:\/\/www.thepornlist.net\/de\/\" base target=\"_self\" rel=\"noopener noreferrer\">Zur\u00fcck zur Startseite<\/a>\n<\/div>\n<div class=\"hd2\">\n<span style=\"font-style:normal;font-weight:bold;\">Seitenbewertung<\/span>\n<\/div>\n<\/div>\n<div style=\"width:100%; margin-left:auto; margin-right:auto; clear:both;z-index:1; padding-top:5px; border-radius: 2px;\">\n<div class=\"reviewimg\">\n<p><a href=\"http:\/\/go.badoinkvr.com\/go.php?t=25889&#038;aid=107782&#038;sid=\" base target=\"_self\" rel=\"noopener noreferrer\"><img decoding=\"async\" src=\"https:\/\/www.thepornlist.net\/wp-content\/uploads\/vrrev\/badoinkvr.jpg\" width=\"500\" height=\"500\" alt=\"Porn VR Tube\"><\/a><\/p>\n<\/div>\n<div class=\"reviewtitle\">\n<h1 style=\"font-family:Arial;font-size:56px;font-style:normal;font-weight:bold;color:#FF1F78;\">Badoinkvr<\/h1>\n<\/div>\n<div class=\"reviewsub\">\n<h2 style=\"font-size:14px;font-style:normal;font-weight:bold;\">badoinkvr.com<\/H2>\n<\/div>\n<div class=\"reviewtext\">\n<span style=\"font-size:16px;font-style:normal;\">Ich glaube wirklich, dass Robocop in diesen Tagen eine h\u00f6llisch gute Zeit h\u00e4tte bei all diesen virtuellen Pornos, die es gibt. Er kann sich nicht mehr um die b\u00f6sen Jungs k\u00fcmmern denn sein Kopf aus Metall muss mit VR Pornos gef\u00fcllt werden. Willkommen bei BaDoinkVR.com, einem Ort f\u00fcr Pornos, der es dir gestatten wird selbst zu Robocop zu werden in einem wundervollen Land der Unterhaltung f\u00fcr Erwachsene. Beeil dich \u2013 sie haben gerade ein zeitlich begrenztes Angebot: 33% Rabatt und eine kostenlose VR Brille. Es sieht auch so aus als ob sie die Virtuelle Realit\u00e4t Porno Webseite des Jahres sind, was hei\u00dft, dass alle ihre Inhalte krass sind.<\/br><\/p>\n<p>Es spielt keine Rolle ob du eine GEAR VR von Samsung oder eine Oculus Rift hast denn diese Webseite funktioniert mit allen Arten von Brillen. Sie funktioniert sogar mit einer Pappbrille. Alles, was du brauchst, ist dein Smartphone.<\/br> <\/p>\n<p>Auf der Homepage kannst du einen netten Trailer sehen und lass mich dir etwas verraten \u2013 es sieht verdammt geil aus! Wenn du erst einmal drin bist, bekommst du ein 100 % kostenloses paar Brillen, 180 und 360 Grad gefilmt in Stereo 3D, die hei\u00dfesten Pornostars, die es im Moment gibt, in erstaunlichen Details und ein geniales, doppeltes Sound System. Besuche BaDoinkVR und genie\u00dfe alles, was sie haben!<br \/>\n<\/span>\n<\/div>\n<div class=\"reviewsiteurl\">\n<a href=\"http:\/\/go.badoinkvr.com\/go.php?t=25889&#038;aid=107782&#038;sid=\" base target=\"_self\" rel=\"noopener noreferrer\"><span style=\"font-size:32px;font-style:normal;font-weight:bold;text-decoration:underline;\">Hier klicken, um die webseite zu besuchen <\/span><\/a>\n<\/div>\n<\/div>\n","protected":false},"excerpt":{"rendered":"<p>Zur\u00fcck zur Startseite Seitenbewertung Badoinkvr badoinkvr.com Ich glaube wirklich, dass Robocop in diesen Tagen eine h\u00f6llisch gute Zeit h\u00e4tte bei all diesen virtuellen Pornos, die es gibt. Er kann sich nicht mehr um die b\u00f6sen Jungs k\u00fcmmern denn sein Kopf aus Metall muss mit VR Pornos gef\u00fcllt werden. Willkommen bei BaDoinkVR.com, einem Ort f\u00fcr Pornos, <a href='https:\/\/www.thepornlist.net\/de\/best-vr-porn-sites\/badoinkvr\/' class='excerpt-more'>[&#8230;]<\/a><\/p>\n","protected":false},"author":1,"featured_media":0,"parent":9874,"menu_order":13550,"comment_status":"closed","ping_status":"closed","template":"0-autofill-tpl-template.php","meta":{"_acf_changed":false,"footnotes":""},"tags":[],"acf":[],"aioseo_notices":[],"_links":{"self":[{"href":"https:\/\/www.thepornlist.net\/de\/wp-json\/wp\/v2\/pages\/9836"}],"collection":[{"href":"https:\/\/www.thepornlist.net\/de\/wp-json\/wp\/v2\/pages"}],"about":[{"href":"https:\/\/www.thepornlist.net\/de\/wp-json\/wp\/v2\/types\/page"}],"author":[{"embeddable":true,"href":"https:\/\/www.thepornlist.net\/de\/wp-json\/wp\/v2\/users\/1"}],"replies":[{"embeddable":true,"href":"https:\/\/www.thepornlist.net\/de\/wp-json\/wp\/v2\/comments?post=9836"}],"version-history":[{"count":0,"href":"https:\/\/www.thepornlist.net\/de\/wp-json\/wp\/v2\/pages\/9836\/revisions"}],"up":[{"embeddable":true,"href":"https:\/\/www.thepornlist.net\/de\/wp-json\/wp\/v2\/pages\/9874"}],"wp:attachment":[{"href":"https:\/\/www.thepornlist.net\/de\/wp-json\/wp\/v2\/media?parent=9836"}],"wp:term":[{"taxonomy":"post_tag","embeddable":true,"href":"https:\/\/www.thepornlist.net\/de\/wp-json\/wp\/v2\/tags?post=9836"}],"curies":[{"name":"wp","href":"https:\/\/api.w.org\/{rel}","templated":true}]}}