{"id":9839,"date":"2016-04-11T10:17:39","date_gmt":"2016-04-11T10:17:39","guid":{"rendered":"https:\/\/www.thepornlist.net\/de\/hilostripper\/"},"modified":"2019-05-24T12:34:42","modified_gmt":"2019-05-24T12:34:42","slug":"hilostripper","status":"publish","type":"page","link":"https:\/\/www.thepornlist.net\/de\/best-sex-games\/hilostripper\/","title":{"rendered":"hilostripper.com"},"content":{"rendered":"<div class=\"pb\">\n<div class=\"hd\">\n<a href=\"https:\/\/www.thepornlist.net\/de\/\" base target=\"_self\">Zur\u00fcck zur Startseite<\/a>\n<\/div>\n<div class=\"hd2\">\n<span style=\"font-style:normal;font-weight:bold;\">Seitenbewertung<\/span>\n<\/div>\n<\/div>\n<div style=\"width:100%; margin-left:auto; margin-right:auto; clear:both;z-index:1; padding-top:5px; border-radius: 2px;\">\n<div class=\"reviewimg\">\n<p><a href=\"https:\/\/www.hilostripper.com\/\" base target=\"_self\"><img decoding=\"async\" src=\"https:\/\/www.thepornlist.net\/wp-content\/uploads\/2015\/review\/hilostripper.jpg\" width=\"500\" height=\"500\" alt=\"Porn Tube\"><\/a><\/p>\n<\/div>\n<div class=\"reviewtitle\">\n<h1 style=\"font-family:Arial;font-size:56px;font-style:normal;font-weight:bold;color:#FF1F78;\">hilostripper<\/h1>\n<\/div>\n<div class=\"reviewsub\">\n<h2 style=\"font-size:14px;font-style:normal;font-weight:bold;\">hilostripper.com<\/H2>\n<\/div>\n<div class=\"reviewtext\">\n<span style=\"font-size:16px;font-style:normal;\">HiloStripper.com ist eine Webseite f\u00fcr Erwachsene auf der du ein Kartenspiel spielen wirst: h\u00f6here-niedrigere Karte Strip Spiel. Ich wusste nicht, was das ist, aber die Webseite hat mir eine live Demo zum anschauen geboten um zu verstehen was dieses Spiel genau bedeutet. Und es war ein Kinderspiel es zu lernen. Willkommen bei HiloStripper, einem sehr guten Ort f\u00fcr Erwachsene, wo du einigen Spa\u00df mit realen Babes haben kannst. Sie lassen dich zwischen englisch und deutsch w\u00e4hlen, je nach deinen Kenntnissen.<\/br><\/p>\n<p>Die Seitenleiste zur Navigation l\u00e4sst dich spielen, live Spiele ansehen, live Demos sehen und einiges mehr. Die Webseite hat ein ziemliches retro Layout, aber das wird dein Spiel Erlebnis nicht ruinieren denn alle Funktionen laufen gro\u00dfartig und mit Leichtigkeit. Die Homepage wird dir die Girls, mit denen du spielen kannst, zeigen und du bekommst ein paar Details \u00fcber sie. Lass mich dir dieses Spiel mit wenigen Worten erkl\u00e4ren: du bekommst eine Karte und du musst sagen ob die n\u00e4chste h\u00f6her oder niedriger sein wird und das Girl macht das Gleiche. Das ist es! Jetzt geh und fang an auf HiloStripper zu spielen und mache mich stolz! Hab Spa\u00df w\u00e4hrend du das tust!<br \/>\n<\/span>\n<\/div>\n<div class=\"reviewsiteurl\">\n<a href=\"https:\/\/www.hilostripper.com\/\" base target=\"_self\"><span style=\"font-size:32px;font-style:normal;font-weight:bold;text-decoration:underline;\">Hier klicken, um die webseite zu besuchen <\/span><\/a>\n<\/div>\n<\/div>\n","protected":false},"excerpt":{"rendered":"<p>Zur\u00fcck zur Startseite Seitenbewertung hilostripper hilostripper.com HiloStripper.com ist eine Webseite f\u00fcr Erwachsene auf der du ein Kartenspiel spielen wirst: h\u00f6here-niedrigere Karte Strip Spiel. Ich wusste nicht, was das ist, aber die Webseite hat mir eine live Demo zum anschauen geboten um zu verstehen was dieses Spiel genau bedeutet. Und es war ein Kinderspiel es zu <a href='https:\/\/www.thepornlist.net\/de\/best-sex-games\/hilostripper\/' class='excerpt-more'>[&#8230;]<\/a><\/p>\n","protected":false},"author":1,"featured_media":0,"parent":9853,"menu_order":29010,"comment_status":"closed","ping_status":"closed","template":"0-autofill-tpl-template.php","meta":{"_acf_changed":false,"footnotes":""},"tags":[],"acf":[],"aioseo_notices":[],"_links":{"self":[{"href":"https:\/\/www.thepornlist.net\/de\/wp-json\/wp\/v2\/pages\/9839"}],"collection":[{"href":"https:\/\/www.thepornlist.net\/de\/wp-json\/wp\/v2\/pages"}],"about":[{"href":"https:\/\/www.thepornlist.net\/de\/wp-json\/wp\/v2\/types\/page"}],"author":[{"embeddable":true,"href":"https:\/\/www.thepornlist.net\/de\/wp-json\/wp\/v2\/users\/1"}],"replies":[{"embeddable":true,"href":"https:\/\/www.thepornlist.net\/de\/wp-json\/wp\/v2\/comments?post=9839"}],"version-history":[{"count":0,"href":"https:\/\/www.thepornlist.net\/de\/wp-json\/wp\/v2\/pages\/9839\/revisions"}],"up":[{"embeddable":true,"href":"https:\/\/www.thepornlist.net\/de\/wp-json\/wp\/v2\/pages\/9853"}],"wp:attachment":[{"href":"https:\/\/www.thepornlist.net\/de\/wp-json\/wp\/v2\/media?parent=9839"}],"wp:term":[{"taxonomy":"post_tag","embeddable":true,"href":"https:\/\/www.thepornlist.net\/de\/wp-json\/wp\/v2\/tags?post=9839"}],"curies":[{"name":"wp","href":"https:\/\/api.w.org\/{rel}","templated":true}]}}