{"id":9840,"date":"2016-04-11T10:17:36","date_gmt":"2016-04-11T10:17:36","guid":{"rendered":"https:\/\/www.thepornlist.net\/de\/pornstripgames\/"},"modified":"2019-05-17T08:15:35","modified_gmt":"2019-05-17T08:15:35","slug":"pornstripgames","status":"publish","type":"page","link":"https:\/\/www.thepornlist.net\/de\/best-sex-games\/pornstripgames\/","title":{"rendered":"pornstripgames.com"},"content":{"rendered":"<div class=\"pb\">\n<div class=\"hd\">\n<a href=\"https:\/\/www.thepornlist.net\/de\/\" base target=\"_self\">Zur\u00fcck zur Startseite<\/a>\n<\/div>\n<div class=\"hd2\">\n<span style=\"font-style:normal;font-weight:bold;\">Seitenbewertung<\/span>\n<\/div>\n<\/div>\n<div style=\"width:100%; margin-left:auto; margin-right:auto; clear:both;z-index:1; padding-top:5px; border-radius: 2px;\">\n<div class=\"reviewimg\">\n<p><a href=\"http:\/\/www.pornstripgames.com\/\" base target=\"_self\"><img decoding=\"async\" src=\"https:\/\/www.thepornlist.net\/wp-content\/uploads\/2015\/review\/pornstripgames.jpg\" width=\"500\" height=\"500\" alt=\"Porn Tube\"><\/a><\/p>\n<\/div>\n<div class=\"reviewtitle\">\n<h1 style=\"font-family:Arial;font-size:56px;font-style:normal;font-weight:bold;color:#FF1F78;\">pornstripgames<\/h1>\n<\/div>\n<div class=\"reviewsub\">\n<h2 style=\"font-size:14px;font-style:normal;font-weight:bold;\">pornstripgames.com<\/H2>\n<\/div>\n<div class=\"reviewtext\">\n<span style=\"font-size:16px;font-style:normal;\">Der Domain Name erz\u00e4hlt uns, dass wir Sex Spiele spielen k\u00f6nnen, in denen einige hei\u00dfe Babes sich ausziehen, basierend auf unsere Aktionen im Spiel. Lass uns sehen ob das wahr ist ! Willkommen bei PornStripGames.com, einem Porno Portal wo du, in der Tat, eine Menge Spiele haben wirst, die es dir gestatten nackte Babes zu sehen. Sie haben Dutzende an Seiten und jede Seite hat zwei Reihen voll mit Spielen.<\/br><\/p>\n<p>Es gibt nicht viele Dinge, die \u00fcber PornStripGames gesagt werden m\u00fcssen. Alle Ver\u00f6ffentlichungen erscheinen mit echten Bildern und du wirst keine Zeichnungen sehen. Du kannst deine Entscheidung basierend auf Vorschaubildern und Bewertungen treffen. Wenn du auf den Seiten browsen willst habe ich dir das schon oben erz\u00e4hlt, du musst scrollen bis du die Fu\u00dfleiste erreichst. Dort befindet sich das Seiten Men\u00fc und wartet auf deinen Klick.<\/br><\/p>\n<p>Ich habe ein paar Updates ausprobiert, wenn du die ausschlie\u00dft, die dich zu ihren Sponsoren weiterleiten werden, dann wirst du eine h\u00f6llisch gute Zeit haben. Eines hat mir erlaubt auszusuchen, was ich sehen will und ich konnte die Art der Interaktion zwischen dem Girl und mir ausw\u00e4hlen. Besuche PornStripGames und schau dir an wor\u00fcber ich spreche! Vergiss nicht zu wichsen!<br \/>\n<\/span>\n<\/div>\n<div class=\"reviewsiteurl\">\n<a href=\"http:\/\/www.pornstripgames.com\/\" base target=\"_self\"><span style=\"font-size:32px;font-style:normal;font-weight:bold;text-decoration:underline;\">Hier klicken, um die webseite zu besuchen <\/span><\/a>\n<\/div>\n<\/div>\n","protected":false},"excerpt":{"rendered":"<p>Zur\u00fcck zur Startseite Seitenbewertung pornstripgames pornstripgames.com Der Domain Name erz\u00e4hlt uns, dass wir Sex Spiele spielen k\u00f6nnen, in denen einige hei\u00dfe Babes sich ausziehen, basierend auf unsere Aktionen im Spiel. Lass uns sehen ob das wahr ist ! Willkommen bei PornStripGames.com, einem Porno Portal wo du, in der Tat, eine Menge Spiele haben wirst, die <a href='https:\/\/www.thepornlist.net\/de\/best-sex-games\/pornstripgames\/' class='excerpt-more'>[&#8230;]<\/a><\/p>\n","protected":false},"author":1,"featured_media":0,"parent":9853,"menu_order":28410,"comment_status":"closed","ping_status":"closed","template":"0-autofill-tpl-template.php","meta":{"_acf_changed":false,"footnotes":""},"tags":[],"acf":[],"aioseo_notices":[],"_links":{"self":[{"href":"https:\/\/www.thepornlist.net\/de\/wp-json\/wp\/v2\/pages\/9840"}],"collection":[{"href":"https:\/\/www.thepornlist.net\/de\/wp-json\/wp\/v2\/pages"}],"about":[{"href":"https:\/\/www.thepornlist.net\/de\/wp-json\/wp\/v2\/types\/page"}],"author":[{"embeddable":true,"href":"https:\/\/www.thepornlist.net\/de\/wp-json\/wp\/v2\/users\/1"}],"replies":[{"embeddable":true,"href":"https:\/\/www.thepornlist.net\/de\/wp-json\/wp\/v2\/comments?post=9840"}],"version-history":[{"count":0,"href":"https:\/\/www.thepornlist.net\/de\/wp-json\/wp\/v2\/pages\/9840\/revisions"}],"up":[{"embeddable":true,"href":"https:\/\/www.thepornlist.net\/de\/wp-json\/wp\/v2\/pages\/9853"}],"wp:attachment":[{"href":"https:\/\/www.thepornlist.net\/de\/wp-json\/wp\/v2\/media?parent=9840"}],"wp:term":[{"taxonomy":"post_tag","embeddable":true,"href":"https:\/\/www.thepornlist.net\/de\/wp-json\/wp\/v2\/tags?post=9840"}],"curies":[{"name":"wp","href":"https:\/\/api.w.org\/{rel}","templated":true}]}}