{"id":9841,"date":"2016-04-11T10:17:32","date_gmt":"2016-04-11T10:17:32","guid":{"rendered":"https:\/\/www.thepornlist.net\/de\/sexgamefun\/"},"modified":"2019-05-24T12:33:06","modified_gmt":"2019-05-24T12:33:06","slug":"sexgamefun","status":"publish","type":"page","link":"https:\/\/www.thepornlist.net\/de\/best-sex-games\/sexgamefun\/","title":{"rendered":"sexgamefun.com"},"content":{"rendered":"<div class=\"pb\">\n<div class=\"hd\">\n<a href=\"https:\/\/www.thepornlist.net\/de\/\" base target=\"_self\">Zur\u00fcck zur Startseite<\/a>\n<\/div>\n<div class=\"hd2\">\n<span style=\"font-style:normal;font-weight:bold;\">Seitenbewertung<\/span>\n<\/div>\n<\/div>\n<div style=\"width:100%; margin-left:auto; margin-right:auto; clear:both;z-index:1; padding-top:5px; border-radius: 2px;\">\n<div class=\"reviewimg\">\n<p><a href=\"https:\/\/www.sexgamefun.com\/\" base target=\"_self\"><img decoding=\"async\" src=\"https:\/\/www.thepornlist.net\/wp-content\/uploads\/2015\/review\/sexgamefun.jpg\" width=\"500\" height=\"500\" alt=\"Porn Tube\"><\/a><\/p>\n<\/div>\n<div class=\"reviewtitle\">\n<h1 style=\"font-family:Arial;font-size:56px;font-style:normal;font-weight:bold;color:#FF1F78;\">sexgamefun<\/h1>\n<\/div>\n<div class=\"reviewsub\">\n<h2 style=\"font-size:14px;font-style:normal;font-weight:bold;\">sexgamefun.com<\/H2>\n<\/div>\n<div class=\"reviewtext\">\n<span style=\"font-size:16px;font-style:normal;\">Der Domain Name macht Sinn. Wir haben beim Spielen Spa\u00df und wir haben geilen Spa\u00df beim Ficken. Stell dir mal vor wie viel Spa\u00df wir haben wenn wir online Sex Spiele spielen. Daher, lass uns SexGameFun.com besuchen und sehen wie gut es ist. Willkommen auf diesem Portal, einem Porno Ort, der Flash Spiele f\u00fcr Erwachsene teilt. Ich denke, dass es ziemlich wichtig ist ihre Worte zu zitieren, damit du siehst welche speziellen Leckerbissen sie in ihrem Men\u00fc haben: \u201eWir haben die besten online Sex Spiele, einschlie\u00dflich Internet Strip Poker, Strip Blackjack. Memory f\u00fcr Erwachsene, Porno Spiele, interaktive hardcore Cartoon Spiele, Cartoon Sex Star Brickhouse Betty, XXX Hentai Spiele, sexy Puzzles&#8230;du nennst es und wir haben es, oder wir werden es bekommen! Klicke auf irgendein Vorschaubild rechts um das Spiel zu spielen. Genie\u00dfe!\u201c. Jetzt wei\u00dft du alles und ich bin mir ziemlich sicher, dass du schon wei\u00dft ob du diesen Ort besuchen wirst oder nicht.<\/br><\/p>\n<p>Die Homepage f\u00e4ngt mit ihren letzten Ver\u00f6ffentlichungen an und du kannst zwischen den Seiten browsen indem du das Seiten Men\u00fc benutzt, das sich im oberen Teil der Seite oder in der N\u00e4he der Fu\u00dfleiste befindet. Besuche sie und unterhalte dich selbst mit einigen der besten Spielen f\u00fcr Erwachsene im Internet!<br \/>\n<\/span>\n<\/div>\n<div class=\"reviewsiteurl\">\n<a href=\"https:\/\/www.sexgamefun.com\/\" base target=\"_self\"><span style=\"font-size:32px;font-style:normal;font-weight:bold;text-decoration:underline;\">Hier klicken, um die webseite zu besuchen <\/span><\/a>\n<\/div>\n<\/div>\n","protected":false},"excerpt":{"rendered":"<p>Zur\u00fcck zur Startseite Seitenbewertung sexgamefun sexgamefun.com Der Domain Name macht Sinn. Wir haben beim Spielen Spa\u00df und wir haben geilen Spa\u00df beim Ficken. Stell dir mal vor wie viel Spa\u00df wir haben wenn wir online Sex Spiele spielen. Daher, lass uns SexGameFun.com besuchen und sehen wie gut es ist. Willkommen auf diesem Portal, einem Porno <a href='https:\/\/www.thepornlist.net\/de\/best-sex-games\/sexgamefun\/' class='excerpt-more'>[&#8230;]<\/a><\/p>\n","protected":false},"author":1,"featured_media":0,"parent":9853,"menu_order":27750,"comment_status":"closed","ping_status":"closed","template":"0-autofill-tpl-template.php","meta":{"_acf_changed":false,"footnotes":""},"tags":[],"acf":[],"aioseo_notices":[],"_links":{"self":[{"href":"https:\/\/www.thepornlist.net\/de\/wp-json\/wp\/v2\/pages\/9841"}],"collection":[{"href":"https:\/\/www.thepornlist.net\/de\/wp-json\/wp\/v2\/pages"}],"about":[{"href":"https:\/\/www.thepornlist.net\/de\/wp-json\/wp\/v2\/types\/page"}],"author":[{"embeddable":true,"href":"https:\/\/www.thepornlist.net\/de\/wp-json\/wp\/v2\/users\/1"}],"replies":[{"embeddable":true,"href":"https:\/\/www.thepornlist.net\/de\/wp-json\/wp\/v2\/comments?post=9841"}],"version-history":[{"count":0,"href":"https:\/\/www.thepornlist.net\/de\/wp-json\/wp\/v2\/pages\/9841\/revisions"}],"up":[{"embeddable":true,"href":"https:\/\/www.thepornlist.net\/de\/wp-json\/wp\/v2\/pages\/9853"}],"wp:attachment":[{"href":"https:\/\/www.thepornlist.net\/de\/wp-json\/wp\/v2\/media?parent=9841"}],"wp:term":[{"taxonomy":"post_tag","embeddable":true,"href":"https:\/\/www.thepornlist.net\/de\/wp-json\/wp\/v2\/tags?post=9841"}],"curies":[{"name":"wp","href":"https:\/\/api.w.org\/{rel}","templated":true}]}}