{"id":9843,"date":"2016-04-11T10:17:19","date_gmt":"2016-04-11T10:17:19","guid":{"rendered":"https:\/\/www.thepornlist.net\/de\/sexyfuckgames\/"},"modified":"2019-05-24T12:26:38","modified_gmt":"2019-05-24T12:26:38","slug":"sexyfuckgames","status":"publish","type":"page","link":"https:\/\/www.thepornlist.net\/de\/best-sex-games\/sexyfuckgames\/","title":{"rendered":"sexyfuckgames.com"},"content":{"rendered":"<div class=\"pb\">\n<div class=\"hd\">\n<a href=\"https:\/\/www.thepornlist.net\/de\/\" base target=\"_self\">Zur\u00fcck zur Startseite<\/a>\n<\/div>\n<div class=\"hd2\">\n<span style=\"font-style:normal;font-weight:bold;\">Seitenbewertung<\/span>\n<\/div>\n<\/div>\n<div style=\"width:100%; margin-left:auto; margin-right:auto; clear:both;z-index:1; padding-top:5px; border-radius: 2px;\">\n<div class=\"reviewimg\">\n<p><a href=\"https:\/\/www.sexyfuckgames.com\/\" base target=\"_self\"><img decoding=\"async\" src=\"https:\/\/www.thepornlist.net\/wp-content\/uploads\/2015\/review\/sexyfuckgames.jpg\" width=\"500\" height=\"500\" alt=\"Porn Tube\"><\/a><\/p>\n<\/div>\n<div class=\"reviewtitle\">\n<h1 style=\"font-family:Arial;font-size:56px;font-style:normal;font-weight:bold;color:#FF1F78;\">sexyfuckgames<\/h1>\n<\/div>\n<div class=\"reviewsub\">\n<h2 style=\"font-size:14px;font-style:normal;font-weight:bold;\">sexyfuckgames.com<\/H2>\n<\/div>\n<div class=\"reviewtext\">\n<span style=\"font-size:16px;font-style:normal;\">Um es mit anderen Worten zu sagen, diese Webseite wird dir sexy Spiele mit ficken bieten. Es ist ein Portal f\u00fcr Porno Spiele und es hat all die kleinen Flash Spiele f\u00fcr Erwachsene, die du genie\u00dfen kannst. Willkommen bei SexyFuckGames.com! Was ich wirklich mag, das ist ihr Navigationsmen\u00fc, das sich in der Seitenleiste befindet. Dies sind die Optionen, die dort verf\u00fcgbar sind: am meisten sexy Spiele, Alle Sex Spiele und Zuf\u00e4llig ausgew\u00e4hltes Sex Spiel wenn du abenteuerlustig genug bist um hier zu klicken. Auch dort, in der Seitenleiste, wirst du ihre Top 3 Sex Spiele und ihre Fickvideos sehen. Ja, sie teilen Clips aber sie hosten sie nicht. Sie werden dir Vorschaubilder und Titel geben und wenn du darauf klickst, wirst du zu der Webseite weitergeleitet werden, auf der sich das Video befindet. Wenn du nach etwas Speziellem suchen willst, kannst du den Kasten mit der Suchfunktion verwenden. Aber nach was willst du hier suchen?<\/br><\/p>\n<p>Sie haben B\u00e4nde anstelle von Seiten und du kannst zwischen diesen B\u00e4nden browsen indem du das Men\u00fc benutzt, das sich in der N\u00e4he der Fu\u00dfleiste befindet. Sie haben sogar eine Twitter Seite und einen Tumblr Blog, die du dir ansehen kannst. Frage mich nicht nach der Anzahl der Follower! Besuche SexyFuckGames.com und genie\u00dfe einige wirklich gute Flash Spiele.<br \/>\n<\/span>\n<\/div>\n<div class=\"reviewsiteurl\">\n<a href=\"https:\/\/www.sexyfuckgames.com\/\" base target=\"_self\"><span style=\"font-size:32px;font-style:normal;font-weight:bold;text-decoration:underline;\">Hier klicken, um die webseite zu besuchen <\/span><\/a>\n<\/div>\n<\/div>\n","protected":false},"excerpt":{"rendered":"<p>Zur\u00fcck zur Startseite Seitenbewertung sexyfuckgames sexyfuckgames.com Um es mit anderen Worten zu sagen, diese Webseite wird dir sexy Spiele mit ficken bieten. Es ist ein Portal f\u00fcr Porno Spiele und es hat all die kleinen Flash Spiele f\u00fcr Erwachsene, die du genie\u00dfen kannst. Willkommen bei SexyFuckGames.com! Was ich wirklich mag, das ist ihr Navigationsmen\u00fc, das <a href='https:\/\/www.thepornlist.net\/de\/best-sex-games\/sexyfuckgames\/' class='excerpt-more'>[&#8230;]<\/a><\/p>\n","protected":false},"author":1,"featured_media":0,"parent":9853,"menu_order":21210,"comment_status":"closed","ping_status":"closed","template":"0-autofill-tpl-template.php","meta":{"_acf_changed":false,"footnotes":""},"tags":[],"acf":[],"aioseo_notices":[],"_links":{"self":[{"href":"https:\/\/www.thepornlist.net\/de\/wp-json\/wp\/v2\/pages\/9843"}],"collection":[{"href":"https:\/\/www.thepornlist.net\/de\/wp-json\/wp\/v2\/pages"}],"about":[{"href":"https:\/\/www.thepornlist.net\/de\/wp-json\/wp\/v2\/types\/page"}],"author":[{"embeddable":true,"href":"https:\/\/www.thepornlist.net\/de\/wp-json\/wp\/v2\/users\/1"}],"replies":[{"embeddable":true,"href":"https:\/\/www.thepornlist.net\/de\/wp-json\/wp\/v2\/comments?post=9843"}],"version-history":[{"count":0,"href":"https:\/\/www.thepornlist.net\/de\/wp-json\/wp\/v2\/pages\/9843\/revisions"}],"up":[{"embeddable":true,"href":"https:\/\/www.thepornlist.net\/de\/wp-json\/wp\/v2\/pages\/9853"}],"wp:attachment":[{"href":"https:\/\/www.thepornlist.net\/de\/wp-json\/wp\/v2\/media?parent=9843"}],"wp:term":[{"taxonomy":"post_tag","embeddable":true,"href":"https:\/\/www.thepornlist.net\/de\/wp-json\/wp\/v2\/tags?post=9843"}],"curies":[{"name":"wp","href":"https:\/\/api.w.org\/{rel}","templated":true}]}}