{"id":9844,"date":"2016-04-11T10:17:15","date_gmt":"2016-04-11T10:17:15","guid":{"rendered":"https:\/\/www.thepornlist.net\/de\/mysexgames\/"},"modified":"2021-11-22T10:42:20","modified_gmt":"2021-11-22T10:42:20","slug":"mysexgames","status":"publish","type":"page","link":"https:\/\/www.thepornlist.net\/de\/best-sex-games\/mysexgames\/","title":{"rendered":"mysexgames.com"},"content":{"rendered":"<div class=\"pb\">\n<div class=\"hd\">\n<a href=\"https:\/\/www.thepornlist.net\/de\/\" base target=\"_self\" rel=\"noopener noreferrer\">Zur\u00fcck zur Startseite<\/a>\n<\/div>\n<div class=\"hd2\">\n<span style=\"font-style:normal;font-weight:bold;\">Seitenbewertung<\/span>\n<\/div>\n<\/div>\n<div style=\"width:100%; margin-left:auto; margin-right:auto; clear:both;z-index:1; padding-top:5px; border-radius: 2px;\">\n<div class=\"reviewimg\">\n<p><a href=\"https:\/\/mysexgames.com\/?partner=t54263\" base target=\"_self\" rel=\"noopener noreferrer\"><img decoding=\"async\" src=\"https:\/\/www.thepornlist.net\/wp-content\/uploads\/2015\/review\/mysexgames.jpg\" width=\"500\" height=\"500\" alt=\"Porn Tube\"><\/a><\/p>\n<\/div>\n<div class=\"reviewtitle\">\n<h1 style=\"font-family:Arial;font-size:56px;font-style:normal;font-weight:bold;color:#FF1F78;\">mysexgames<\/h1>\n<\/div>\n<div class=\"reviewsub\">\n<h2 style=\"font-size:14px;font-style:normal;font-weight:bold;\">mysexgames.com<\/H2>\n<\/div>\n<div class=\"reviewtext\">\n<span style=\"font-size:16px;font-style:normal;\">Das Leben w\u00e4re leer ohne Spiele! Und ohne Sex nat\u00fcrlich. Und das Leben w\u00e4re sogar noch leerer ohne Sex Spiele. Porno ist \u00fcberall und es ist absolut normal ihn auch in der Spiele Industrie zu finden. Und es gibt passionierte Spiele hier und da, nicht solche Mainstream Sachen mit etwas erotischem Zeugs. Willkommen bei MySexGames.com, einem Portal f\u00fcr Porno Spiele auf dem du deine Freizeit mit wunderbaren kleinen Flash Spielen verbringen kannst. Verbringe keine Zeit mit deiner Frau, sie verdient es nicht! Spiele lieber Porno Spiele stattdessen!<\/br><\/p>\n<p>Alle neuen Spiele warten auf der Homepage auf dich und du kannst das \u00e4ndern in die am besten bewertete, Action, Abenteuer, Puzzle, Verkleiden und Cartoon. Insgesamt haben sie, zu diesem zeitpunkt, 665 Spiele und das bedeutet, dass du eine Menge Spa\u00df haben wirst, Cowboy! Das Seitenmen\u00fc befindet sich in der N\u00e4he der Kopfzeile und in der N\u00e4he der Fu\u00dfleiste. Sie sagen, dass sie die gr\u00f6\u00dfte Sammlung von kostenlosen Sex Spielen im Internet haben und dass sie 1 Spiel pro Woche hinzuf\u00fcgen werden. Einige Spiele werden Bilder mit echten Frauen zeigen und einige werden Cartoons haben. Besuch MySexGames und mache einen Probelauf!<br \/>\n<\/span>\n<\/div>\n<div class=\"reviewsiteurl\">\n<a href=\"https:\/\/mysexgames.com\/?partner=t54263\" base target=\"_self\" rel=\"noopener noreferrer\"><span style=\"font-size:32px;font-style:normal;font-weight:bold;text-decoration:underline;\">Hier klicken, um die webseite zu besuchen <\/span><\/a>\n<\/div>\n<\/div>\n","protected":false},"excerpt":{"rendered":"<p>Zur\u00fcck zur Startseite Seitenbewertung mysexgames mysexgames.com Das Leben w\u00e4re leer ohne Spiele! Und ohne Sex nat\u00fcrlich. Und das Leben w\u00e4re sogar noch leerer ohne Sex Spiele. Porno ist \u00fcberall und es ist absolut normal ihn auch in der Spiele Industrie zu finden. Und es gibt passionierte Spiele hier und da, nicht solche Mainstream Sachen mit <a href='https:\/\/www.thepornlist.net\/de\/best-sex-games\/mysexgames\/' class='excerpt-more'>[&#8230;]<\/a><\/p>\n","protected":false},"author":1,"featured_media":0,"parent":9853,"menu_order":24250,"comment_status":"closed","ping_status":"closed","template":"0-autofill-tpl-template.php","meta":{"_acf_changed":false,"footnotes":""},"tags":[],"acf":[],"aioseo_notices":[],"_links":{"self":[{"href":"https:\/\/www.thepornlist.net\/de\/wp-json\/wp\/v2\/pages\/9844"}],"collection":[{"href":"https:\/\/www.thepornlist.net\/de\/wp-json\/wp\/v2\/pages"}],"about":[{"href":"https:\/\/www.thepornlist.net\/de\/wp-json\/wp\/v2\/types\/page"}],"author":[{"embeddable":true,"href":"https:\/\/www.thepornlist.net\/de\/wp-json\/wp\/v2\/users\/1"}],"replies":[{"embeddable":true,"href":"https:\/\/www.thepornlist.net\/de\/wp-json\/wp\/v2\/comments?post=9844"}],"version-history":[{"count":0,"href":"https:\/\/www.thepornlist.net\/de\/wp-json\/wp\/v2\/pages\/9844\/revisions"}],"up":[{"embeddable":true,"href":"https:\/\/www.thepornlist.net\/de\/wp-json\/wp\/v2\/pages\/9853"}],"wp:attachment":[{"href":"https:\/\/www.thepornlist.net\/de\/wp-json\/wp\/v2\/media?parent=9844"}],"wp:term":[{"taxonomy":"post_tag","embeddable":true,"href":"https:\/\/www.thepornlist.net\/de\/wp-json\/wp\/v2\/tags?post=9844"}],"curies":[{"name":"wp","href":"https:\/\/api.w.org\/{rel}","templated":true}]}}