{"id":9845,"date":"2016-04-11T10:17:11","date_gmt":"2016-04-11T10:17:11","guid":{"rendered":"https:\/\/www.thepornlist.net\/de\/wetpussygames\/"},"modified":"2019-05-17T08:15:11","modified_gmt":"2019-05-17T08:15:11","slug":"wetpussygames","status":"publish","type":"page","link":"https:\/\/www.thepornlist.net\/de\/best-sex-games\/wetpussygames\/","title":{"rendered":"wetpussygames.com"},"content":{"rendered":"<div class=\"pb\">\n<div class=\"hd\">\n<a href=\"https:\/\/www.thepornlist.net\/de\/\" base target=\"_self\">Zur\u00fcck zur Startseite<\/a>\n<\/div>\n<div class=\"hd2\">\n<span style=\"font-style:normal;font-weight:bold;\">Seitenbewertung<\/span>\n<\/div>\n<\/div>\n<div style=\"width:100%; margin-left:auto; margin-right:auto; clear:both;z-index:1; padding-top:5px; border-radius: 2px;\">\n<div class=\"reviewimg\">\n<p><a href=\"https:\/\/wetpussygames.com\/\" base target=\"_self\"><img decoding=\"async\" src=\"https:\/\/www.thepornlist.net\/wp-content\/uploads\/2015\/review\/wetpussygames.jpg\" width=\"500\" height=\"500\" alt=\"Porn Tube\"><\/a><\/p>\n<\/div>\n<div class=\"reviewtitle\">\n<h1 style=\"font-family:Arial;font-size:56px;font-style:normal;font-weight:bold;color:#FF1F78;\">wetpussygames<\/h1>\n<\/div>\n<div class=\"reviewsub\">\n<h2 style=\"font-size:14px;font-style:normal;font-weight:bold;\">wetpussygames.com<\/H2>\n<\/div>\n<div class=\"reviewtext\">\n<span style=\"font-size:16px;font-style:normal;\">Bevor ich mir WetPussyGames angesehen habe, war ich nicht ganz sicher, was ich mir unter dem Domain Namen vorstellen sollte. Es ist ein Portal f\u00fcr Porno Spiele wo ich Spiele spielen kann in denen ich nasse Muschis sehen werde? Oder brauche ich eine nasse Muschi neben mir um zu spielen? Oder wird es meine Freundin nass machen wenn ich hier interagiere? Verwirrst habe ich die Seite besucht und diese Beschreibung haben meine Augen gesehen: \u201eWillkommen bei Wet Pussy Games, dem Zuhause von hochwertigen Hentai Spielen, Videos und Cartoons. Alle Hentai Inhalte sind absolut kostenlos. WetPussyGames.com ist dein richtiger Ort f\u00fcr alle deine Hentai Pornos, die du brauchst! Bitte vergiss nicht bei uns ein Lesezeichen zu setzen (Dr\u00fccke dazu CTRL + D)\u201c. Ah, jetzt ist alles klar, habe ich zu mir selbst gesagt. Ich wei\u00df wo ich bin, was ich hier mache und was ich bekommen werde.<\/br> <\/p>\n<p>Willkommen bei WetPussyGames! \u00dcber die Seitenleiste kannst du Flash Porno Spiele aus diesen Nischen ausw\u00e4hlen: Hentai Spiele f\u00fcr Erwachsene, Action, Abenteuer, Spielhalle, BDSM, Verkleidung und 3D Sex Spiele. Au\u00dfer den Spielen bekommst du auch noch Cartoons f\u00fcr Erwachsene, Hentai Filme und einige Hentai Sachen f\u00fcr dein mobiles Endger\u00e4t, wenn du unterwegs bist. Betritt WetPussyGames und genie\u00dfe!<br \/>\n<\/span>\n<\/div>\n<div class=\"reviewsiteurl\">\n<a href=\"https:\/\/wetpussygames.com\/\" base target=\"_self\"><span style=\"font-size:32px;font-style:normal;font-weight:bold;text-decoration:underline;\">Hier klicken, um die webseite zu besuchen <\/span><\/a>\n<\/div>\n<\/div>\n","protected":false},"excerpt":{"rendered":"<p>Zur\u00fcck zur Startseite Seitenbewertung wetpussygames wetpussygames.com Bevor ich mir WetPussyGames angesehen habe, war ich nicht ganz sicher, was ich mir unter dem Domain Namen vorstellen sollte. Es ist ein Portal f\u00fcr Porno Spiele wo ich Spiele spielen kann in denen ich nasse Muschis sehen werde? Oder brauche ich eine nasse Muschi neben mir um zu <a href='https:\/\/www.thepornlist.net\/de\/best-sex-games\/wetpussygames\/' class='excerpt-more'>[&#8230;]<\/a><\/p>\n","protected":false},"author":1,"featured_media":0,"parent":9853,"menu_order":18110,"comment_status":"closed","ping_status":"closed","template":"0-autofill-tpl-template.php","meta":{"_acf_changed":false,"footnotes":""},"tags":[],"acf":[],"aioseo_notices":[],"_links":{"self":[{"href":"https:\/\/www.thepornlist.net\/de\/wp-json\/wp\/v2\/pages\/9845"}],"collection":[{"href":"https:\/\/www.thepornlist.net\/de\/wp-json\/wp\/v2\/pages"}],"about":[{"href":"https:\/\/www.thepornlist.net\/de\/wp-json\/wp\/v2\/types\/page"}],"author":[{"embeddable":true,"href":"https:\/\/www.thepornlist.net\/de\/wp-json\/wp\/v2\/users\/1"}],"replies":[{"embeddable":true,"href":"https:\/\/www.thepornlist.net\/de\/wp-json\/wp\/v2\/comments?post=9845"}],"version-history":[{"count":0,"href":"https:\/\/www.thepornlist.net\/de\/wp-json\/wp\/v2\/pages\/9845\/revisions"}],"up":[{"embeddable":true,"href":"https:\/\/www.thepornlist.net\/de\/wp-json\/wp\/v2\/pages\/9853"}],"wp:attachment":[{"href":"https:\/\/www.thepornlist.net\/de\/wp-json\/wp\/v2\/media?parent=9845"}],"wp:term":[{"taxonomy":"post_tag","embeddable":true,"href":"https:\/\/www.thepornlist.net\/de\/wp-json\/wp\/v2\/tags?post=9845"}],"curies":[{"name":"wp","href":"https:\/\/api.w.org\/{rel}","templated":true}]}}