{"id":9846,"date":"2016-04-11T10:15:20","date_gmt":"2016-04-11T10:15:20","guid":{"rendered":"https:\/\/www.thepornlist.net\/de\/sexgames\/"},"modified":"2019-05-17T08:15:27","modified_gmt":"2019-05-17T08:15:27","slug":"sexgames","status":"publish","type":"page","link":"https:\/\/www.thepornlist.net\/de\/best-sex-games\/sexgames\/","title":{"rendered":"sexgames.cc"},"content":{"rendered":"<div class=\"pb\">\n<div class=\"hd\">\n<a href=\"https:\/\/www.thepornlist.net\/de\/\" base target=\"_self\">Zur\u00fcck zur Startseite<\/a>\n<\/div>\n<div class=\"hd2\">\n<span style=\"font-style:normal;font-weight:bold;\">Seitenbewertung<\/span>\n<\/div>\n<\/div>\n<div style=\"width:100%; margin-left:auto; margin-right:auto; clear:both;z-index:1; padding-top:5px; border-radius: 2px;\">\n<div class=\"reviewimg\">\n<p><a href=\"https:\/\/www.sexgames.cc\/\" base target=\"_self\"><img decoding=\"async\" src=\"https:\/\/www.thepornlist.net\/wp-content\/uploads\/2015\/review\/sexgames.jpg\" width=\"500\" height=\"500\" alt=\"Porn Tube\"><\/a><\/p>\n<\/div>\n<div class=\"reviewtitle\">\n<h1 style=\"font-family:Arial;font-size:56px;font-style:normal;font-weight:bold;color:#FF1F78;\">sexgames<\/h1>\n<\/div>\n<div class=\"reviewsub\">\n<h2 style=\"font-size:14px;font-style:normal;font-weight:bold;\">sexgames.cc<\/H2>\n<\/div>\n<div class=\"reviewtext\">\n<span style=\"font-size:16px;font-style:normal;\">SexGames.cc sieht aus wie eine Webseite, die von jemandem gemacht wurde, der als Hobby Spiele f\u00fcr Erwachsene sammelt. Es gibt dort kein professionelles Layout oder eine professionelle Beschreibung, die dich denken lassen k\u00f6nnte, dass ein Unternehmen diesen Ort betreibt. \u00dcberhaupt nicht! Lass mich dir die Beschreibung zeigen, die du auf der Homepage finden wirst sobald du sie betrittst, damit du verstehst was ich versuche auszudr\u00fccken: \u201eWillkommen auf meiner Seite mit Sex Spielen. Du wirst hier die besten kostenlosen Sex Spiele f\u00fcr dein vergn\u00fcgen finden. Ich mache oft Updates, also vergiss nicht bald wieder zu kommen. Genie\u00dfe!\u201c. Darunter werden die Spiele anfangen. Ich denke, dass du die letzten Updates bekommst, aber ich bin nicht wirklich sicher denn nirgendwo gibt es ein Datum.<\/br><\/p>\n<p>Jedes Spiel hat ein kleines Vorschaubild und eine Beschreibung. Wenn du scrollst bis du die Fu\u00dfleiste erreicht hast, erlebst du eine \u00dcberraschung. Es gibt kein Seiten Men\u00fc, so dass ich nicht wei\u00df, ob diese Webseite nur eine Seite hat oder ob sie irgendwo eine versteckte Option hat um zwischen den Seiten zu browsen. Ich habe ein paar Sex Spiele auf SexGames.cc ausprobiert und ich war ziemlich beeindruckt, was ich gesehen habe! Besuche SexGames und probiere ihre geilen Spiele!<br \/>\n<\/span>\n<\/div>\n<div class=\"reviewsiteurl\">\n<a href=\"https:\/\/www.sexgames.cc\/\" base target=\"_self\"><span style=\"font-size:32px;font-style:normal;font-weight:bold;text-decoration:underline;\">Hier klicken, um die webseite zu besuchen <\/span><\/a>\n<\/div>\n<\/div>\n","protected":false},"excerpt":{"rendered":"<p>Zur\u00fcck zur Startseite Seitenbewertung sexgames sexgames.cc SexGames.cc sieht aus wie eine Webseite, die von jemandem gemacht wurde, der als Hobby Spiele f\u00fcr Erwachsene sammelt. Es gibt dort kein professionelles Layout oder eine professionelle Beschreibung, die dich denken lassen k\u00f6nnte, dass ein Unternehmen diesen Ort betreibt. \u00dcberhaupt nicht! Lass mich dir die Beschreibung zeigen, die du <a href='https:\/\/www.thepornlist.net\/de\/best-sex-games\/sexgames\/' class='excerpt-more'>[&#8230;]<\/a><\/p>\n","protected":false},"author":1,"featured_media":0,"parent":9853,"menu_order":27270,"comment_status":"closed","ping_status":"closed","template":"0-autofill-tpl-template.php","meta":{"_acf_changed":false,"footnotes":""},"tags":[],"acf":[],"aioseo_notices":[],"_links":{"self":[{"href":"https:\/\/www.thepornlist.net\/de\/wp-json\/wp\/v2\/pages\/9846"}],"collection":[{"href":"https:\/\/www.thepornlist.net\/de\/wp-json\/wp\/v2\/pages"}],"about":[{"href":"https:\/\/www.thepornlist.net\/de\/wp-json\/wp\/v2\/types\/page"}],"author":[{"embeddable":true,"href":"https:\/\/www.thepornlist.net\/de\/wp-json\/wp\/v2\/users\/1"}],"replies":[{"embeddable":true,"href":"https:\/\/www.thepornlist.net\/de\/wp-json\/wp\/v2\/comments?post=9846"}],"version-history":[{"count":0,"href":"https:\/\/www.thepornlist.net\/de\/wp-json\/wp\/v2\/pages\/9846\/revisions"}],"up":[{"embeddable":true,"href":"https:\/\/www.thepornlist.net\/de\/wp-json\/wp\/v2\/pages\/9853"}],"wp:attachment":[{"href":"https:\/\/www.thepornlist.net\/de\/wp-json\/wp\/v2\/media?parent=9846"}],"wp:term":[{"taxonomy":"post_tag","embeddable":true,"href":"https:\/\/www.thepornlist.net\/de\/wp-json\/wp\/v2\/tags?post=9846"}],"curies":[{"name":"wp","href":"https:\/\/api.w.org\/{rel}","templated":true}]}}