{"id":9847,"date":"2016-04-11T10:15:01","date_gmt":"2016-04-11T10:15:01","guid":{"rendered":"https:\/\/www.thepornlist.net\/de\/adult-sex-games\/"},"modified":"2019-05-24T12:31:18","modified_gmt":"2019-05-24T12:31:18","slug":"adult-sex-games","status":"publish","type":"page","link":"https:\/\/www.thepornlist.net\/de\/best-sex-games\/adult-sex-games\/","title":{"rendered":"adult-sex-games.com"},"content":{"rendered":"<div class=\"pb\">\n<div class=\"hd\">\n<a href=\"https:\/\/www.thepornlist.net\/de\/\" base target=\"_self\">Zur\u00fcck zur Startseite<\/a>\n<\/div>\n<div class=\"hd2\">\n<span style=\"font-style:normal;font-weight:bold;\">Seitenbewertung<\/span>\n<\/div>\n<\/div>\n<div style=\"width:100%; margin-left:auto; margin-right:auto; clear:both;z-index:1; padding-top:5px; border-radius: 2px;\">\n<div class=\"reviewimg\">\n<p><a href=\"https:\/\/adult-sex-games.com\/\" base target=\"_self\"><img decoding=\"async\" src=\"https:\/\/www.thepornlist.net\/wp-content\/uploads\/2015\/review\/adult-sex-games.jpg\" width=\"500\" height=\"500\" alt=\"Porn Tube\"><\/a><\/p>\n<\/div>\n<div class=\"reviewtitle\">\n<h1 style=\"font-family:Arial;font-size:56px;font-style:normal;font-weight:bold;color:#FF1F78;\">adult-sex-games<\/h1>\n<\/div>\n<div class=\"reviewsub\">\n<h2 style=\"font-size:14px;font-style:normal;font-weight:bold;\">adult-sex-games.com<\/H2>\n<\/div>\n<div class=\"reviewtext\">\n<span style=\"font-size:16px;font-style:normal;\">Es gibt eine Menge Webseiten mit Sex Spielen aber wenn es um Spiele und um Sex geht, k\u00f6nnen wir nie genug Ziele haben! Sogar noch mehr denn wir k\u00f6nnen nie genug Ziele mit einer Mischung aus ficken und spielen haben! Daher werde ich heute noch ein anderes wundervolles Portal f\u00fcr Sex Spiele mit dir teilen, wo du Unmengen an Flash Ver\u00f6ffentlichungen bekommen wirst. Willkommen bei Adult-Sex-Games.com! Ihre eigenen Worte lauten so: \u201eGro\u00dfartige Spiele f\u00fcr Erwachsene und Sex Spiele warten auf dich. Also mach weiter und fange an unsere tolle Sammlung an Sex Spielen f\u00fcr Erwachsene zu spielen\u201c.<\/br><\/p>\n<p>Das Layout hat ein Template in pink und in der N\u00e4he der Kopfleiste hast du das Seitenmen\u00fc von wo aus du durch all das gute Zeug browsen kannst. Die Seite f\u00e4ngt mit der Navigationsleiste an und gibt der Optionen f\u00fcr exklusive Spiele, Top bewertete, am meisten gespielte, Video Playbacks und mehr. Im Bereich mit den Video Playbacks hast du Videos aus den Spielen und den Link zu dem speziellen Spiel, um es spielen zu k\u00f6nnen. Interessant! Du kannst diese Clips auf Twitter teilen oder sie auf Tumblr posten. Deine Familie kann sicher nicht abwarten zu sehen, welche neuen Sex Spiele du gefunden hast! Besuch Adult-Sex-Games und schau es dir an!<br \/>\n<\/span>\n<\/div>\n<div class=\"reviewsiteurl\">\n<a href=\"https:\/\/adult-sex-games.com\/\" base target=\"_self\"><span style=\"font-size:32px;font-style:normal;font-weight:bold;text-decoration:underline;\">Hier klicken, um die webseite zu besuchen <\/span><\/a>\n<\/div>\n<\/div>\n","protected":false},"excerpt":{"rendered":"<p>Zur\u00fcck zur Startseite Seitenbewertung adult-sex-games adult-sex-games.com Es gibt eine Menge Webseiten mit Sex Spielen aber wenn es um Spiele und um Sex geht, k\u00f6nnen wir nie genug Ziele haben! Sogar noch mehr denn wir k\u00f6nnen nie genug Ziele mit einer Mischung aus ficken und spielen haben! Daher werde ich heute noch ein anderes wundervolles Portal <a href='https:\/\/www.thepornlist.net\/de\/best-sex-games\/adult-sex-games\/' class='excerpt-more'>[&#8230;]<\/a><\/p>\n","protected":false},"author":1,"featured_media":0,"parent":9853,"menu_order":26350,"comment_status":"closed","ping_status":"closed","template":"0-autofill-tpl-template.php","meta":{"_acf_changed":false,"footnotes":""},"tags":[],"acf":[],"aioseo_notices":[],"_links":{"self":[{"href":"https:\/\/www.thepornlist.net\/de\/wp-json\/wp\/v2\/pages\/9847"}],"collection":[{"href":"https:\/\/www.thepornlist.net\/de\/wp-json\/wp\/v2\/pages"}],"about":[{"href":"https:\/\/www.thepornlist.net\/de\/wp-json\/wp\/v2\/types\/page"}],"author":[{"embeddable":true,"href":"https:\/\/www.thepornlist.net\/de\/wp-json\/wp\/v2\/users\/1"}],"replies":[{"embeddable":true,"href":"https:\/\/www.thepornlist.net\/de\/wp-json\/wp\/v2\/comments?post=9847"}],"version-history":[{"count":0,"href":"https:\/\/www.thepornlist.net\/de\/wp-json\/wp\/v2\/pages\/9847\/revisions"}],"up":[{"embeddable":true,"href":"https:\/\/www.thepornlist.net\/de\/wp-json\/wp\/v2\/pages\/9853"}],"wp:attachment":[{"href":"https:\/\/www.thepornlist.net\/de\/wp-json\/wp\/v2\/media?parent=9847"}],"wp:term":[{"taxonomy":"post_tag","embeddable":true,"href":"https:\/\/www.thepornlist.net\/de\/wp-json\/wp\/v2\/tags?post=9847"}],"curies":[{"name":"wp","href":"https:\/\/api.w.org\/{rel}","templated":true}]}}