{"id":9849,"date":"2016-04-11T10:13:06","date_gmt":"2016-04-11T10:13:06","guid":{"rendered":"https:\/\/www.thepornlist.net\/de\/hornygamer\/"},"modified":"2019-05-24T12:29:54","modified_gmt":"2019-05-24T12:29:54","slug":"hornygamer","status":"publish","type":"page","link":"https:\/\/www.thepornlist.net\/de\/best-sex-games\/hornygamer\/","title":{"rendered":"hornygamer.com"},"content":{"rendered":"<div class=\"pb\">\n<div class=\"hd\">\n<a href=\"https:\/\/www.thepornlist.net\/de\/\" base target=\"_self\">Zur\u00fcck zur Startseite<\/a>\n<\/div>\n<div class=\"hd2\">\n<span style=\"font-style:normal;font-weight:bold;\">Seitenbewertung<\/span>\n<\/div>\n<\/div>\n<div style=\"width:100%; margin-left:auto; margin-right:auto; clear:both;z-index:1; padding-top:5px; border-radius: 2px;\">\n<div class=\"reviewimg\">\n<p><a href=\"http:\/\/www.hornygamer.com\/\" base target=\"_self\"><img decoding=\"async\" src=\"https:\/\/www.thepornlist.net\/wp-content\/uploads\/2015\/review\/hornygamer.jpg\" width=\"500\" height=\"500\" alt=\"Porn Tube\"><\/a><\/p>\n<\/div>\n<div class=\"reviewtitle\">\n<h1 style=\"font-family:Arial;font-size:56px;font-style:normal;font-weight:bold;color:#FF1F78;\">hornygamer<\/h1>\n<\/div>\n<div class=\"reviewsub\">\n<h2 style=\"font-size:14px;font-style:normal;font-weight:bold;\">hornygamer.com<\/H2>\n<\/div>\n<div class=\"reviewtext\">\n<span style=\"font-size:16px;font-style:normal;\">Ich rufe alle geilen Spieler! Geile Spieler werden hier erwartet um diese Bewertung zu lesen! Willkommen bei HornyGamer.com einem Portal wo du kleine Flash Spiele f\u00fcr Erwachsene spielen k\u00f6nnen wirst, die dich vergessen lassen, welcher Tag heute ist. Und wie deine Frau hei\u00dft. Oder sogar ob du verheiratet bist!<\/br><\/p>\n<p>Willkommen bei HornyGamer! Es beginnt mit den letzten Updates auf der Homepage. So weit ich sehen kann, haben sie zum jetzigen Zeitpunkt 10 Seiten voll mit Porno Spielen. Auf jeder Seite wirst du zwei Reihen voll mit Spa\u00df finden. Scrolle bis du die Fu\u00dfleiste erreichst oder greife auf die Seitenleiste zu um zwischen den Seiten hin und her h\u00fcpfen zu k\u00f6nnen. Lass mich mit dir 2 Beschreibungen von 2 zuf\u00e4llig ausgew\u00e4hlten Spielen, die hier hinzugef\u00fcgt wurden, teilen. Nummer eins: \u201eTotal hei\u00dfes blondes Babe ist eine super Schlampe, die einfach nur alle Schw\u00e4nze auf einmal will! Du und deine Kumpel, ihr k\u00f6nnt helfen, oder? Spiele durch alle Szenen des echten Videos und schau ihr zu wie sie von gro\u00dfen wei\u00dfen Schw\u00e4nzen fertig gemacht wird!\u201c. Nummer zwei:\u201cTifa liebt es von hinten in einer sch\u00e4bigen Bar. Lass ihre Tr\u00e4ume wahr werden und ficke sie bis sie nicht mehr kann! Du magst es doch hei\u00dfe Girls zu ficken, oder?\u201c. Besuche HornyGamer um zu spielen!<br \/>\n<\/span>\n<\/div>\n<div class=\"reviewsiteurl\">\n<a href=\"http:\/\/www.hornygamer.com\/\" base target=\"_self\"><span style=\"font-size:32px;font-style:normal;font-weight:bold;text-decoration:underline;\">Hier klicken, um die webseite zu besuchen <\/span><\/a>\n<\/div>\n<\/div>\n","protected":false},"excerpt":{"rendered":"<p>Zur\u00fcck zur Startseite Seitenbewertung hornygamer hornygamer.com Ich rufe alle geilen Spieler! Geile Spieler werden hier erwartet um diese Bewertung zu lesen! Willkommen bei HornyGamer.com einem Portal wo du kleine Flash Spiele f\u00fcr Erwachsene spielen k\u00f6nnen wirst, die dich vergessen lassen, welcher Tag heute ist. Und wie deine Frau hei\u00dft. Oder sogar ob du verheiratet bist! <a href='https:\/\/www.thepornlist.net\/de\/best-sex-games\/hornygamer\/' class='excerpt-more'>[&#8230;]<\/a><\/p>\n","protected":false},"author":1,"featured_media":0,"parent":9853,"menu_order":25890,"comment_status":"closed","ping_status":"closed","template":"0-autofill-tpl-template.php","meta":{"_acf_changed":false,"footnotes":""},"tags":[],"acf":[],"aioseo_notices":[],"_links":{"self":[{"href":"https:\/\/www.thepornlist.net\/de\/wp-json\/wp\/v2\/pages\/9849"}],"collection":[{"href":"https:\/\/www.thepornlist.net\/de\/wp-json\/wp\/v2\/pages"}],"about":[{"href":"https:\/\/www.thepornlist.net\/de\/wp-json\/wp\/v2\/types\/page"}],"author":[{"embeddable":true,"href":"https:\/\/www.thepornlist.net\/de\/wp-json\/wp\/v2\/users\/1"}],"replies":[{"embeddable":true,"href":"https:\/\/www.thepornlist.net\/de\/wp-json\/wp\/v2\/comments?post=9849"}],"version-history":[{"count":0,"href":"https:\/\/www.thepornlist.net\/de\/wp-json\/wp\/v2\/pages\/9849\/revisions"}],"up":[{"embeddable":true,"href":"https:\/\/www.thepornlist.net\/de\/wp-json\/wp\/v2\/pages\/9853"}],"wp:attachment":[{"href":"https:\/\/www.thepornlist.net\/de\/wp-json\/wp\/v2\/media?parent=9849"}],"wp:term":[{"taxonomy":"post_tag","embeddable":true,"href":"https:\/\/www.thepornlist.net\/de\/wp-json\/wp\/v2\/tags?post=9849"}],"curies":[{"name":"wp","href":"https:\/\/api.w.org\/{rel}","templated":true}]}}