{"id":9852,"date":"2016-04-11T10:10:20","date_gmt":"2016-04-11T10:10:20","guid":{"rendered":"https:\/\/www.thepornlist.net\/de\/redlightcenter\/"},"modified":"2019-05-17T08:14:58","modified_gmt":"2019-05-17T08:14:58","slug":"redlightcenter","status":"publish","type":"page","link":"https:\/\/www.thepornlist.net\/de\/best-sex-games\/redlightcenter\/","title":{"rendered":"redlightcenter.com"},"content":{"rendered":"<div class=\"pb\">\n<div class=\"hd\">\n<a href=\"https:\/\/www.thepornlist.net\/de\/\" base target=\"_self\">Zur\u00fcck zur Startseite<\/a>\n<\/div>\n<div class=\"hd2\">\n<span style=\"font-style:normal;font-weight:bold;\">Seitenbewertung<\/span>\n<\/div>\n<\/div>\n<div style=\"width:100%; margin-left:auto; margin-right:auto; clear:both;z-index:1; padding-top:5px; border-radius: 2px;\">\n<div class=\"reviewimg\">\n<p><a href=\"http:\/\/www.redlightcenter.com\/?trq=169444\" base target=\"_self\"><img decoding=\"async\" src=\"https:\/\/www.thepornlist.net\/wp-content\/uploads\/2015\/review\/redlightcenter.jpg\" width=\"500\" height=\"500\" alt=\"Porn Tube\"><\/a><\/p>\n<\/div>\n<div class=\"reviewtitle\">\n<h1 style=\"font-family:Arial;font-size:56px;font-style:normal;font-weight:bold;color:#FF1F78;\">redlightcenter<\/h1>\n<\/div>\n<div class=\"reviewsub\">\n<h2 style=\"font-size:14px;font-style:normal;font-weight:bold;\">redlightcenter.com<\/H2>\n<\/div>\n<div class=\"reviewtext\">\n<span style=\"font-size:16px;font-style:normal;\">RedLightCenter.com &#8211; \u201eKomm in die gr\u00f6\u00dfte virtuelle Gemeinschaft f\u00fcr Erwachsene auf der ganzen Welt, die aus lauter echten. Lustigen und offenen Leuten besteht, die darauf warten jemanden wie dich zu treffen!\u201c. Und du kannst es kostenlos spielen. Du kannst ausw\u00e4hlen ob du m\u00e4nnlich oder weiblich bist, du hast ein paar Avatare aus denen du ausw\u00e4hlen kannst (du kannst sie sp\u00e4ter anpassen) und los geht es! Leider wirst du, wenn du die Homepage betrittst, keinerlei Details \u00fcber das Spiel bekommen, au\u00dfer der Zeile, die du bereits oben gesehen hast. Daher gebe ich dir die Einblicke, die du brauchst, um es zu besuchen und um einen Account anzumelden. Es ist ein virtuelles Gesellschaftsspiel ( Massen Mehrfachspieler Realit\u00e4t). Es ist nach Amsterdams Rotlichtbezirk aufgebaut.<\/br><\/p>\n<p>Es bietet virtuelle Nachtclubs, Hotels, Bars, Kinos und Gesch\u00e4fte. Es gibt eine virtuelle W\u00e4hrung, die Rays hei\u00dft, die Mitglieder verdienen und im Spiel benutzen k\u00f6nnen. Damit kannst du Apartments, Geschenke f\u00fcr andere Spieler und viele andere Dinge kaufen. Du kannst sie auch gegen eine echte W\u00e4hrung verkaufen. Und es ist eine 3D Welt. Oh, ich habe beinahe etwas vergessen \u2013 VIP Mitglieder k\u00f6nnen mit der Sex Funktion ein bisschen Spa\u00df haben. Jetzt kannst du RedLightCenter.com besuchen!<br \/>\n<\/span>\n<\/div>\n<div class=\"reviewsiteurl\">\n<a href=\"http:\/\/www.redlightcenter.com\/?trq=169444\" base target=\"_self\"><span style=\"font-size:32px;font-style:normal;font-weight:bold;text-decoration:underline;\">Hier klicken, um die webseite zu besuchen <\/span><\/a>\n<\/div>\n<\/div>\n","protected":false},"excerpt":{"rendered":"<p>Zur\u00fcck zur Startseite Seitenbewertung redlightcenter redlightcenter.com RedLightCenter.com &#8211; \u201eKomm in die gr\u00f6\u00dfte virtuelle Gemeinschaft f\u00fcr Erwachsene auf der ganzen Welt, die aus lauter echten. Lustigen und offenen Leuten besteht, die darauf warten jemanden wie dich zu treffen!\u201c. Und du kannst es kostenlos spielen. Du kannst ausw\u00e4hlen ob du m\u00e4nnlich oder weiblich bist, du hast ein <a href='https:\/\/www.thepornlist.net\/de\/best-sex-games\/redlightcenter\/' class='excerpt-more'>[&#8230;]<\/a><\/p>\n","protected":false},"author":1,"featured_media":0,"parent":9853,"menu_order":21910,"comment_status":"closed","ping_status":"closed","template":"0-autofill-tpl-template.php","meta":{"_acf_changed":false,"footnotes":""},"tags":[],"acf":[],"aioseo_notices":[],"_links":{"self":[{"href":"https:\/\/www.thepornlist.net\/de\/wp-json\/wp\/v2\/pages\/9852"}],"collection":[{"href":"https:\/\/www.thepornlist.net\/de\/wp-json\/wp\/v2\/pages"}],"about":[{"href":"https:\/\/www.thepornlist.net\/de\/wp-json\/wp\/v2\/types\/page"}],"author":[{"embeddable":true,"href":"https:\/\/www.thepornlist.net\/de\/wp-json\/wp\/v2\/users\/1"}],"replies":[{"embeddable":true,"href":"https:\/\/www.thepornlist.net\/de\/wp-json\/wp\/v2\/comments?post=9852"}],"version-history":[{"count":0,"href":"https:\/\/www.thepornlist.net\/de\/wp-json\/wp\/v2\/pages\/9852\/revisions"}],"up":[{"embeddable":true,"href":"https:\/\/www.thepornlist.net\/de\/wp-json\/wp\/v2\/pages\/9853"}],"wp:attachment":[{"href":"https:\/\/www.thepornlist.net\/de\/wp-json\/wp\/v2\/media?parent=9852"}],"wp:term":[{"taxonomy":"post_tag","embeddable":true,"href":"https:\/\/www.thepornlist.net\/de\/wp-json\/wp\/v2\/tags?post=9852"}],"curies":[{"name":"wp","href":"https:\/\/api.w.org\/{rel}","templated":true}]}}