{"id":9861,"date":"2016-04-10T20:58:12","date_gmt":"2016-04-10T20:58:12","guid":{"rendered":"https:\/\/www.thepornlist.net\/de\/analteenangels\/"},"modified":"2019-06-06T12:42:01","modified_gmt":"2019-06-06T12:42:01","slug":"analteenangels","status":"publish","type":"page","link":"https:\/\/www.thepornlist.net\/de\/teen-porn-list\/analteenangels\/","title":{"rendered":"analteenangels.com"},"content":{"rendered":"<div class=\"pb\">\n<div class=\"hd\">\n<a href=\"https:\/\/www.thepornlist.net\/de\/\" base target=\"_self\">Zur\u00fcck zur Startseite<\/a>\n<\/div>\n<div class=\"hd2\">\n<span style=\"font-style:normal;font-weight:bold;\">Seitenbewertung<\/span>\n<\/div>\n<\/div>\n<div style=\"width:100%; margin-left:auto; margin-right:auto; clear:both;z-index:1; padding-top:5px; border-radius: 2px;\">\n<div class=\"reviewimg\">\n<p><a href=\"http:\/\/www.iyalc.com\/21sextury\/go.php?pr=8&#038;su=2&#038;si=207&#038;ad=209520&#038;cs=analteenangels&#038;ar=&#038;campaign=299328&#038;buffer=\" base target=\"_self\"><img decoding=\"async\" src=\"https:\/\/www.thepornlist.net\/wp-content\/uploads\/teenrev\/analteenangels.jpg\" width=\"500\" height=\"500\" alt=\"Porn Tube\"><\/a><\/p>\n<\/div>\n<div class=\"reviewtitle\">\n<h1 style=\"font-family:Arial;font-size:56px;font-style:normal;font-weight:bold;color:#FF1F78;\">analteenangels<\/h1>\n<\/div>\n<div class=\"reviewsub\">\n<h2 style=\"font-size:14px;font-style:normal;font-weight:bold;\">analteenangels.com<\/H2>\n<\/div>\n<div class=\"reviewtext\">\n<span style=\"font-size:16px;font-style:normal;\">AnalTeenAngels.com ist eine Porno Tuben Webseite wo hei\u00dfe Teen Engel eine Menge Analsex haben werden. F\u00fcr einige dieser Girls wird es angeblich ihr erstes mal sein. Einige von ihnen sind besessen von Anal Pornos und andere lieben es Gangbangs auszuprobieren. Willkommen bei AnalTeenAngels, einer Premium Porno Tube die Teil des 21Sextury Netzwerks ist wo du, wenn du ein paar Dollar bezahlen wirst, jede Menge qualitativ hochwertige Unterhaltung f\u00fcr Erwachsene bekommen wirst, die die Anal Nische abdeckt.<\/br><\/p>\n<p>Die Homepage zeigt dir ihre letzten Updates und du kannst auch eine auf Bildern basierende Vorschau sehen wenn du den Zeiger deiner Maus auf ein Vorschaubild bewegst. Wenn du darauf klickst, \u00f6ffnet sich der Videoplayer, aber du wirst nichts abspielen k\u00f6nnen bevor du dich nicht zu einer bezahlten Mitgliedschaft angemeldet hast.<br \/>\nWenn du diese Plattform nur einmal ausprobieren willst, kannst du dich f\u00fcr den 1t\u00e4gigen Testzugang entscheiden, der dich nur 1 Dollar kosten wird. Wenn dir gef\u00e4llt, was sie zeigen, kannst du dich f\u00fcr etwas L\u00e4ngeres entscheiden: 1 Monat, 3 Monate oder 12 Monate. Wenn du einen Promo Code hast, kannst du ihn verwenden um einen Preisnachlass zu bekommen. Besuch sie jetzt!<br \/>\n<\/span>\n<\/div>\n<div class=\"reviewsiteurl\">\n<a href=\"http:\/\/www.iyalc.com\/21sextury\/go.php?pr=8&#038;su=2&#038;si=207&#038;ad=209520&#038;cs=analteenangels&#038;ar=&#038;campaign=299328&#038;buffer=\" base target=\"_self\"><span style=\"font-size:32px;font-style:normal;font-weight:bold;text-decoration:underline;\">Hier klicken, um die webseite zu besuchen <\/span><\/a>\n<\/div>\n<\/div>\n","protected":false},"excerpt":{"rendered":"<p>Zur\u00fcck zur Startseite Seitenbewertung analteenangels analteenangels.com AnalTeenAngels.com ist eine Porno Tuben Webseite wo hei\u00dfe Teen Engel eine Menge Analsex haben werden. F\u00fcr einige dieser Girls wird es angeblich ihr erstes mal sein. Einige von ihnen sind besessen von Anal Pornos und andere lieben es Gangbangs auszuprobieren. Willkommen bei AnalTeenAngels, einer Premium Porno Tube die Teil <a href='https:\/\/www.thepornlist.net\/de\/teen-porn-list\/analteenangels\/' class='excerpt-more'>[&#8230;]<\/a><\/p>\n","protected":false},"author":1,"featured_media":0,"parent":9867,"menu_order":21890,"comment_status":"closed","ping_status":"closed","template":"0-autofill-tpl-template.php","meta":{"_acf_changed":false,"footnotes":""},"tags":[589],"acf":[],"aioseo_notices":[],"_links":{"self":[{"href":"https:\/\/www.thepornlist.net\/de\/wp-json\/wp\/v2\/pages\/9861"}],"collection":[{"href":"https:\/\/www.thepornlist.net\/de\/wp-json\/wp\/v2\/pages"}],"about":[{"href":"https:\/\/www.thepornlist.net\/de\/wp-json\/wp\/v2\/types\/page"}],"author":[{"embeddable":true,"href":"https:\/\/www.thepornlist.net\/de\/wp-json\/wp\/v2\/users\/1"}],"replies":[{"embeddable":true,"href":"https:\/\/www.thepornlist.net\/de\/wp-json\/wp\/v2\/comments?post=9861"}],"version-history":[{"count":0,"href":"https:\/\/www.thepornlist.net\/de\/wp-json\/wp\/v2\/pages\/9861\/revisions"}],"up":[{"embeddable":true,"href":"https:\/\/www.thepornlist.net\/de\/wp-json\/wp\/v2\/pages\/9867"}],"wp:attachment":[{"href":"https:\/\/www.thepornlist.net\/de\/wp-json\/wp\/v2\/media?parent=9861"}],"wp:term":[{"taxonomy":"post_tag","embeddable":true,"href":"https:\/\/www.thepornlist.net\/de\/wp-json\/wp\/v2\/tags?post=9861"}],"curies":[{"name":"wp","href":"https:\/\/api.w.org\/{rel}","templated":true}]}}