{"id":9862,"date":"2016-04-10T20:58:06","date_gmt":"2016-04-10T20:58:06","guid":{"rendered":"https:\/\/www.thepornlist.net\/de\/nubiles\/"},"modified":"2019-05-24T12:39:53","modified_gmt":"2019-05-24T12:39:53","slug":"nubiles","status":"publish","type":"page","link":"https:\/\/www.thepornlist.net\/de\/teen-porn-list\/nubiles\/","title":{"rendered":"nubiles.net"},"content":{"rendered":"<div class=\"pb\">\n<div class=\"hd\">\n<a href=\"https:\/\/www.thepornlist.net\/de\/\" base target=\"_self\">Zur\u00fcck zur Startseite<\/a>\n<\/div>\n<div class=\"hd2\">\n<span style=\"font-style:normal;font-weight:bold;\">Seitenbewertung<\/span>\n<\/div>\n<\/div>\n<div style=\"width:100%; margin-left:auto; margin-right:auto; clear:both;z-index:1; padding-top:5px; border-radius: 2px;\">\n<div class=\"reviewimg\">\n<p><a href=\"http:\/\/www.nubiles.net\/?coupon=2446495\" base target=\"_self\"><img decoding=\"async\" src=\"https:\/\/www.thepornlist.net\/wp-content\/uploads\/teenrev\/nubiles.jpg\" width=\"500\" height=\"500\" alt=\"Porn Tube\"><\/a><\/p>\n<\/div>\n<div class=\"reviewtitle\">\n<h1 style=\"font-family:Arial;font-size:56px;font-style:normal;font-weight:bold;color:#FF1F78;\">nubiles<\/h1>\n<\/div>\n<div class=\"reviewsub\">\n<h2 style=\"font-size:14px;font-style:normal;font-weight:bold;\">nubiles.net<\/H2>\n<\/div>\n<div class=\"reviewtext\">\n<span style=\"font-size:16px;font-style:normal;\">Lass mich damit anfangen dir zu erz\u00e4hlen, was \u201enubiles\u201c bedeutet. Nach der Kopfleiste dieser Webseite scheint es, als ob es \u201epassend zum heiraten, mindestens 18 Jahre alt\u201c \/ \u201esexuell reif und attraktiv, von jungen Frauen benutzt\u201c bedeutet. Daher lautet ihr Motto \u201eDie frischsten Girls im Netz\u201c. Nun, da du eine Idee von diesem Ort bekommen hast, lass uns anfangen!<\/br><\/p>\n<p>Willkommen bei Nubiles.net, einer Premium Porno Webseite, gut bekannt in der Erwachsenen Industrie, auf der du einige der hei\u00dfesten Models auf Bildern und in Videos bekommen wirst. Die gesamte Anzahl an Girls betr\u00e4gt im Moment \u00fcber 1.700. Die gesamte Anzahl an Bildern betr\u00e4gt mehr als 870.000 und die gesamte Anzahl an Filmen betr\u00e4gt \u00fcber 9.000. Hast du Zeit dir all das anzuschauen?<\/br><\/p>\n<p>Die Homepage wird es dir gestatten Trailer zu sehen, aber f\u00fcr ganze Videos musst du dich f\u00fcr eine Mitgliedschaft registrieren. F\u00fcr ein paar Dollar, wirst du, abgesehen von den oben stehenden Zahlen, 3 neue Girls jede Woche. 123 Bonus Girls und \u00fcber 20.000 Bonus Bilder bekommen. Nubiles ist gr\u00f6\u00dftenteils eine softcore Webseite und alles dreht sich um die exquisite, k\u00fcnstlerische Seite der Porno Unterhaltung. Besuche Nubiles.net und schau dir alle die hei\u00dfen Models an, die sie in einigen der sch\u00f6nsten Videos f\u00fcr Erwachsene, die du je gesehen hast, zeigen!<br \/>\n<\/span>\n<\/div>\n<div class=\"reviewsiteurl\">\n<a href=\"http:\/\/www.nubiles.net\/?coupon=2446495\" base target=\"_self\"><span style=\"font-size:32px;font-style:normal;font-weight:bold;text-decoration:underline;\">Hier klicken, um die webseite zu besuchen <\/span><\/a>\n<\/div>\n<\/div>\n","protected":false},"excerpt":{"rendered":"<p>Zur\u00fcck zur Startseite Seitenbewertung nubiles nubiles.net Lass mich damit anfangen dir zu erz\u00e4hlen, was \u201enubiles\u201c bedeutet. Nach der Kopfleiste dieser Webseite scheint es, als ob es \u201epassend zum heiraten, mindestens 18 Jahre alt\u201c \/ \u201esexuell reif und attraktiv, von jungen Frauen benutzt\u201c bedeutet. Daher lautet ihr Motto \u201eDie frischsten Girls im Netz\u201c. Nun, da du <a href='https:\/\/www.thepornlist.net\/de\/teen-porn-list\/nubiles\/' class='excerpt-more'>[&#8230;]<\/a><\/p>\n","protected":false},"author":1,"featured_media":0,"parent":9867,"menu_order":21170,"comment_status":"closed","ping_status":"closed","template":"0-autofill-tpl-template.php","meta":{"_acf_changed":false,"footnotes":""},"tags":[],"acf":[],"aioseo_notices":[],"_links":{"self":[{"href":"https:\/\/www.thepornlist.net\/de\/wp-json\/wp\/v2\/pages\/9862"}],"collection":[{"href":"https:\/\/www.thepornlist.net\/de\/wp-json\/wp\/v2\/pages"}],"about":[{"href":"https:\/\/www.thepornlist.net\/de\/wp-json\/wp\/v2\/types\/page"}],"author":[{"embeddable":true,"href":"https:\/\/www.thepornlist.net\/de\/wp-json\/wp\/v2\/users\/1"}],"replies":[{"embeddable":true,"href":"https:\/\/www.thepornlist.net\/de\/wp-json\/wp\/v2\/comments?post=9862"}],"version-history":[{"count":0,"href":"https:\/\/www.thepornlist.net\/de\/wp-json\/wp\/v2\/pages\/9862\/revisions"}],"up":[{"embeddable":true,"href":"https:\/\/www.thepornlist.net\/de\/wp-json\/wp\/v2\/pages\/9867"}],"wp:attachment":[{"href":"https:\/\/www.thepornlist.net\/de\/wp-json\/wp\/v2\/media?parent=9862"}],"wp:term":[{"taxonomy":"post_tag","embeddable":true,"href":"https:\/\/www.thepornlist.net\/de\/wp-json\/wp\/v2\/tags?post=9862"}],"curies":[{"name":"wp","href":"https:\/\/api.w.org\/{rel}","templated":true}]}}