{"id":9871,"date":"2016-04-10T16:46:44","date_gmt":"2016-04-10T16:46:44","guid":{"rendered":"https:\/\/www.thepornlist.net\/de\/czechvr\/"},"modified":"2019-05-20T13:20:14","modified_gmt":"2019-05-20T13:20:14","slug":"czechvr","status":"publish","type":"page","link":"https:\/\/www.thepornlist.net\/de\/best-vr-porn-sites\/czechvr\/","title":{"rendered":"czechvr.com"},"content":{"rendered":"<div class=\"pb\">\n<div class=\"hd\">\n<a href=\"https:\/\/www.thepornlist.net\/de\/\" base target=\"_self\">Zur\u00fcck zur Startseite<\/a>\n<\/div>\n<div class=\"hd2\">\n<span style=\"font-style:normal;font-weight:bold;\">Seitenbewertung<\/span>\n<\/div>\n<\/div>\n<div style=\"width:100%; margin-left:auto; margin-right:auto; clear:both;z-index:1; padding-top:5px; border-radius: 2px;\">\n<div class=\"reviewimg\">\n<p><a href=\"http:\/\/join.czechvr.com\/track\/MjI5LjUuMTAuMTEuMC4wLjAuMC4w\" base target=\"_self\"><img decoding=\"async\" src=\"https:\/\/www.thepornlist.net\/wp-content\/uploads\/vrrev\/czechvr.jpg\" width=\"500\" height=\"500\" alt=\"Porn Tube\"><\/a><\/p>\n<\/div>\n<div class=\"reviewtitle\">\n<h1 style=\"font-family:Arial;font-size:56px;font-style:normal;font-weight:bold;color:#FF1F78;\">czechvr<\/h1>\n<\/div>\n<div class=\"reviewsub\">\n<h2 style=\"font-size:14px;font-style:normal;font-weight:bold;\">czechvr.com<\/H2>\n<\/div>\n<div class=\"reviewtext\">\n<span style=\"font-size:16px;font-style:normal;\">Videos insgesamt: 537. Girls insgesamt: 338. Letztes Update: heute. All dieses in diesem Moment und dabei solltest du verstehen, dass sie morgen schon andere Zahlen haben werden. Willkommen bei CzechVR.com, einer virtuelle Realit\u00e4t Porno Webseite auf der du exklusive VR Porno Videos f\u00fcr dein Smartphone, GEAR VR und Oculus Rift finden wirst. Das bedeutet 180 Grad Freiheit in echtem 3D Stereo gefilmt, die dir das Gef\u00fchl gibst als ob du dabei w\u00e4rst.<\/br><\/p>\n<p>Du wei\u00dft schon, was virtuelle Realit\u00e4t Pornos sind und du wei\u00dft auch, dass du eine Brille brauchst um sie zu genie\u00dfen. Und du wei\u00dft auch, dass du Premium Webseiten wie CzechVr.com brauchst um all diese Inhalte zu bekommen. Lass mich mit dir eine Beschreibung eines Videos von dieser Webseite teilen: \u201e Hei\u00dfe Blondinen werden nie aus der Mode kommen und Karol Lillen ist definitiv eines dieser Girls, denen du liebend gerne zusehen wirst, egal welches Medium du dazu benutzt. Aber warum probierst du nicht die beste Art aus und schaust sie dir in Nahaufnahme an, mit deinem Helm auf dem Kopf? In der Tat \u2013 auf diese Art und Weise wird es sich anf\u00fchlen als ob du direkt bei ihr w\u00e4rst und das ist die beste Art diese private Show zu erleben!\u201c Beeil dich und melde dich an, du kannst es gleich jetzt sehen!<br \/>\n<\/span>\n<\/div>\n<div class=\"reviewsiteurl\">\n<a href=\"http:\/\/join.czechvr.com\/track\/MjI5LjUuMTAuMTEuMC4wLjAuMC4w\" base target=\"_self\"><span style=\"font-size:32px;font-style:normal;font-weight:bold;text-decoration:underline;\">Hier klicken, um die webseite zu besuchen <\/span><\/a>\n<\/div>\n<\/div>\n","protected":false},"excerpt":{"rendered":"<p>Zur\u00fcck zur Startseite Seitenbewertung czechvr czechvr.com Videos insgesamt: 537. Girls insgesamt: 338. Letztes Update: heute. All dieses in diesem Moment und dabei solltest du verstehen, dass sie morgen schon andere Zahlen haben werden. Willkommen bei CzechVR.com, einer virtuelle Realit\u00e4t Porno Webseite auf der du exklusive VR Porno Videos f\u00fcr dein Smartphone, GEAR VR und Oculus <a href='https:\/\/www.thepornlist.net\/de\/best-vr-porn-sites\/czechvr\/' class='excerpt-more'>[&#8230;]<\/a><\/p>\n","protected":false},"author":1,"featured_media":0,"parent":9874,"menu_order":17090,"comment_status":"closed","ping_status":"closed","template":"0-autofill-tpl-template.php","meta":{"_acf_changed":false,"footnotes":""},"tags":[],"acf":[],"aioseo_notices":[],"_links":{"self":[{"href":"https:\/\/www.thepornlist.net\/de\/wp-json\/wp\/v2\/pages\/9871"}],"collection":[{"href":"https:\/\/www.thepornlist.net\/de\/wp-json\/wp\/v2\/pages"}],"about":[{"href":"https:\/\/www.thepornlist.net\/de\/wp-json\/wp\/v2\/types\/page"}],"author":[{"embeddable":true,"href":"https:\/\/www.thepornlist.net\/de\/wp-json\/wp\/v2\/users\/1"}],"replies":[{"embeddable":true,"href":"https:\/\/www.thepornlist.net\/de\/wp-json\/wp\/v2\/comments?post=9871"}],"version-history":[{"count":0,"href":"https:\/\/www.thepornlist.net\/de\/wp-json\/wp\/v2\/pages\/9871\/revisions"}],"up":[{"embeddable":true,"href":"https:\/\/www.thepornlist.net\/de\/wp-json\/wp\/v2\/pages\/9874"}],"wp:attachment":[{"href":"https:\/\/www.thepornlist.net\/de\/wp-json\/wp\/v2\/media?parent=9871"}],"wp:term":[{"taxonomy":"post_tag","embeddable":true,"href":"https:\/\/www.thepornlist.net\/de\/wp-json\/wp\/v2\/tags?post=9871"}],"curies":[{"name":"wp","href":"https:\/\/api.w.org\/{rel}","templated":true}]}}