{"id":9872,"date":"2016-04-10T16:44:20","date_gmt":"2016-04-10T16:44:20","guid":{"rendered":"https:\/\/www.thepornlist.net\/de\/wankzvr\/"},"modified":"2019-05-20T13:20:03","modified_gmt":"2019-05-20T13:20:03","slug":"wankzvr","status":"publish","type":"page","link":"https:\/\/www.thepornlist.net\/de\/best-vr-porn-sites\/wankzvr\/","title":{"rendered":"wankzvr.com"},"content":{"rendered":"<div class=\"pb\">\n<div class=\"hd\">\n<a href=\"https:\/\/www.thepornlist.net\/de\/\" base target=\"_self\">Zur\u00fcck zur Startseite<\/a>\n<\/div>\n<div class=\"hd2\">\n<span style=\"font-style:normal;font-weight:bold;\">Seitenbewertung<\/span>\n<\/div>\n<\/div>\n<div style=\"width:100%; margin-left:auto; margin-right:auto; clear:both;z-index:1; padding-top:5px; border-radius: 2px;\">\n<div class=\"reviewimg\">\n<p><a href=\"https:\/\/www.wankzvr.com\/track\/MTE4NzM3LjE0Mi4xNDIuMTQyLjAuMC4wLjAuMC4wLjAuMA\" base target=\"_self\"><img decoding=\"async\" src=\"https:\/\/www.thepornlist.net\/wp-content\/uploads\/vrrev\/wankzvr.jpg\" width=\"500\" height=\"500\" alt=\"Porn Tube\"><\/a><\/p>\n<\/div>\n<div class=\"reviewtitle\">\n<h1 style=\"font-family:Arial;font-size:56px;font-style:normal;font-weight:bold;color:#FF1F78;\">wankzvr<\/h1>\n<\/div>\n<div class=\"reviewsub\">\n<h2 style=\"font-size:14px;font-style:normal;font-weight:bold;\">wankzvr.com<\/H2>\n<\/div>\n<div class=\"reviewtext\">\n<span style=\"font-size:16px;font-style:normal;\">WankzVR.com ist eine Porno Webseite f\u00fcr virtuelle Realit\u00e4t und sie sagen, dass du das noch nie erlebt hast und dass es Zeit wird endlich die richtige Action zu erleben. Nun, wenn du mich fragst, da ich alle verf\u00fcgbaren VR Headsets, VR Webseiten und eine Menge von VR Videos ausprobiert habe, kann ich sagen, dass sie recht haben. Virtuelle Pornos sind etwas, das ich noch nie zuvor gesehen habe und glaub mir, wenn ich sage \u2013 auch wenn du dir jetzt ein paar Sachen darunter vorstellst, du wirst verdammt beeindruckt sein wenn du dich darauf einl\u00e4sst.<\/br><\/p>\n<p>Es ist eine Premium Webseite und funktioniert mit allen Arten von Headsets. Das bedeutet, dass du egal ob du ein Gear VR, Oculus Rift oder ein Google cardboard hast, du jedes einzelne Video hier sehen kannst. Nachdem du dich registriert und f\u00fcr deine Mitgliedschaft bezahlt hast nat\u00fcrlich. Es scheint als ob WankzVR.com ein direktes Streaming auf deinen Smartphone Browser hat und es ist kein Download erforderlich. Wenn du dich anmeldest bekommst du w\u00f6chentlich neu hinzugef\u00fcgte VR Szenen, volle 180 Grad umfassende virtuelle Realit\u00e4t, Tracking Support, Streaming auf deinen mobilen Browser, 100 % exklusive Inhalte, Zugang zu 31 Webseiten und mehr. Besuche diese spitzenm\u00e4\u00dfige VR Porno Webseite!<br \/>\n<\/span>\n<\/div>\n<div class=\"reviewsiteurl\">\n<a href=\"https:\/\/www.wankzvr.com\/track\/MTE4NzM3LjE0Mi4xNDIuMTQyLjAuMC4wLjAuMC4wLjAuMA\" base target=\"_self\"><span style=\"font-size:32px;font-style:normal;font-weight:bold;text-decoration:underline;\">Hier klicken, um die webseite zu besuchen <\/span><\/a>\n<\/div>\n<\/div>\n","protected":false},"excerpt":{"rendered":"<p>Zur\u00fcck zur Startseite Seitenbewertung wankzvr wankzvr.com WankzVR.com ist eine Porno Webseite f\u00fcr virtuelle Realit\u00e4t und sie sagen, dass du das noch nie erlebt hast und dass es Zeit wird endlich die richtige Action zu erleben. Nun, wenn du mich fragst, da ich alle verf\u00fcgbaren VR Headsets, VR Webseiten und eine Menge von VR Videos ausprobiert <a href='https:\/\/www.thepornlist.net\/de\/best-vr-porn-sites\/wankzvr\/' class='excerpt-more'>[&#8230;]<\/a><\/p>\n","protected":false},"author":1,"featured_media":0,"parent":9874,"menu_order":12450,"comment_status":"closed","ping_status":"closed","template":"0-autofill-tpl-template.php","meta":{"_acf_changed":false,"footnotes":""},"tags":[],"acf":[],"aioseo_notices":[],"_links":{"self":[{"href":"https:\/\/www.thepornlist.net\/de\/wp-json\/wp\/v2\/pages\/9872"}],"collection":[{"href":"https:\/\/www.thepornlist.net\/de\/wp-json\/wp\/v2\/pages"}],"about":[{"href":"https:\/\/www.thepornlist.net\/de\/wp-json\/wp\/v2\/types\/page"}],"author":[{"embeddable":true,"href":"https:\/\/www.thepornlist.net\/de\/wp-json\/wp\/v2\/users\/1"}],"replies":[{"embeddable":true,"href":"https:\/\/www.thepornlist.net\/de\/wp-json\/wp\/v2\/comments?post=9872"}],"version-history":[{"count":0,"href":"https:\/\/www.thepornlist.net\/de\/wp-json\/wp\/v2\/pages\/9872\/revisions"}],"up":[{"embeddable":true,"href":"https:\/\/www.thepornlist.net\/de\/wp-json\/wp\/v2\/pages\/9874"}],"wp:attachment":[{"href":"https:\/\/www.thepornlist.net\/de\/wp-json\/wp\/v2\/media?parent=9872"}],"wp:term":[{"taxonomy":"post_tag","embeddable":true,"href":"https:\/\/www.thepornlist.net\/de\/wp-json\/wp\/v2\/tags?post=9872"}],"curies":[{"name":"wp","href":"https:\/\/api.w.org\/{rel}","templated":true}]}}