{"id":9874,"date":"2016-04-10T16:26:48","date_gmt":"2016-04-10T16:26:48","guid":{"rendered":"https:\/\/www.thepornlist.net\/de\/virtual-reality-porn\/"},"modified":"2019-06-27T11:56:48","modified_gmt":"2019-06-27T11:56:48","slug":"best-vr-porn-sites","status":"publish","type":"page","link":"https:\/\/www.thepornlist.net\/de\/best-vr-porn-sites\/","title":{"rendered":"Best VR Porn Sites"},"content":{"rendered":"<div class=\"pb\">\n<div class=\"hd\">\n<a href=\"https:\/\/www.u5394p15071.web0119.zxcs.nl\/de\/\" base target=\"_self\">Zur\u00fcck zur Startseite<\/a>\n<\/div>\n<div class=\"hd2\">\n<span style=\"font-style:normal;font-weight:bold;\">Virtual Reality Porn<\/span>\n<\/div>\n<\/div>\n<div class=\"catblock\">\n<div class=\"cattxtnew\">\n<h2>Virtuelle Realit\u00e4t ist die n\u00e4chste Grenze<\/h2>\n<p>Hast du dich jemals gefragt, was der n\u00e4chste Schritt f\u00fcr Pornos sein sollte? Wenn du es getan hast, dann denkst du eindeutig zu viel \u00fcber Pornos nach. Du musst dich ein bisschen entspannen, aber es ist eine echte Frage, die gestellt werden muss. Der Porno hat sich in eine Richtung entwickelt und steht dadurch kurz vor dem n\u00e4chsten Schritt. Er muss sich mit den Zeiten und mit den Technologien entwickeln und alles in allem m\u00fcssen wir in den Zeiten, in denen wir leben zugeben, dass s nicht so viel Fortschritte gegeben hat denn wir haben alle Werkzeuge und F\u00e4higkeiten um es in die n\u00e4chste Dimension zu schaffen. Hier kommen die VR Pornos ins Spiel. Sicherlich k\u00f6nnte es die n\u00e4chst einfache Sache sein, die schon lange vorher der Welt vorgestellt wurde aber wir m\u00fcssen nur geduldig sein und einfach abwarten was als n\u00e4chstes kommt. Die Zukunft sieht wirklich gl\u00e4nzend aus und der Porno wie wir ihn kennen wird sich in eine Richtung ver\u00e4ndern, die erstaunlich sein wird. Diese Zukunft ist schon da und das einzige, was wir tun m\u00fcssen ist uns in Geduld zu \u00fcben und zu schauen, wohin uns das alles bringen wird.<\/p>\n<h2>VR Pornos machen dich verr\u00fcckt mit ihren Neuheitseffekt<\/h2>\n<p>Erinnere dich an den Film Avatar, bei dem deine Augen fast explodiert sind weil die Effekte, die verwendet wurden wirklich beeindruckend waren. Nun, heute sind das alte Nachrichten und seit damals hat sich die Technologie noch viel weiter entwickelt, so dass es sogar peinlich ist etwas damit zu vergleichen. So hat sich die ganze technische Industrie entwickelt.  Schlie\u00dflich hat auch die Porno Industrie mit der Zeit mitgehalten und jetzt haben wir VR Pornos und es ist eine der am schnellsten wachsenden Branchen in dieser Industrie. Einige hatten spekuliert, dass es mit dem Headset nicht klappen k\u00f6nnte, dass die Leute ihre Pornos zwischen T\u00fcr und Angel konsumieren wollen und dass es dich wahnsinnig machen w\u00fcrde etwas auf den Kopf zu ziehen und es dich vom Inhalt ablenken w\u00fcrde, aber das Gegenteil ist passiert. Die Leute haben sich darauf gest\u00fcrzt und es war frischer Wind als es erst einmal herauskam. Wie hart ist es ein mobiles Endger\u00e4t \u00fcber deinen Kopf zu ziehen wie eine Sonnenbrille und dir daf\u00fcr realistische 3D Pornos anzuschauen? Wer w\u00fcrde das nicht tun?! Darum muss es sich sogar noch weiter entwickeln m es noch realistischer zu machen. Aus diesem Grund ist VR die Zukunft, mit gro\u00dfen Auswirkungen.<\/p>\n<h2>So real wie nur m\u00f6glich <\/h2>\n<p>Einige sagen, das VR Pornos ihre Fehler haben und dass sie nicht weiter wachsen werden auch wenn die Statistiken eine ganz andere Geschichte erz\u00e4hlen. Wenn du dir einige der Seiten von der Liste ansiehst, k\u00f6nntest du dir eine eigene Meinung bilden, die die VR Pornos an die Spitze deiner Porno Priorit\u00e4ten stellen wird. Was ist aufregender als ein super hei\u00dfes Luder vor sich zu haben, in 3D, das bl\u00e4st, fickt und lauter versautes Zeug treibt? Es gibt wirklich diesen 3D Eindruck und es ist schon m\u00f6glich ihn sogar noch realer zu machen, es ist nur die Frage, wer das alles finanzieren wird? Das ist der Grund warum wir so lange warten m\u00fcssen. Die VR Videos, die wir jetzt schon haben, wurden alle mit speziellen Kameras gefilmt  und sie wurden alle von nur ein paar Firmen gedreht, die in diese Technologie investieren k\u00f6nnen. Deswegen geht alles so langsam voran denn es gibt kein etabliertes Unternehmen, das sich mit technischer Entwicklung besch\u00e4ftigt, das in Pornos investiert. Sie investieren in Oculus Rift und in Videospiele denn das hat schon bewiesen, dass es eine Maschine ist um Geld zu verdienen. Es ist verkehrt, dass sie nicht ins Porno Gesch\u00e4ft eintauchen denn das ist die einzige Branche, die es immer geben wird.<\/p>\n<h2>Oculus Rift, VR Headset, das ist so verdammt genial<\/h2>\n<p>Mit Seiten wie diesen wird Pornos nie mehr das gleiche bleiben. Schau dir jetzt ein paar der pr\u00e4sentierten Seiten an und erlebe selbst welche Art von Realit\u00e4t es wirklich ist. Du wirst sehen, dass die Qualit\u00e4t er Bilder gro\u00dfartig ist und dass die Technologie, die verwendet wird, au\u00dfergew\u00f6hnlich ist. Von Anfang an wirst du sehen, dass der Bildschirm geteilt ist und dass es sich ein bisschen wie offline anf\u00fchlt. Darum musst du deine Kopfh\u00f6rer tragen damit du die komplette Erfahrung machen kannst. Das ist das, was am n\u00e4chsten an simulierte Realit\u00e4t herankommt, also solltest du es richtig machen. Es wird dich umhauen. Hast du jemals ein Luder einen Schwanz blasen sehen und es hat sich angef\u00fchlt, als ob es deiner w\u00e4re? Das ist das Besondere, das kein bisheriger Porno dir geben kann. Im Ernst, du solltest dir alle M\u00f6glichkeiten ansehen, die dir geboten werden und dir anschauen, wie die Zukunft aussieht. Behalte im Hinterkopf, dass es nur ein fl\u00fcchtiger Blick auf die Zukunft ist. Was als n\u00e4chstes kommen wird, wird etwas noch viel Besseres sein.\n<\/p><\/div>\n<\/div>\n<div class=\"tplblockprem\">\n<a href=\"http:\/\/join.virtualrealporn.com\/track\/OTk5MTAyODAuNS44LjEwLjAuMC4wLjAuMA\" rel=\"nofollow\">virtualrealporn<\/a><br \/>\n<a href=\"http:\/\/join.virtualrealporn.com\/track\/OTk5MTAyODAuNS44LjEwLjAuMC4wLjAuMA\" rel=\"nofollow\"><img decoding=\"async\" src=\"https:\/\/www.u5394p15071.web0119.zxcs.nl\/wp-content\/uploads\/2016\/04\/virtualrealporncat.jpg\" alt=\"virtualrealporn\"><\/a> <\/p>\n<div class=\"tplblockpremtxt\">Virtual Real Porn hat die besten neuen VR Pornos aber geht noch eine Stufe weiter. Mit Teledildonics kannst du tats\u00e4chlich f\u00fchlen, was in den VR Videos passiert. Das ist ein Erlebnis, das du noch nie zuvor hattest!\n<\/div>\n<\/div>\n<div class=\"tplblockprem\">\n<a href=\"https:\/\/www.u5394p15071.web0119.zxcs.nl\/de\/best-vr-porn-sites\/wankzvr\/\">wankzvr<\/a><br \/>\n<a href=\"https:\/\/www.wankzvr.com\/track\/MTE4NzM3LjE0Mi4xNDIuMTQyLjAuMC4wLjAuMC4wLjAuMA\" rel=\"nofollow\"><img decoding=\"async\" src=\"https:\/\/www.u5394p15071.web0119.zxcs.nl\/wp-content\/uploads\/vrsub\/wankzvr.jpg\" alt=\"wankzvr\"><\/a> <\/p>\n<div class=\"tplblockpremtxt\">Das ist eine der besten VR Porno Seiten. Sie zeigen mehr als 150 hochwertige 3D, 180 Grad Videos, das wird eine virtuelle Kreativit\u00e4t und Fantasie wie nichts anderes ankurbeln.\n<\/div>\n<\/div>\n<div class=\"tplblockprem\">\n<a href=\"https:\/\/www.u5394p15071.web0119.zxcs.nl\/de\/best-vr-porn-sites\/badoinkvr\/\">BaDoinkVR<\/a><br \/>\n<a href=\"http:\/\/go.badoinkvr.com\/go.php?t=25889&#038;aid=107782&#038;sid=\" rel=\"nofollow\"><img decoding=\"async\" src=\"https:\/\/www.u5394p15071.web0119.zxcs.nl\/wp-content\/uploads\/vrsub\/badoinkvr.jpg\" alt=\"badoinkvr\"><\/a> <\/p>\n<div class=\"tplblockpremtxt\">Das ist die Webseite, die dir eine Brille f\u00fcr 1 Dollar zum Testen gibt, und au\u00dferdem bieten sie HD Videos mit den hei\u00dfesten Pornostars, die es gibt, an f\u00fcr dein bestes virtuelles Erlebnis.\n<\/div>\n<\/div>\n<div class=\"tplblockprem\">\n<a href=\"https:\/\/www.u5394p15071.web0119.zxcs.nl\/de\/best-vr-porn-sites\/czechvr\/\">czechvr<\/a><br \/>\n<a href=\"http:\/\/join.czechvr.com\/track\/MjI5LjUuMTAuMTEuMC4wLjAuMC4w\" rel=\"nofollow\"><img decoding=\"async\" src=\"https:\/\/www.u5394p15071.web0119.zxcs.nl\/wp-content\/uploads\/vrsub\/czechvr.jpg\" alt=\"czechvr\"><\/a> <\/p>\n<div class=\"tplblockpremtxt\">Du wirst nicht entt\u00e4uscht werden wenn du diese hei\u00dfen tschechischen Babes in einer Welt mit virtueller Realit\u00e4t ficken siehst. Probiere es mit einer der hei\u00dfen Vorschauen aus und entscheide  selbst.\n<\/div>\n<\/div>\n<div class=\"tplblockprem\">\n<a href=\"https:\/\/www.u5394p15071.web0119.zxcs.nl\/de\/best-vr-porn-sites\/naughtyamericavr\/\">naughtyamericavr<\/a><br \/>\n<a href=\"https:\/\/www.u5394p15071.web0119.zxcs.nl\/de\/best-vr-porn-sites\/naughtyamericavr\/\"><img decoding=\"async\" src=\"https:\/\/www.u5394p15071.web0119.zxcs.nl\/wp-content\/uploads\/vrsub\/naughtyamericavr.jpg\" alt=\"naughtyamericavr\"><\/a> <\/p>\n<div class=\"tplblockpremtxt\">Du musst von dieser Produktion schon geh\u00f6rt haben und jetzt pr\u00e4sentieren sie eine virtuelle Realit\u00e4t Porno Seite mit leckeren Luder, die nicht von dieser Welt sind, direkt vor deinen Augen.\n<\/div>\n<\/div>\n<div class=\"tplblockprem\">\n<a href=\"https:\/\/www.u5394p15071.web0119.zxcs.nl\/de\/best-vr-porn-sites\/hologirlsvr\/\">hologirlsvr<\/a><br \/>\n<a href=\"https:\/\/www.u5394p15071.web0119.zxcs.nl\/de\/best-vr-porn-sites\/hologirlsvr\/\"><img decoding=\"async\" src=\"https:\/\/www.u5394p15071.web0119.zxcs.nl\/wp-content\/uploads\/vrsub\/hologirlsvr.jpg\" alt=\"hologirlsvr\"><\/a> <\/p>\n<div class=\"tplblockpremtxt\">Schau dir diese tolle Webseite an denn sie hat alles: das Aussehen, gro\u00dfartige Pornostars, HD Videos mit einer schnellen Vorschau zum Testen und Empfehlungen f\u00fcr deine beste Position beim Zuschauen.\n<\/div>\n<\/div>\n<div class=\"tplblockprem\">\n<a href=\"https:\/\/www.u5394p15071.web0119.zxcs.nl\/de\/best-vr-porn-sites\/kinkvr\/\">kinkvr<\/a><br \/>\n<a href=\"https:\/\/www.u5394p15071.web0119.zxcs.nl\/de\/best-vr-porn-sites\/kinkvr\/\"><img decoding=\"async\" src=\"https:\/\/www.u5394p15071.web0119.zxcs.nl\/wp-content\/uploads\/vrsub\/kinkvr.jpg\" alt=\"kinkvr\"><\/a> <\/p>\n<div class=\"tplblockpremtxt\">In einer Welt von virtuellen abartigen Pornos ist diese Seite die Beste. Egal ob du heterosexuell oder schwul bist, sie hat eine Menge zu bieten und wird dein Verlangen erregen.\n<\/div>\n<\/div>\n<div style=\"width:100%; float:left; margin-left:auto; margin-right:auto; clear:both;z-index:1;\">\n<p><a href=\"https:\/\/www.u5394p15071.web0119.zxcs.nl\/de\/\" base target=\"_self\"><\/p>\n<p style=\"text-align:center;\"><span style=\"font-size:40px;text-decoration:underline;font-style:normal;font-weight:bold;text-transform:uppercase;color:6B70FF;\">Hier klicken, um die komplette porno liste <\/span><\/a><\/p>\n<\/div>\n","protected":false},"excerpt":{"rendered":"<p>Zur\u00fcck zur Startseite Virtual Reality Porn Virtuelle Realit\u00e4t ist die n\u00e4chste Grenze Hast du dich jemals gefragt, was der n\u00e4chste Schritt f\u00fcr Pornos sein sollte? Wenn du es getan hast, dann denkst du eindeutig zu viel \u00fcber Pornos nach. Du musst dich ein bisschen entspannen, aber es ist eine echte Frage, die gestellt werden muss. <a href='https:\/\/www.thepornlist.net\/de\/best-vr-porn-sites\/' class='excerpt-more'>[&#8230;]<\/a><\/p>\n","protected":false},"author":1,"featured_media":0,"parent":0,"menu_order":0,"comment_status":"closed","ping_status":"closed","template":"11new-category-template.php","meta":{"_acf_changed":false,"footnotes":""},"tags":[],"acf":[],"aioseo_notices":[],"_links":{"self":[{"href":"https:\/\/www.thepornlist.net\/de\/wp-json\/wp\/v2\/pages\/9874"}],"collection":[{"href":"https:\/\/www.thepornlist.net\/de\/wp-json\/wp\/v2\/pages"}],"about":[{"href":"https:\/\/www.thepornlist.net\/de\/wp-json\/wp\/v2\/types\/page"}],"author":[{"embeddable":true,"href":"https:\/\/www.thepornlist.net\/de\/wp-json\/wp\/v2\/users\/1"}],"replies":[{"embeddable":true,"href":"https:\/\/www.thepornlist.net\/de\/wp-json\/wp\/v2\/comments?post=9874"}],"version-history":[{"count":0,"href":"https:\/\/www.thepornlist.net\/de\/wp-json\/wp\/v2\/pages\/9874\/revisions"}],"wp:attachment":[{"href":"https:\/\/www.thepornlist.net\/de\/wp-json\/wp\/v2\/media?parent=9874"}],"wp:term":[{"taxonomy":"post_tag","embeddable":true,"href":"https:\/\/www.thepornlist.net\/de\/wp-json\/wp\/v2\/tags?post=9874"}],"curies":[{"name":"wp","href":"https:\/\/api.w.org\/{rel}","templated":true}]}}