{"id":9885,"date":"2016-02-24T17:14:32","date_gmt":"2016-02-24T17:14:32","guid":{"rendered":"https:\/\/www.thepornlist.net\/de\/outlawtgp\/"},"modified":"2019-05-06T11:36:12","modified_gmt":"2019-05-06T11:36:12","slug":"outlawtgp","status":"publish","type":"page","link":"https:\/\/www.thepornlist.net\/de\/porn-tgp-sites\/outlawtgp\/","title":{"rendered":"outlawtgp.com"},"content":{"rendered":"<div class=\"pb\">\n<div class=\"hd\">\n<a href=\"https:\/\/www.thepornlist.net\/de\/\" base target=\"_self\">Zur\u00fcck zur Startseite<\/a>\n<\/div>\n<div class=\"hd2\">\n<span style=\"font-style:normal;font-weight:bold;\">Seitenbewertung<\/span>\n<\/div>\n<\/div>\n<div style=\"width:100%; margin-left:auto; margin-right:auto; clear:both;z-index:1; padding-top:5px; border-radius: 2px;\">\n<div class=\"reviewimg\">\n<p><a href=\"http:\/\/www.outlawtgp.com\/\" rel=\"nofollow\" base target=\"_self\"><img decoding=\"async\" src=\"https:\/\/www.thepornlist.net\/wp-content\/uploads\/2015\/review\/outlawtgp.jpg\" width=\"500\" height=\"500\" alt=\"Porn Tube\"><\/a><\/p>\n<\/div>\n<div class=\"reviewtitle\">\n<h1 style=\"font-family:Arial;font-size:56px;font-style:normal;font-weight:bold;color:#FF1F78;\">outlawtgp<\/h1>\n<\/div>\n<div class=\"reviewsub\">\n<h2 style=\"font-size:14px;font-style:normal;font-weight:bold;\">outlawtgp.com<\/H2>\n<\/div>\n<div class=\"reviewtext\">\n<span style=\"font-size:16px;font-style:normal;\">OutLawTGP.com ist eine Porno Seite, die uns mit zwei Arten von Leckerbissen lockt: Foto Galerien von den hei\u00dfesten Girls und Webcams mit den unartigsten Girls! Ich liebe es, wie diese Webseite strukturiert ist! Der erste Teil der Seite ist voller Fotos, Die Cam Kategorien sind in der Mitte der Seite und der letzte Teil der Seite ist voller anderer hei\u00dfer Fotos. Nachdem ich meine Augen mit den Bildern erfreut hatte, habe ich auf einige der Cam Kategorien zugegriffen um diese l\u00fcsternen Babes zu sehen, die nur f\u00fcr mich vor ihrer Webcam unartig sind. Dann zur\u00fcck zu den Bildern nat\u00fcrlich!<\/br><\/p>\n<p>OutLawTGP.com ist sehr einfach zu verwenden: setze deinen Cursor auf ein Bild und eine kurze Beschreibung wird erscheinen. Wenn du die ganze Galerie, die zu diesem Foto geh\u00f6rt, sehen willst, dann klicke einfach darauf. Auf diese Weise wirst du die Seite des Models \u00f6ffnen, mit einer Menge Bilder darin. Einige der Webcam Galerien sind: BDSM, Blondine, Paare, Handjob, Latina, Milf, Rotschopf, Amateur, gro\u00dfe Titten, Blowjob, Ebony, hardcore, Leder, Mutti, Sex, anal, bisexuell, br\u00fcnett, F\u00fc\u00dfe, selbstgedreht, Dessous, Krankenschwester, Teens, Asiatin, schwarz, chinesisch und Gangbang.<\/br><\/p>\n<p>Alle diese Leckerbissen warten auf dich, also besuche OutLawTGP gleich jetzt!<br \/>\n<\/span>\n<\/div>\n<div class=\"reviewsiteurl\">\n<a href=\"http:\/\/www.outlawtgp.com\/\" rel=\"nofollow\" base target=\"_self\"><span style=\"font-size:32px;font-style:normal;font-weight:bold;text-decoration:underline;\">Hier klicken, um die webseite zu besuchen <\/span><\/a>\n<\/div>\n<\/div>\n","protected":false},"excerpt":{"rendered":"<p>Zur\u00fcck zur Startseite Seitenbewertung outlawtgp outlawtgp.com OutLawTGP.com ist eine Porno Seite, die uns mit zwei Arten von Leckerbissen lockt: Foto Galerien von den hei\u00dfesten Girls und Webcams mit den unartigsten Girls! Ich liebe es, wie diese Webseite strukturiert ist! Der erste Teil der Seite ist voller Fotos, Die Cam Kategorien sind in der Mitte der <a href='https:\/\/www.thepornlist.net\/de\/porn-tgp-sites\/outlawtgp\/' class='excerpt-more'>[&#8230;]<\/a><\/p>\n","protected":false},"author":1,"featured_media":0,"parent":9952,"menu_order":18090,"comment_status":"closed","ping_status":"closed","template":"0-autofill-tpl-template.php","meta":{"_acf_changed":false,"footnotes":""},"tags":[],"acf":[],"aioseo_notices":[],"_links":{"self":[{"href":"https:\/\/www.thepornlist.net\/de\/wp-json\/wp\/v2\/pages\/9885"}],"collection":[{"href":"https:\/\/www.thepornlist.net\/de\/wp-json\/wp\/v2\/pages"}],"about":[{"href":"https:\/\/www.thepornlist.net\/de\/wp-json\/wp\/v2\/types\/page"}],"author":[{"embeddable":true,"href":"https:\/\/www.thepornlist.net\/de\/wp-json\/wp\/v2\/users\/1"}],"replies":[{"embeddable":true,"href":"https:\/\/www.thepornlist.net\/de\/wp-json\/wp\/v2\/comments?post=9885"}],"version-history":[{"count":0,"href":"https:\/\/www.thepornlist.net\/de\/wp-json\/wp\/v2\/pages\/9885\/revisions"}],"up":[{"embeddable":true,"href":"https:\/\/www.thepornlist.net\/de\/wp-json\/wp\/v2\/pages\/9952"}],"wp:attachment":[{"href":"https:\/\/www.thepornlist.net\/de\/wp-json\/wp\/v2\/media?parent=9885"}],"wp:term":[{"taxonomy":"post_tag","embeddable":true,"href":"https:\/\/www.thepornlist.net\/de\/wp-json\/wp\/v2\/tags?post=9885"}],"curies":[{"name":"wp","href":"https:\/\/api.w.org\/{rel}","templated":true}]}}