{"id":9888,"date":"2016-02-24T15:47:10","date_gmt":"2016-02-24T15:47:10","guid":{"rendered":"https:\/\/www.thepornlist.net\/de\/porn-tube-sites\/yeptube\/"},"modified":"2019-05-23T13:10:44","modified_gmt":"2019-05-23T13:10:44","slug":"yeptube","status":"publish","type":"page","link":"https:\/\/www.thepornlist.net\/de\/porn-tube-sites\/yeptube\/","title":{"rendered":"yeptube.com"},"content":{"rendered":"<div class=\"pb\">\n<div class=\"hd\">\n<a href=\"https:\/\/www.thepornlist.net\/de\/\" base target=\"_self\">Zur\u00fcck zur Startseite<\/a>\n<\/div>\n<div class=\"hd2\">\n<span style=\"font-style:normal;font-weight:bold;\">Seitenbewertung<\/span>\n<\/div>\n<\/div>\n<div style=\"width:100%; margin-left:auto; margin-right:auto; clear:both;z-index:1; padding-top:5px; border-radius: 2px;\">\n<div class=\"reviewimg\">\n<p><a href=\"http:\/\/www.yeptube.com\/\" rel=\"nofollow\" base target=\"_self\"><img decoding=\"async\" src=\"https:\/\/www.thepornlist.net\/wp-content\/uploads\/2015\/review\/yeptube.jpg\" width=\"500\" height=\"500\" alt=\"Porn Tube\"><\/a><\/p>\n<\/div>\n<div class=\"reviewtitle\">\n<h1 style=\"font-family:Arial;font-size:56px;font-style:normal;font-weight:bold;color:#FF1F78;\">yeptube<\/h1>\n<\/div>\n<div class=\"reviewsub\">\n<h2 style=\"font-size:14px;font-style:normal;font-weight:bold;\">yeptube.com<\/H2>\n<\/div>\n<div class=\"reviewtext\">\n<span style=\"font-size:16px;font-style:normal;\">YepTube.com ist yep, eine Porno Tube Webseite. Mit mehr als Hunderttausenden Videos, die du an diesem Ort f\u00fcr Pornos sehen kannst, bin ich sicher, dass du froh sein wirst, dass ich diese Webseite f\u00fcr die heutige Bewertung ausgesucht habe. Mit wenigen Worten werde ich dir erz\u00e4hlen welche Kategorien sie abdecken: Amateur, anal, asiatisch, BBW, Babe, blond, Blowjob, br\u00fcnett, Cumshot, Fetisch, hardcore, HD, interracial, Lesben, Masturbation, reif, Milf, Nylon, Teen, Dreier, Spielzeuge und noch mehr. Ich werde dir auch erz\u00e4hlen, dass du, falls du kein Fan der heterosexuellen Nische bist, du die Ergebnisse jederzeit in schwule Sachen oder Shemale Inhalt \u00e4ndern kannst. <\/br><\/p>\n<p>Die Homepage wird sich anf\u00fchlen und verhalten wie eine allgemeine Startseite einer Porno Tube. Direkt vor deinen Augen werden sie dir die neuesten Updates bieten und du kannst das \u00e4ndern in Top bewertete Clips und in die meist gesehenen Porno Filme. Sie haben eine Suchfunktion, die du nutzen kannst falls du etwas Spezielles suchst, Scrolle nach unten zum Seiten Men\u00fc \u2013 1.239 Seiten, die du anschauen kannst. <\/br><\/p>\n<p>Jedes Vorschaubild wird dir erm\u00f6glichen eine Vorschau zu sehen und wenn sie dir gef\u00e4llt dann klicke auf den Screenshot um zum Videoplayer zu kommen.<br \/>\n<\/span>\n<\/div>\n<div class=\"reviewsiteurl\">\n<a href=\"http:\/\/www.yeptube.com\/\" rel=\"nofollow\" base target=\"_self\"><span style=\"font-size:32px;font-style:normal;font-weight:bold;text-decoration:underline;\">Hier klicken, um die webseite zu besuchen <\/span><\/a>\n<\/div>\n<\/div>\n","protected":false},"excerpt":{"rendered":"<p>Zur\u00fcck zur Startseite Seitenbewertung yeptube yeptube.com YepTube.com ist yep, eine Porno Tube Webseite. Mit mehr als Hunderttausenden Videos, die du an diesem Ort f\u00fcr Pornos sehen kannst, bin ich sicher, dass du froh sein wirst, dass ich diese Webseite f\u00fcr die heutige Bewertung ausgesucht habe. Mit wenigen Worten werde ich dir erz\u00e4hlen welche Kategorien sie <a href='https:\/\/www.thepornlist.net\/de\/porn-tube-sites\/yeptube\/' class='excerpt-more'>[&#8230;]<\/a><\/p>\n","protected":false},"author":1,"featured_media":0,"parent":9407,"menu_order":44110,"comment_status":"closed","ping_status":"closed","template":"0-autofill-tpl-template.php","meta":{"_acf_changed":false,"footnotes":""},"tags":[],"acf":[],"aioseo_notices":[],"_links":{"self":[{"href":"https:\/\/www.thepornlist.net\/de\/wp-json\/wp\/v2\/pages\/9888"}],"collection":[{"href":"https:\/\/www.thepornlist.net\/de\/wp-json\/wp\/v2\/pages"}],"about":[{"href":"https:\/\/www.thepornlist.net\/de\/wp-json\/wp\/v2\/types\/page"}],"author":[{"embeddable":true,"href":"https:\/\/www.thepornlist.net\/de\/wp-json\/wp\/v2\/users\/1"}],"replies":[{"embeddable":true,"href":"https:\/\/www.thepornlist.net\/de\/wp-json\/wp\/v2\/comments?post=9888"}],"version-history":[{"count":0,"href":"https:\/\/www.thepornlist.net\/de\/wp-json\/wp\/v2\/pages\/9888\/revisions"}],"up":[{"embeddable":true,"href":"https:\/\/www.thepornlist.net\/de\/wp-json\/wp\/v2\/pages\/9407"}],"wp:attachment":[{"href":"https:\/\/www.thepornlist.net\/de\/wp-json\/wp\/v2\/media?parent=9888"}],"wp:term":[{"taxonomy":"post_tag","embeddable":true,"href":"https:\/\/www.thepornlist.net\/de\/wp-json\/wp\/v2\/tags?post=9888"}],"curies":[{"name":"wp","href":"https:\/\/api.w.org\/{rel}","templated":true}]}}