{"id":9890,"date":"2016-02-24T15:46:32","date_gmt":"2016-02-24T15:46:32","guid":{"rendered":"https:\/\/www.thepornlist.net\/de\/porn-tube-sites\/winporn\/"},"modified":"2019-05-24T09:10:45","modified_gmt":"2019-05-24T09:10:45","slug":"winporn","status":"publish","type":"page","link":"https:\/\/www.thepornlist.net\/de\/porn-tube-sites\/winporn\/","title":{"rendered":"winporn.com"},"content":{"rendered":"<div class=\"pb\">\n<div class=\"hd\">\n<a href=\"https:\/\/www.thepornlist.net\/de\/\" base target=\"_self\">Zur\u00fcck zur Startseite<\/a>\n<\/div>\n<div class=\"hd2\">\n<span style=\"font-style:normal;font-weight:bold;\">Seitenbewertung<\/span>\n<\/div>\n<\/div>\n<div style=\"width:100%; margin-left:auto; margin-right:auto; clear:both;z-index:1; padding-top:5px; border-radius: 2px;\">\n<div class=\"reviewimg\">\n<p><a href=\"http:\/\/www.winporn.com\/\" rel=\"nofollow\" base target=\"_self\"><img decoding=\"async\" src=\"https:\/\/www.thepornlist.net\/wp-content\/uploads\/2015\/review\/winporn.jpg\" width=\"500\" height=\"500\" alt=\"Porn Tube\"><\/a><\/p>\n<\/div>\n<div class=\"reviewtitle\">\n<h1 style=\"font-family:Arial;font-size:56px;font-style:normal;font-weight:bold;color:#FF1F78;\">winporn<\/h1>\n<\/div>\n<div class=\"reviewsub\">\n<h2 style=\"font-size:14px;font-style:normal;font-weight:bold;\">winporn.com<\/H2>\n<\/div>\n<div class=\"reviewtext\">\n<span style=\"font-size:16px;font-style:normal;\">WinPorn.com ist eine Porno Tuben Webseite, wo du eine Menge HD Clips f\u00fcr Erwachsene bekommst. Sie hat ein klares, wei\u00dfes Layout und die Liste ihrer verf\u00fcgbaren Kategorien befindet sich in der rechten Seitenleiste. Es scheint als ob du die heterosexuellen Inhalte in andere Orientierungen und Vorlieben wie schwul und Shemale \u00e4ndern kannst. <\/br><\/p>\n<p>Zu jeder hinzugef\u00fcgten Kategorie wirst du wissen wie viele Videos unter ihr hinzugef\u00fcgt wurden. Zum Beispiel wirst du in der anal Nische zum Zeitpunkt dieser Bewertung mehr als 12.700 Videos zum Ansehen haben. Andere Kategorien sind: Amateur, asiatisch, BBW, Babe, blond, Blowjob, br\u00fcnett, Cumshot, Fetisch, hardcore, HD, interracial, Lesben, Masturbation, reif, Milf und andere. <\/br><\/p>\n<p>Die Homepage ist voll mit exquisiten Vorschaubildern und u wirst einen Blick darauf werfen, was in der Szene passieren wird, wenn du deine Maus dar\u00fcber bewegst. Die dort gefundenen Ergebnisse kannst du sortieren nach neuesten Updates, Top bewertete und meist gesehene. Wenn du wei\u00dft wie K\u00e4sten mit Suchfunktion funktionieren und wenn du ein paar Schl\u00fcsselw\u00f6rter kennst dann nutze dein Wissen um das zu finden, wonach du suchst. Da sie so viel an Inhalt haben, bin ich mir sicher, dass du finden wirst, was du willst.<br \/>\n<\/span>\n<\/div>\n<div class=\"reviewsiteurl\">\n<a href=\"http:\/\/www.winporn.com\/\" rel=\"nofollow\" base target=\"_self\"><span style=\"font-size:32px;font-style:normal;font-weight:bold;text-decoration:underline;\">Hier klicken, um die webseite zu besuchen <\/span><\/a>\n<\/div>\n<\/div>\n","protected":false},"excerpt":{"rendered":"<p>Zur\u00fcck zur Startseite Seitenbewertung winporn winporn.com WinPorn.com ist eine Porno Tuben Webseite, wo du eine Menge HD Clips f\u00fcr Erwachsene bekommst. Sie hat ein klares, wei\u00dfes Layout und die Liste ihrer verf\u00fcgbaren Kategorien befindet sich in der rechten Seitenleiste. Es scheint als ob du die heterosexuellen Inhalte in andere Orientierungen und Vorlieben wie schwul und <a href='https:\/\/www.thepornlist.net\/de\/porn-tube-sites\/winporn\/' class='excerpt-more'>[&#8230;]<\/a><\/p>\n","protected":false},"author":1,"featured_media":0,"parent":9407,"menu_order":43790,"comment_status":"closed","ping_status":"closed","template":"0-autofill-tpl-template.php","meta":{"_acf_changed":false,"footnotes":""},"tags":[],"acf":[],"aioseo_notices":[],"_links":{"self":[{"href":"https:\/\/www.thepornlist.net\/de\/wp-json\/wp\/v2\/pages\/9890"}],"collection":[{"href":"https:\/\/www.thepornlist.net\/de\/wp-json\/wp\/v2\/pages"}],"about":[{"href":"https:\/\/www.thepornlist.net\/de\/wp-json\/wp\/v2\/types\/page"}],"author":[{"embeddable":true,"href":"https:\/\/www.thepornlist.net\/de\/wp-json\/wp\/v2\/users\/1"}],"replies":[{"embeddable":true,"href":"https:\/\/www.thepornlist.net\/de\/wp-json\/wp\/v2\/comments?post=9890"}],"version-history":[{"count":0,"href":"https:\/\/www.thepornlist.net\/de\/wp-json\/wp\/v2\/pages\/9890\/revisions"}],"up":[{"embeddable":true,"href":"https:\/\/www.thepornlist.net\/de\/wp-json\/wp\/v2\/pages\/9407"}],"wp:attachment":[{"href":"https:\/\/www.thepornlist.net\/de\/wp-json\/wp\/v2\/media?parent=9890"}],"wp:term":[{"taxonomy":"post_tag","embeddable":true,"href":"https:\/\/www.thepornlist.net\/de\/wp-json\/wp\/v2\/tags?post=9890"}],"curies":[{"name":"wp","href":"https:\/\/api.w.org\/{rel}","templated":true}]}}