{"id":9891,"date":"2016-02-24T15:46:18","date_gmt":"2016-02-24T15:46:18","guid":{"rendered":"https:\/\/www.thepornlist.net\/de\/porn-tube-sites\/proporn\/"},"modified":"2019-05-23T13:10:31","modified_gmt":"2019-05-23T13:10:31","slug":"proporn","status":"publish","type":"page","link":"https:\/\/www.thepornlist.net\/de\/porn-tube-sites\/proporn\/","title":{"rendered":"proporn.com"},"content":{"rendered":"<div class=\"pb\">\n<div class=\"hd\">\n<a href=\"https:\/\/www.thepornlist.net\/de\/\" base target=\"_self\">Zur\u00fcck zur Startseite<\/a>\n<\/div>\n<div class=\"hd2\">\n<span style=\"font-style:normal;font-weight:bold;\">Seitenbewertung<\/span>\n<\/div>\n<\/div>\n<div style=\"width:100%; margin-left:auto; margin-right:auto; clear:both;z-index:1; padding-top:5px; border-radius: 2px;\">\n<div class=\"reviewimg\">\n<p><a href=\"http:\/\/www.proporn.com\/\" rel=\"nofollow\" base target=\"_self\"><img decoding=\"async\" src=\"https:\/\/www.thepornlist.net\/wp-content\/uploads\/2015\/review\/proporn.jpg\" width=\"500\" height=\"500\" alt=\"Porn Tube\"><\/a><\/p>\n<\/div>\n<div class=\"reviewtitle\">\n<h1 style=\"font-family:Arial;font-size:56px;font-style:normal;font-weight:bold;color:#FF1F78;\">proporn<\/h1>\n<\/div>\n<div class=\"reviewsub\">\n<h2 style=\"font-size:14px;font-style:normal;font-weight:bold;\">proporn.com<\/H2>\n<\/div>\n<div class=\"reviewtext\">\n<span style=\"font-size:16px;font-style:normal;\">Ich mag das Motto, das auf ProPorn.com verwendet wird &#8211; \u201eKostenloser Porno ist ProPorn!\u201c. Willkommen bei ProPorn, einer sehr guten Porno Tube wo du Abertausende an Videos genie\u00dfen k\u00f6nnen wirst. Das Layout sieht aus wie bei einer anderen Webseite, die ich hier bewertet habe, aber wen k\u00fcmmert das&#8230; <\/br><\/p>\n<p>Es gibt viele Nischen hier und du wirst sehen k\u00f6nnen wie viele Videos sie in jeder einzelnen davon haben: Amateur, anal, asiatisch, BBW, Babe, blond, Blowjob, br\u00fcnett, Cumshot, Fetisch, hardcore, HD, interracial, Lesben, Masturbation, reif, Milf, Nylon, outdoor, Pornostar, Shemales, Teen, Dreier, Spielzeuge und viele andere. <\/br><\/p>\n<p>Die Homepage erlaubt dir die letzten Updates hinter wundersch\u00f6nen Vorschaubildern zu sehen. Wenn du den Zeiger deiner Maus auf eins bewegst, kannst du eine Vorschau der Szene sehen. Scrolle nach unten bis du das Seiten Men\u00fc erreichst &#8211; in diesem Moment haben sie 1.241, die du dir ansehen kannst. Darunter listen sie nochmals alle ihre Nischen auf. Wenn du genau wei\u00dft, was du sehen willst und die Schl\u00fcsselw\u00f6rter um danach zu suchen kennst, dann verwende den Kasten mit der Suchfunktion, der sich direkt neben der Navigationsleiste befindet. Besuch PorPorn.com und schau es dir an!<br \/>\n<\/span>\n<\/div>\n<div class=\"reviewsiteurl\">\n<a href=\"http:\/\/www.proporn.com\/\" rel=\"nofollow\" base target=\"_self\"><span style=\"font-size:32px;font-style:normal;font-weight:bold;text-decoration:underline;\">Hier klicken, um die webseite zu besuchen <\/span><\/a>\n<\/div>\n<\/div>\n","protected":false},"excerpt":{"rendered":"<p>Zur\u00fcck zur Startseite Seitenbewertung proporn proporn.com Ich mag das Motto, das auf ProPorn.com verwendet wird &#8211; \u201eKostenloser Porno ist ProPorn!\u201c. Willkommen bei ProPorn, einer sehr guten Porno Tube wo du Abertausende an Videos genie\u00dfen k\u00f6nnen wirst. Das Layout sieht aus wie bei einer anderen Webseite, die ich hier bewertet habe, aber wen k\u00fcmmert das&#8230; Es <a href='https:\/\/www.thepornlist.net\/de\/porn-tube-sites\/proporn\/' class='excerpt-more'>[&#8230;]<\/a><\/p>\n","protected":false},"author":1,"featured_media":0,"parent":9407,"menu_order":43730,"comment_status":"closed","ping_status":"closed","template":"0-autofill-tpl-template.php","meta":{"_acf_changed":false,"footnotes":""},"tags":[],"acf":[],"aioseo_notices":[],"_links":{"self":[{"href":"https:\/\/www.thepornlist.net\/de\/wp-json\/wp\/v2\/pages\/9891"}],"collection":[{"href":"https:\/\/www.thepornlist.net\/de\/wp-json\/wp\/v2\/pages"}],"about":[{"href":"https:\/\/www.thepornlist.net\/de\/wp-json\/wp\/v2\/types\/page"}],"author":[{"embeddable":true,"href":"https:\/\/www.thepornlist.net\/de\/wp-json\/wp\/v2\/users\/1"}],"replies":[{"embeddable":true,"href":"https:\/\/www.thepornlist.net\/de\/wp-json\/wp\/v2\/comments?post=9891"}],"version-history":[{"count":0,"href":"https:\/\/www.thepornlist.net\/de\/wp-json\/wp\/v2\/pages\/9891\/revisions"}],"up":[{"embeddable":true,"href":"https:\/\/www.thepornlist.net\/de\/wp-json\/wp\/v2\/pages\/9407"}],"wp:attachment":[{"href":"https:\/\/www.thepornlist.net\/de\/wp-json\/wp\/v2\/media?parent=9891"}],"wp:term":[{"taxonomy":"post_tag","embeddable":true,"href":"https:\/\/www.thepornlist.net\/de\/wp-json\/wp\/v2\/tags?post=9891"}],"curies":[{"name":"wp","href":"https:\/\/api.w.org\/{rel}","templated":true}]}}