{"id":9892,"date":"2016-02-24T15:46:04","date_gmt":"2016-02-24T15:46:04","guid":{"rendered":"https:\/\/www.thepornlist.net\/de\/porn-tube-sites\/viptube\/"},"modified":"2019-05-24T09:08:33","modified_gmt":"2019-05-24T09:08:33","slug":"viptube","status":"publish","type":"page","link":"https:\/\/www.thepornlist.net\/de\/porn-tube-sites\/viptube\/","title":{"rendered":"viptube.com"},"content":{"rendered":"<div class=\"pb\">\n<div class=\"hd\">\n<a href=\"https:\/\/www.thepornlist.net\/de\/\" base target=\"_self\">Zur\u00fcck zur Startseite<\/a>\n<\/div>\n<div class=\"hd2\">\n<span style=\"font-style:normal;font-weight:bold;\">Seitenbewertung<\/span>\n<\/div>\n<\/div>\n<div style=\"width:100%; margin-left:auto; margin-right:auto; clear:both;z-index:1; padding-top:5px; border-radius: 2px;\">\n<div class=\"reviewimg\">\n<p><a href=\"http:\/\/www.viptube.com\/\" rel=\"nofollow\" base target=\"_self\"><img decoding=\"async\" src=\"https:\/\/www.thepornlist.net\/wp-content\/uploads\/2015\/review\/viptube.jpg\" width=\"500\" height=\"500\" alt=\"Porn Tube\"><\/a><\/p>\n<\/div>\n<div class=\"reviewtitle\">\n<h1 style=\"font-family:Arial;font-size:56px;font-style:normal;font-weight:bold;color:#FF1F78;\">viptube<\/h1>\n<\/div>\n<div class=\"reviewsub\">\n<h2 style=\"font-size:14px;font-style:normal;font-weight:bold;\">viptube.com<\/H2>\n<\/div>\n<div class=\"reviewtext\">\n<span style=\"font-size:16px;font-style:normal;\">\u00dcber 200.000 Videos in der Kategorie Amateur. Soll ich weiter machen oder ist das schon genug damit du diese Porno Tube besuchst? \u00dcber 50.000 Clips in der Anal Nische oder \u00fcber 49.000 in der asiatischen Nische. Das ist noch nicht alles \u2013 sie haben Abertausende an Videos in Kategorien wie BBW, Babe, blond, Blowjob, br\u00fcnett, Cumshot, Fetisch, hardcore, Hentai, HD, interracial, Lesben, Masturbation, reif, Milf, Nylon, outdoor, Pornostar, Teen und anderen. <\/br><\/p>\n<p>Die Homepage von VIPTube.com teilt mit dir die beworbenen Videos. Darunter wirst du die Vorschaubilder f\u00fcr die letzten Updates nach Tagen sehen k\u00f6nnen. Scrolle nach unten um die Men\u00fc Seite zu sehen \u2013 mehr als 15.900 Seiten im Moment. In ihrer Beschreibung erz\u00e4hlen sie dir, dass das Zeitalter der bezahlten Pornos vorbei ist und dass sie dir genug kostenlose Pornos f\u00fcr den Rest deines Lebens geben werden. Sie werden dir auch sagen, dass du t\u00e4glich vorbei schauen sollst, denn sie f\u00fcgen regelm\u00e4\u00dfig neue Sex Szenen hinzu. Schreib dir das irgendwo auf \u2013 du musst dort jeden Tag reinschauen! <\/br><\/p>\n<p>VIPTube ist eine der Porno Tuben, die dich dar\u00fcber nachdenken l\u00e4sst, wie viele Pornos es auf diesem Planten wohl gibt. Besuch sie und finde heraus warum ich das gesagt habe!<br \/>\n<\/span>\n<\/div>\n<div class=\"reviewsiteurl\">\n<a href=\"http:\/\/www.viptube.com\/\" rel=\"nofollow\" base target=\"_self\"><span style=\"font-size:32px;font-style:normal;font-weight:bold;text-decoration:underline;\">Hier klicken, um die webseite zu besuchen <\/span><\/a>\n<\/div>\n<\/div>\n","protected":false},"excerpt":{"rendered":"<p>Zur\u00fcck zur Startseite Seitenbewertung viptube viptube.com \u00dcber 200.000 Videos in der Kategorie Amateur. Soll ich weiter machen oder ist das schon genug damit du diese Porno Tube besuchst? \u00dcber 50.000 Clips in der Anal Nische oder \u00fcber 49.000 in der asiatischen Nische. Das ist noch nicht alles \u2013 sie haben Abertausende an Videos in Kategorien <a href='https:\/\/www.thepornlist.net\/de\/porn-tube-sites\/viptube\/' class='excerpt-more'>[&#8230;]<\/a><\/p>\n","protected":false},"author":1,"featured_media":0,"parent":9407,"menu_order":43010,"comment_status":"closed","ping_status":"closed","template":"0-autofill-tpl-template.php","meta":{"_acf_changed":false,"footnotes":""},"tags":[],"acf":[],"aioseo_notices":[],"_links":{"self":[{"href":"https:\/\/www.thepornlist.net\/de\/wp-json\/wp\/v2\/pages\/9892"}],"collection":[{"href":"https:\/\/www.thepornlist.net\/de\/wp-json\/wp\/v2\/pages"}],"about":[{"href":"https:\/\/www.thepornlist.net\/de\/wp-json\/wp\/v2\/types\/page"}],"author":[{"embeddable":true,"href":"https:\/\/www.thepornlist.net\/de\/wp-json\/wp\/v2\/users\/1"}],"replies":[{"embeddable":true,"href":"https:\/\/www.thepornlist.net\/de\/wp-json\/wp\/v2\/comments?post=9892"}],"version-history":[{"count":0,"href":"https:\/\/www.thepornlist.net\/de\/wp-json\/wp\/v2\/pages\/9892\/revisions"}],"up":[{"embeddable":true,"href":"https:\/\/www.thepornlist.net\/de\/wp-json\/wp\/v2\/pages\/9407"}],"wp:attachment":[{"href":"https:\/\/www.thepornlist.net\/de\/wp-json\/wp\/v2\/media?parent=9892"}],"wp:term":[{"taxonomy":"post_tag","embeddable":true,"href":"https:\/\/www.thepornlist.net\/de\/wp-json\/wp\/v2\/tags?post=9892"}],"curies":[{"name":"wp","href":"https:\/\/api.w.org\/{rel}","templated":true}]}}