{"id":9893,"date":"2016-02-24T15:35:23","date_gmt":"2016-02-24T15:35:23","guid":{"rendered":"https:\/\/www.thepornlist.net\/de\/jav-porn-sites\/allgravure\/"},"modified":"2019-08-19T09:05:29","modified_gmt":"2019-08-19T09:05:29","slug":"allgravure","status":"publish","type":"page","link":"https:\/\/www.thepornlist.net\/de\/jav-porn-sites\/allgravure\/","title":{"rendered":"allgravure.com"},"content":{"rendered":"<div class=\"pb\">\n<div class=\"hd\">\n<a href=\"https:\/\/www.thepornlist.net\/de\/\" base target=\"_self\" rel=\"noopener noreferrer\">Zur\u00fcck zur Startseite<\/a>\n<\/div>\n<div class=\"hd2\">\n<span style=\"font-style:normal;font-weight:bold;\">Seitenbewertung<\/span>\n<\/div>\n<\/div>\n<div style=\"width:100%; margin-left:auto; margin-right:auto; clear:both;z-index:1; padding-top:5px; border-radius: 2px;\">\n<div class=\"reviewimg\">\n<p><a href=\"http:\/\/join.allgravure.com\/track\/NjY5LjMuMy4zLjAuMC4wLjAuMA\" rel=\"nofollow noopener noreferrer\" base target=\"_self\"><img decoding=\"async\" src=\"https:\/\/www.thepornlist.net\/wp-content\/uploads\/2015\/review\/allgravure.jpg\" width=\"500\" height=\"500\" alt=\"Porn Tube\"><\/a><\/p>\n<\/div>\n<div class=\"reviewtitle\">\n<h1 style=\"font-family:Arial;font-size:56px;font-style:normal;font-weight:bold;color:#FF1F78;\">allgravure<\/h1>\n<\/div>\n<div class=\"reviewsub\">\n<h2 style=\"font-size:14px;font-style:normal;font-weight:bold;\">allgravure.com<\/H2>\n<\/div>\n<div class=\"reviewtext\">\n<span style=\"font-size:16px;font-style:normal;\">AllGravure.com \u2013 nur die hei\u00dfesten japanischen Models. \u201eNur die hei\u00dfesten japanischen Babes werden f\u00fcr unsere Seite in HD fotografiert. Wir zeigen dir nur die pr\u00e4chtigsten japanischen Models in unserem umfangreichen Model Archiv. Wir  bieten t\u00e4gliche Updates von gro\u00dfartigen asiatischen Titelseiten Girls in kristallklaren Fotos und Videos. Genie\u00dfe exklusive japanische Titelseiten Models, die dein Herz und deinen Schwanz zum schmelzen bringen mit ihren gestochen scharfen Fotos und Videos. Wir bieten die umfangreichste und exklusivste Datenbank f\u00fcr asiatische Models auf diesem Planeten! Wir suchen fortw\u00e4hrend auf der ganzen Welt nach den besten japanischen Titelseiten Models und f\u00fcgen sie zu unserem exklusiven Model Archiv hinzu.\u201c<\/br><\/p>\n<p>Die Homepage wird dir zeigen, dass sie 772 Seiten voller Juwelen haben. Sie haben nicht nur Fotos sondern auch Videos. Du kannst sofortigen Zugang bekommen wenn du ein paar Dollar ausgibst. Mit einer Mitgliedschaft bekommst du folgendes: kompletten Zugang zu ihrer ganzen Datenbank, die gr\u00f6\u00dfte Sammlung von Gravure Models, einen streamenden Flash Player  und verschiedene Download Optionen. Vollbild und DVD Qualit\u00e4t mit hoher Aufl\u00f6sung, kein DRM \u2013 du kannst Filme herunterladen um sie immer wieder anzusehen, t\u00e4gliche Updates und du kannst deine Mitgliedschaft wann immer du willst wieder k\u00fcndigen.<\/br> <\/p>\n<p>Wenn du echte asiatische Sch\u00f6nheiten sehen willst, ist AllGravure eine der besten Optionen!<br \/>\n<\/span>\n<\/div>\n<div class=\"reviewsiteurl\">\n<a href=\"http:\/\/join.allgravure.com\/track\/NjY5LjMuMy4zLjAuMC4wLjAuMA\" rel=\"nofollow noopener noreferrer\" base target=\"_self\"><span style=\"font-size:32px;font-style:normal;font-weight:bold;text-decoration:underline;\">Hier klicken, um die webseite zu besuchen <\/span><\/a>\n<\/div>\n<\/div>\n","protected":false},"excerpt":{"rendered":"<p>Zur\u00fcck zur Startseite Seitenbewertung allgravure allgravure.com AllGravure.com \u2013 nur die hei\u00dfesten japanischen Models. \u201eNur die hei\u00dfesten japanischen Babes werden f\u00fcr unsere Seite in HD fotografiert. Wir zeigen dir nur die pr\u00e4chtigsten japanischen Models in unserem umfangreichen Model Archiv. Wir bieten t\u00e4gliche Updates von gro\u00dfartigen asiatischen Titelseiten Girls in kristallklaren Fotos und Videos. Genie\u00dfe exklusive japanische <a href='https:\/\/www.thepornlist.net\/de\/jav-porn-sites\/allgravure\/' class='excerpt-more'>[&#8230;]<\/a><\/p>\n","protected":false},"author":1,"featured_media":0,"parent":9761,"menu_order":16130,"comment_status":"closed","ping_status":"closed","template":"0-autofill-tpl-template.php","meta":{"_acf_changed":false,"footnotes":""},"tags":[597,598],"acf":[],"aioseo_notices":[],"_links":{"self":[{"href":"https:\/\/www.thepornlist.net\/de\/wp-json\/wp\/v2\/pages\/9893"}],"collection":[{"href":"https:\/\/www.thepornlist.net\/de\/wp-json\/wp\/v2\/pages"}],"about":[{"href":"https:\/\/www.thepornlist.net\/de\/wp-json\/wp\/v2\/types\/page"}],"author":[{"embeddable":true,"href":"https:\/\/www.thepornlist.net\/de\/wp-json\/wp\/v2\/users\/1"}],"replies":[{"embeddable":true,"href":"https:\/\/www.thepornlist.net\/de\/wp-json\/wp\/v2\/comments?post=9893"}],"version-history":[{"count":0,"href":"https:\/\/www.thepornlist.net\/de\/wp-json\/wp\/v2\/pages\/9893\/revisions"}],"up":[{"embeddable":true,"href":"https:\/\/www.thepornlist.net\/de\/wp-json\/wp\/v2\/pages\/9761"}],"wp:attachment":[{"href":"https:\/\/www.thepornlist.net\/de\/wp-json\/wp\/v2\/media?parent=9893"}],"wp:term":[{"taxonomy":"post_tag","embeddable":true,"href":"https:\/\/www.thepornlist.net\/de\/wp-json\/wp\/v2\/tags?post=9893"}],"curies":[{"name":"wp","href":"https:\/\/api.w.org\/{rel}","templated":true}]}}