{"id":9899,"date":"2016-02-14T19:46:57","date_gmt":"2016-02-14T19:46:57","guid":{"rendered":"https:\/\/www.thepornlist.net\/de\/virtualstrippers\/"},"modified":"2019-05-06T11:50:25","modified_gmt":"2019-05-06T11:50:25","slug":"virtualstrippers","status":"publish","type":"page","link":"https:\/\/www.thepornlist.net\/de\/porn-tgp-sites\/virtualstrippers\/","title":{"rendered":"virtualstrippers.net"},"content":{"rendered":"<div class=\"pb\">\n<div class=\"hd\">\n<a href=\"https:\/\/www.thepornlist.net\/de\/\" base target=\"_self\">Zur\u00fcck zur Startseite<\/a>\n<\/div>\n<div class=\"hd2\">\n<span style=\"font-style:normal;font-weight:bold;\">Seitenbewertung<\/span>\n<\/div>\n<\/div>\n<div style=\"width:100%; margin-left:auto; margin-right:auto; clear:both;z-index:1; padding-top:5px; border-radius: 2px;\">\n<div class=\"reviewimg\">\n<p><a href=\"http:\/\/virtualstrippers.net\/\" rel=\"nofollow\" base target=\"_self\"><img decoding=\"async\" src=\"https:\/\/www.thepornlist.net\/wp-content\/uploads\/2015\/review\/virtualstrippers.jpg\" width=\"500\" height=\"500\" alt=\"Porn Tube\"><\/a><\/p>\n<\/div>\n<div class=\"reviewtitle\">\n<h1 style=\"font-family:Arial;font-size:56px;font-style:normal;font-weight:bold;color:#FF1F78;\">virtualstrippers<\/h1>\n<\/div>\n<div class=\"reviewsub\">\n<h2 style=\"font-size:14px;font-style:normal;font-weight:bold;\">virtualstrippers.net<\/H2>\n<\/div>\n<div class=\"reviewtext\">\n<span style=\"font-size:16px;font-style:normal;\">Lass uns einmal annehmen, dass du dich einsam f\u00fchlst oder deiner Realit\u00e4t m\u00fcde bist, besonders wenn deine Realt\u00e4t dir nicht viele hei\u00dfe Babes gibt, die nur zu deiner Unterhaltung tanzen. Dann gibt es virtualstrippers.net, eine Webseite, die dir einige hei\u00dfe Luder auf dein Desktop bringen wird, es ist wie eine Party mit lauter Pornostars aus der ganzen Welt. Du musst dir nur eine aussuchen, manchmal wirst du auf eine andere Webseite kommen, die ein exakter Zwilling von dieser ist, das ist ein bisschen st\u00f6rend wenn du mich fragst. Aber meistens wirst du, nachdem du dir ein sexy Girls aus diesen gro\u00dfen Vorschaubildern ausgesucht hast, auf eine Seite kommen, wo du dein Girl downloaden kannst.<\/br><\/p>\n<p>WTF? Hei\u00dfe Babes downloaden, vielleicht ist es der neueste Trend, so als ob man eine Pizza oder etwas anderes bestellt. Wie auch immer, du bekommst dein Girl indem du es herunterl\u00e4dst und eine Software installierst, die nichts kostet. Das Design von virtualstrippers ist ok. Ganz oben wirst du einige Links zu ihren Zwillings Webseiten sehen, die Vorschaubilder sind ansprechend und gro\u00df. Am Ende der Seite wirst du Links zu anderen Webseiten finden, das sind die Partner von dieser hier. Wenn du nach etwas anderem als Pornos suchst, dann probiere das aus!<br \/>\n<\/span>\n<\/div>\n<div class=\"reviewsiteurl\">\n<a href=\"http:\/\/virtualstrippers.net\/\" rel=\"nofollow\" base target=\"_self\"><span style=\"font-size:32px;font-style:normal;font-weight:bold;text-decoration:underline;\">Hier klicken, um die webseite zu besuchen <\/span><\/a>\n<\/div>\n<\/div>\n","protected":false},"excerpt":{"rendered":"<p>Zur\u00fcck zur Startseite Seitenbewertung virtualstrippers virtualstrippers.net Lass uns einmal annehmen, dass du dich einsam f\u00fchlst oder deiner Realit\u00e4t m\u00fcde bist, besonders wenn deine Realt\u00e4t dir nicht viele hei\u00dfe Babes gibt, die nur zu deiner Unterhaltung tanzen. Dann gibt es virtualstrippers.net, eine Webseite, die dir einige hei\u00dfe Luder auf dein Desktop bringen wird, es ist wie <a href='https:\/\/www.thepornlist.net\/de\/porn-tgp-sites\/virtualstrippers\/' class='excerpt-more'>[&#8230;]<\/a><\/p>\n","protected":false},"author":1,"featured_media":0,"parent":9952,"menu_order":38670,"comment_status":"closed","ping_status":"closed","template":"0-autofill-tpl-template.php","meta":{"_acf_changed":false,"footnotes":""},"tags":[],"acf":[],"aioseo_notices":[],"_links":{"self":[{"href":"https:\/\/www.thepornlist.net\/de\/wp-json\/wp\/v2\/pages\/9899"}],"collection":[{"href":"https:\/\/www.thepornlist.net\/de\/wp-json\/wp\/v2\/pages"}],"about":[{"href":"https:\/\/www.thepornlist.net\/de\/wp-json\/wp\/v2\/types\/page"}],"author":[{"embeddable":true,"href":"https:\/\/www.thepornlist.net\/de\/wp-json\/wp\/v2\/users\/1"}],"replies":[{"embeddable":true,"href":"https:\/\/www.thepornlist.net\/de\/wp-json\/wp\/v2\/comments?post=9899"}],"version-history":[{"count":0,"href":"https:\/\/www.thepornlist.net\/de\/wp-json\/wp\/v2\/pages\/9899\/revisions"}],"up":[{"embeddable":true,"href":"https:\/\/www.thepornlist.net\/de\/wp-json\/wp\/v2\/pages\/9952"}],"wp:attachment":[{"href":"https:\/\/www.thepornlist.net\/de\/wp-json\/wp\/v2\/media?parent=9899"}],"wp:term":[{"taxonomy":"post_tag","embeddable":true,"href":"https:\/\/www.thepornlist.net\/de\/wp-json\/wp\/v2\/tags?post=9899"}],"curies":[{"name":"wp","href":"https:\/\/api.w.org\/{rel}","templated":true}]}}