{"id":9901,"date":"2016-02-14T19:46:52","date_gmt":"2016-02-14T19:46:52","guid":{"rendered":"https:\/\/www.thepornlist.net\/de\/mybabesart\/"},"modified":"2019-05-06T11:44:36","modified_gmt":"2019-05-06T11:44:36","slug":"mybabesart","status":"publish","type":"page","link":"https:\/\/www.thepornlist.net\/de\/porn-tgp-sites\/mybabesart\/","title":{"rendered":"mybabesart.com"},"content":{"rendered":"<div class=\"pb\">\n<div class=\"hd\">\n<a href=\"https:\/\/www.thepornlist.net\/de\/\" base target=\"_self\">Zur\u00fcck zur Startseite<\/a>\n<\/div>\n<div class=\"hd2\">\n<span style=\"font-style:normal;font-weight:bold;\">Seitenbewertung<\/span>\n<\/div>\n<\/div>\n<div style=\"width:100%; margin-left:auto; margin-right:auto; clear:both;z-index:1; padding-top:5px; border-radius: 2px;\">\n<div class=\"reviewimg\">\n<p><a href=\"http:\/\/www.mybabesart.com\/\" rel=\"nofollow\" base target=\"_self\"><img decoding=\"async\" src=\"https:\/\/www.thepornlist.net\/wp-content\/uploads\/2015\/review\/mybabesart.jpg\" width=\"500\" height=\"500\" alt=\"Porn Tube\"><\/a><\/p>\n<\/div>\n<div class=\"reviewtitle\">\n<h1 style=\"font-family:Arial;font-size:56px;font-style:normal;font-weight:bold;color:#FF1F78;\">mybabesart<\/h1>\n<\/div>\n<div class=\"reviewsub\">\n<h2 style=\"font-size:14px;font-style:normal;font-weight:bold;\">mybabesart.com<\/H2>\n<\/div>\n<div class=\"reviewtext\">\n<span style=\"font-size:16px;font-style:normal;\">Ich wei\u00df nichts \u00fcber dich, aber ich denke, dass wir, die Fands der Erozik, es verdienen einen Ort zu haben, an dem wir so viele erotische Bilder von Babes sehen k\u00f6nnen, wie nur m\u00f6glich. Und wei\u00dft du was? Dieser Ort existiert wirklich und hei\u00dft MyBabesArt.com! Hunderte der hei\u00dfesten Models der Welt sind auf dieser Webseite auf den erotischsten Fotos, nur f\u00fcr uns, zusammengestellt worden!<\/br> <\/p>\n<p>Nachdem wir uns selbst jede Menge Freude mit jedem Bild auf dieser gro\u00dfz\u00fcgigen Seite bereitet haben, k\u00f6nnen wir mehr und mehr unglaublich erotische Bilder sehen indem wir auf irgendeines der Bilder, die wir auf der Seite sehen, klicken. Eine neue reichhaltige Foto Galerie wird sich direkt vor deinen Augen \u00f6ffnen mit noch mehr sexy Models zum anschauen. Absolut alle Bilder auf MyBabesArt sind qualitativ hochwertig und absolut alle Girls sind sehr l\u00fcstern! Es gibt eine gro\u00dfe Vielfalt an Girls: blonde, br\u00fcnette, zierliche, gro\u00dfe, mit gro\u00dfen M\u00f6psen, mit kleinen Bienenstichen, mit gro\u00dfen \u00c4rschen, mit kleinen und anregenden Hintern, Girls mit und ohne Dessous, Girls, die in der freien Natur posieren und noch mehr. Die ganze Aufregung geht weiter wenn du zu der Fu\u00dfleiste der Seite gehst. Hier gibt es viele Links zu anderen tollen Webseiten auf denen du dir sogar noch mehr Fotos von sexy Girls anschauen kannst.<\/br><\/p>\n<p>Also besuche MyBabesArt jetzt!<\/span>\n<\/div>\n<div class=\"reviewsiteurl\">\n<a href=\"http:\/\/www.mybabesart.com\/\" rel=\"nofollow\" base target=\"_self\"><span style=\"font-size:32px;font-style:normal;font-weight:bold;text-decoration:underline;\">Hier klicken, um die webseite zu besuchen <\/span><\/a>\n<\/div>\n<\/div>\n","protected":false},"excerpt":{"rendered":"<p>Zur\u00fcck zur Startseite Seitenbewertung mybabesart mybabesart.com Ich wei\u00df nichts \u00fcber dich, aber ich denke, dass wir, die Fands der Erozik, es verdienen einen Ort zu haben, an dem wir so viele erotische Bilder von Babes sehen k\u00f6nnen, wie nur m\u00f6glich. Und wei\u00dft du was? Dieser Ort existiert wirklich und hei\u00dft MyBabesArt.com! Hunderte der hei\u00dfesten Models <a href='https:\/\/www.thepornlist.net\/de\/porn-tgp-sites\/mybabesart\/' class='excerpt-more'>[&#8230;]<\/a><\/p>\n","protected":false},"author":1,"featured_media":0,"parent":9952,"menu_order":38530,"comment_status":"closed","ping_status":"closed","template":"0-autofill-tpl-template.php","meta":{"_acf_changed":false,"footnotes":""},"tags":[],"acf":[],"aioseo_notices":[],"_links":{"self":[{"href":"https:\/\/www.thepornlist.net\/de\/wp-json\/wp\/v2\/pages\/9901"}],"collection":[{"href":"https:\/\/www.thepornlist.net\/de\/wp-json\/wp\/v2\/pages"}],"about":[{"href":"https:\/\/www.thepornlist.net\/de\/wp-json\/wp\/v2\/types\/page"}],"author":[{"embeddable":true,"href":"https:\/\/www.thepornlist.net\/de\/wp-json\/wp\/v2\/users\/1"}],"replies":[{"embeddable":true,"href":"https:\/\/www.thepornlist.net\/de\/wp-json\/wp\/v2\/comments?post=9901"}],"version-history":[{"count":0,"href":"https:\/\/www.thepornlist.net\/de\/wp-json\/wp\/v2\/pages\/9901\/revisions"}],"up":[{"embeddable":true,"href":"https:\/\/www.thepornlist.net\/de\/wp-json\/wp\/v2\/pages\/9952"}],"wp:attachment":[{"href":"https:\/\/www.thepornlist.net\/de\/wp-json\/wp\/v2\/media?parent=9901"}],"wp:term":[{"taxonomy":"post_tag","embeddable":true,"href":"https:\/\/www.thepornlist.net\/de\/wp-json\/wp\/v2\/tags?post=9901"}],"curies":[{"name":"wp","href":"https:\/\/api.w.org\/{rel}","templated":true}]}}