{"id":9902,"date":"2016-02-14T19:46:50","date_gmt":"2016-02-14T19:46:50","guid":{"rendered":"https:\/\/www.thepornlist.net\/de\/metart-teens\/"},"modified":"2019-05-06T11:44:23","modified_gmt":"2019-05-06T11:44:23","slug":"metart-teens","status":"publish","type":"page","link":"https:\/\/www.thepornlist.net\/de\/porn-tgp-sites\/metart-teens\/","title":{"rendered":"metart-teens.com"},"content":{"rendered":"<div class=\"pb\">\n<div class=\"hd\">\n<a href=\"https:\/\/www.thepornlist.net\/de\/\" base target=\"_self\">Zur\u00fcck zur Startseite<\/a>\n<\/div>\n<div class=\"hd2\">\n<span style=\"font-style:normal;font-weight:bold;\">Seitenbewertung<\/span>\n<\/div>\n<\/div>\n<div style=\"width:100%; margin-left:auto; margin-right:auto; clear:both;z-index:1; padding-top:5px; border-radius: 2px;\">\n<div class=\"reviewimg\">\n<p><a href=\"http:\/\/metart-teens.com\/\" rel=\"nofollow\" base target=\"_self\"><img decoding=\"async\" src=\"https:\/\/www.thepornlist.net\/wp-content\/uploads\/2015\/review\/metart-teens.jpg\" width=\"500\" height=\"500\" alt=\"Porn Tube\"><\/a><\/p>\n<\/div>\n<div class=\"reviewtitle\">\n<h1 style=\"font-family:Arial;font-size:56px;font-style:normal;font-weight:bold;color:#FF1F78;\">metart-teens<\/h1>\n<\/div>\n<div class=\"reviewsub\">\n<h2 style=\"font-size:14px;font-style:normal;font-weight:bold;\">metart-teens.com<\/H2>\n<\/div>\n<div class=\"reviewtext\">\n<span style=\"font-size:16px;font-style:normal;\">MetArt-Teens.com ist eine Webseite die ihren Namen absolut verdient denn sie macht aus Teen Bildern echte Kunst! Alle Bilder auf dieser Webseite sind so k\u00fcnstlerisch, erotisch und qualitativ hochwertig!<\/br><\/p>\n<p>Willkommen bei MetArt-Teens.com! Hier werden alle deine hei\u00dfesten und versautesten Fantasien wahr dank der Hunderte an MetArt Galerien, die du dir kostenlos ansehen kannst! Alle die Teens, die du auf dieser Webseite bewundern kannst, sind sehr jung, unschuldig, sexy, sch\u00f6n, ausdrucksstark, \u00fcberw\u00e4ltigend, nat\u00fcrlich, pur, frech und die Liste kann von dir erg\u00e4nzt werden, sobald du diese Teens gesehen hast. F\u00fcr mich sehen diese P\u00fcppchen wie Engel aus, die gekommen sind um meine Tage gl\u00fccklich zu machen! Diese Seite sieht aus wie eine Collage mit erstaunlichen Bildern und wenn du erst einmal auf ein Bild geklickt hast, wird sich eine ganze Bilder Galerie dieses Models \u00f6ffnen oder eine ganze Seite mit mehr und mehr Teen Bildern zum anschauen. Also ist es praktisch eine unendliche Reise durch das Paradies der Bilder mit Teen Girls! F\u00fcge zu all dem noch die Tatsache dazu, dass die MetArt Model Galerien t\u00e4gliche Updates bekommen und du hast die perfekte Webseite! In der Fu\u00dfleiste der Seite hast du 150 Links zu MetArt Galerien mit jungen G\u00f6ren auf die du zugreifen kannst.<\/br><\/p>\n<p>Komm jetzt mit mir zu MetArt-Teens und verw\u00f6hne dich selbst!<br \/>\n<\/span>\n<\/div>\n<div class=\"reviewsiteurl\">\n<a href=\"http:\/\/metart-teens.com\/\" rel=\"nofollow\" base target=\"_self\"><span style=\"font-size:32px;font-style:normal;font-weight:bold;text-decoration:underline;\">Hier klicken, um die webseite zu besuchen <\/span><\/a>\n<\/div>\n<\/div>\n","protected":false},"excerpt":{"rendered":"<p>Zur\u00fcck zur Startseite Seitenbewertung metart-teens metart-teens.com MetArt-Teens.com ist eine Webseite die ihren Namen absolut verdient denn sie macht aus Teen Bildern echte Kunst! Alle Bilder auf dieser Webseite sind so k\u00fcnstlerisch, erotisch und qualitativ hochwertig! Willkommen bei MetArt-Teens.com! Hier werden alle deine hei\u00dfesten und versautesten Fantasien wahr dank der Hunderte an MetArt Galerien, die du <a href='https:\/\/www.thepornlist.net\/de\/porn-tgp-sites\/metart-teens\/' class='excerpt-more'>[&#8230;]<\/a><\/p>\n","protected":false},"author":1,"featured_media":0,"parent":9952,"menu_order":38270,"comment_status":"closed","ping_status":"closed","template":"0-autofill-tpl-template.php","meta":{"_acf_changed":false,"footnotes":""},"tags":[],"acf":[],"aioseo_notices":[],"_links":{"self":[{"href":"https:\/\/www.thepornlist.net\/de\/wp-json\/wp\/v2\/pages\/9902"}],"collection":[{"href":"https:\/\/www.thepornlist.net\/de\/wp-json\/wp\/v2\/pages"}],"about":[{"href":"https:\/\/www.thepornlist.net\/de\/wp-json\/wp\/v2\/types\/page"}],"author":[{"embeddable":true,"href":"https:\/\/www.thepornlist.net\/de\/wp-json\/wp\/v2\/users\/1"}],"replies":[{"embeddable":true,"href":"https:\/\/www.thepornlist.net\/de\/wp-json\/wp\/v2\/comments?post=9902"}],"version-history":[{"count":0,"href":"https:\/\/www.thepornlist.net\/de\/wp-json\/wp\/v2\/pages\/9902\/revisions"}],"up":[{"embeddable":true,"href":"https:\/\/www.thepornlist.net\/de\/wp-json\/wp\/v2\/pages\/9952"}],"wp:attachment":[{"href":"https:\/\/www.thepornlist.net\/de\/wp-json\/wp\/v2\/media?parent=9902"}],"wp:term":[{"taxonomy":"post_tag","embeddable":true,"href":"https:\/\/www.thepornlist.net\/de\/wp-json\/wp\/v2\/tags?post=9902"}],"curies":[{"name":"wp","href":"https:\/\/api.w.org\/{rel}","templated":true}]}}