{"id":9904,"date":"2016-02-14T19:46:44","date_gmt":"2016-02-14T19:46:44","guid":{"rendered":"https:\/\/www.thepornlist.net\/de\/youngheaven\/"},"modified":"2019-05-06T11:43:50","modified_gmt":"2019-05-06T11:43:50","slug":"youngheaven","status":"publish","type":"page","link":"https:\/\/www.thepornlist.net\/de\/porn-tgp-sites\/youngheaven\/","title":{"rendered":"youngheaven.com"},"content":{"rendered":"<div class=\"pb\">\n<div class=\"hd\">\n<a href=\"https:\/\/www.thepornlist.net\/de\/\" base target=\"_self\">Zur\u00fcck zur Startseite<\/a>\n<\/div>\n<div class=\"hd2\">\n<span style=\"font-style:normal;font-weight:bold;\">Seitenbewertung<\/span>\n<\/div>\n<\/div>\n<div style=\"width:100%; margin-left:auto; margin-right:auto; clear:both;z-index:1; padding-top:5px; border-radius: 2px;\">\n<div class=\"reviewimg\">\n<p><a href=\"http:\/\/www.youngheaven.com\/\" rel=\"nofollow\" base target=\"_self\"><img decoding=\"async\" src=\"https:\/\/www.thepornlist.net\/wp-content\/uploads\/2015\/review\/youngheaven.jpg\" width=\"500\" height=\"500\" alt=\"Porn Tube\"><\/a><\/p>\n<\/div>\n<div class=\"reviewtitle\">\n<h1 style=\"font-family:Arial;font-size:56px;font-style:normal;font-weight:bold;color:#FF1F78;\">youngheaven<\/h1>\n<\/div>\n<div class=\"reviewsub\">\n<h2 style=\"font-size:14px;font-style:normal;font-weight:bold;\">youngheaven.com<\/H2>\n<\/div>\n<div class=\"reviewtext\">\n<span style=\"font-size:16px;font-style:normal;\">Teens +\u00fcber 18, die Sex haben und zeigen, was sie alles k\u00f6nnen, ja das k\u00f6nnte der Himmel sein und es ist youngheaven.com. Ein Ort an dem du nackte junge Babes auf qualitativ hochwertigen Bildern finden kannst. Unmengen an Girls, die jemandem einen blasen und versaut sind. Das Layout dieser Webseite ist ziemlich gut, wirklich einwandfrei und nicht voller Banner wie bei einigen anderen Webseiten. Hier wirst du Vorschaubilder, die dich, sobald du sie angeklickt hast zu einer anderen Seite bringen werden, auf der du das komplette Foto Set anschauen kannst. Das alles ist kostenlos und ohne nervende Werbungen.<\/br><\/p>\n<p>Du bekommst, was du willst und wenn du sp\u00e4ter dann noch mehr sehen willst, kannst du den Link zur Zahlseite mit diesen Fotos anklicken. Wenn du mehr brauchst, dann musst du daf\u00fcr zahlen aber diese Leute verdienen es doch wirklich, dass sie ihre Rechnungen zahlen k\u00f6nnen, findest du nicht? Wie auch immer, ich empfehle diese gro\u00dfartige Webseite wirklich denn du wirst dort Inhalte bekommen, bis deine Batterien leer sind. Leider gibt es dort keine M\u00f6glichkeit den hier geteilten Inhalt zu sortieren, keine Schlagworte, keine Kategorien und keine Suchfunktion, was wirklich schade ist. Sie haben zwar ein Archiv aber auch das hat keine Seitenzahlen. Egal, es ist eine gute Quelle f\u00fcr Teen Pornos!<br \/>\n<\/span>\n<\/div>\n<div class=\"reviewsiteurl\">\n<a href=\"http:\/\/www.youngheaven.com\/\" rel=\"nofollow\" base target=\"_self\"><span style=\"font-size:32px;font-style:normal;font-weight:bold;text-decoration:underline;\">Hier klicken, um die webseite zu besuchen <\/span><\/a>\n<\/div>\n<\/div>\n","protected":false},"excerpt":{"rendered":"<p>Zur\u00fcck zur Startseite Seitenbewertung youngheaven youngheaven.com Teens +\u00fcber 18, die Sex haben und zeigen, was sie alles k\u00f6nnen, ja das k\u00f6nnte der Himmel sein und es ist youngheaven.com. Ein Ort an dem du nackte junge Babes auf qualitativ hochwertigen Bildern finden kannst. Unmengen an Girls, die jemandem einen blasen und versaut sind. Das Layout dieser <a href='https:\/\/www.thepornlist.net\/de\/porn-tgp-sites\/youngheaven\/' class='excerpt-more'>[&#8230;]<\/a><\/p>\n","protected":false},"author":1,"featured_media":0,"parent":9952,"menu_order":37170,"comment_status":"closed","ping_status":"closed","template":"0-autofill-tpl-template.php","meta":{"_acf_changed":false,"footnotes":""},"tags":[],"acf":[],"aioseo_notices":[],"_links":{"self":[{"href":"https:\/\/www.thepornlist.net\/de\/wp-json\/wp\/v2\/pages\/9904"}],"collection":[{"href":"https:\/\/www.thepornlist.net\/de\/wp-json\/wp\/v2\/pages"}],"about":[{"href":"https:\/\/www.thepornlist.net\/de\/wp-json\/wp\/v2\/types\/page"}],"author":[{"embeddable":true,"href":"https:\/\/www.thepornlist.net\/de\/wp-json\/wp\/v2\/users\/1"}],"replies":[{"embeddable":true,"href":"https:\/\/www.thepornlist.net\/de\/wp-json\/wp\/v2\/comments?post=9904"}],"version-history":[{"count":0,"href":"https:\/\/www.thepornlist.net\/de\/wp-json\/wp\/v2\/pages\/9904\/revisions"}],"up":[{"embeddable":true,"href":"https:\/\/www.thepornlist.net\/de\/wp-json\/wp\/v2\/pages\/9952"}],"wp:attachment":[{"href":"https:\/\/www.thepornlist.net\/de\/wp-json\/wp\/v2\/media?parent=9904"}],"wp:term":[{"taxonomy":"post_tag","embeddable":true,"href":"https:\/\/www.thepornlist.net\/de\/wp-json\/wp\/v2\/tags?post=9904"}],"curies":[{"name":"wp","href":"https:\/\/api.w.org\/{rel}","templated":true}]}}