{"id":9908,"date":"2016-02-14T19:46:32","date_gmt":"2016-02-14T19:46:32","guid":{"rendered":"https:\/\/www.thepornlist.net\/de\/candid-zone\/"},"modified":"2019-05-06T11:42:57","modified_gmt":"2019-05-06T11:42:57","slug":"candid-zone","status":"publish","type":"page","link":"https:\/\/www.thepornlist.net\/de\/porn-tgp-sites\/candid-zone\/","title":{"rendered":"candid-zone.com"},"content":{"rendered":"<div class=\"pb\">\n<div class=\"hd\">\n<a href=\"https:\/\/www.thepornlist.net\/de\/\" base target=\"_self\">Zur\u00fcck zur Startseite<\/a>\n<\/div>\n<div class=\"hd2\">\n<span style=\"font-style:normal;font-weight:bold;\">Seitenbewertung<\/span>\n<\/div>\n<\/div>\n<div style=\"width:100%; margin-left:auto; margin-right:auto; clear:both;z-index:1; padding-top:5px; border-radius: 2px;\">\n<div class=\"reviewimg\">\n<p><a href=\"http:\/\/www.candid-zone.com\/index.htm\" rel=\"nofollow\" base target=\"_self\"><img decoding=\"async\" src=\"https:\/\/www.thepornlist.net\/wp-content\/uploads\/2015\/review\/candid-zone.jpg\" width=\"500\" height=\"500\" alt=\"Porn Tube\"><\/a><\/p>\n<\/div>\n<div class=\"reviewtitle\">\n<h1 style=\"font-family:Arial;font-size:56px;font-style:normal;font-weight:bold;color:#FF1F78;\">candid-zone<\/h1>\n<\/div>\n<div class=\"reviewsub\">\n<h2 style=\"font-size:14px;font-style:normal;font-weight:bold;\">candid-zone.com<\/H2>\n<\/div>\n<div class=\"reviewtext\">\n<span style=\"font-size:16px;font-style:normal;\">Liebst du es nicht nackte Girls anzuschauen, die von der Kamera eingefangen werden ohne die geringste Ahnung, dass sie gefilmt werden? Ich hoffe, deine Antwort ist \u201eja\u201c denn ich will mit dir diese Webseite teilen, die ich gerade gefunden habe: Candid-Zone.com! Sobald du diese Webseite erst einmal betreten hast, \u00f6ffnen sich dir die Pforten zum Paradies f\u00fcr kostenlose Voyeur Bilder direkt vor dir!<\/br><\/p>\n<p>Willkommen bei Candid-Zone.com, einem Ort an dem du die besten kostenlosen Voyeur Bilder von vielen hei\u00dfen Webseiten sehen kannst! Jeder Klick auf eines der Bilder dieser Webseiten wird dich zu einem Set mit sechs Bildern f\u00fchren mit dem Girl, das du bewundern willst. Die Startseite begr\u00fc\u00dft dich mit einer Liste von 12 Webseiten aus denen du ausw\u00e4hlen kannst. Ja, du kannst auf alle davon zugreifen wenn du ein leidenschaftlicher Voyeur bist, so wie ich einer bin!<\/br><\/p>\n<p>Du willst mehr? Du bekommst mehr! Auf der rechten und der linken Seite dieser Webseite wirst du eine Liste mit Links zu Freunden finden, mit weiteren Webseiten auf denen du nackte und halbnackte Girls am Strand, bei Party, beim Sport machen und so weiter sehen kannst. Der Archiv Bereich hat eine Menge von Links auf die du klicken kannst wenn du \u00e4ltere Foto Galerien sehen willst.<\/br><\/p>\n<p>Besuche Candid-Zone gleich jetzt und du wirst zum gl\u00fccklichen Voyeur!<br \/>\n<\/span>\n<\/div>\n<div class=\"reviewsiteurl\">\n<a href=\"http:\/\/www.candid-zone.com\/index.htm\" rel=\"nofollow\" base target=\"_self\"><span style=\"font-size:32px;font-style:normal;font-weight:bold;text-decoration:underline;\">Hier klicken, um die webseite zu besuchen <\/span><\/a>\n<\/div>\n<\/div>\n","protected":false},"excerpt":{"rendered":"<p>Zur\u00fcck zur Startseite Seitenbewertung candid-zone candid-zone.com Liebst du es nicht nackte Girls anzuschauen, die von der Kamera eingefangen werden ohne die geringste Ahnung, dass sie gefilmt werden? Ich hoffe, deine Antwort ist \u201eja\u201c denn ich will mit dir diese Webseite teilen, die ich gerade gefunden habe: Candid-Zone.com! Sobald du diese Webseite erst einmal betreten hast, <a href='https:\/\/www.thepornlist.net\/de\/porn-tgp-sites\/candid-zone\/' class='excerpt-more'>[&#8230;]<\/a><\/p>\n","protected":false},"author":1,"featured_media":0,"parent":9952,"menu_order":35290,"comment_status":"closed","ping_status":"closed","template":"0-autofill-tpl-template.php","meta":{"_acf_changed":false,"footnotes":""},"tags":[],"acf":[],"aioseo_notices":[],"_links":{"self":[{"href":"https:\/\/www.thepornlist.net\/de\/wp-json\/wp\/v2\/pages\/9908"}],"collection":[{"href":"https:\/\/www.thepornlist.net\/de\/wp-json\/wp\/v2\/pages"}],"about":[{"href":"https:\/\/www.thepornlist.net\/de\/wp-json\/wp\/v2\/types\/page"}],"author":[{"embeddable":true,"href":"https:\/\/www.thepornlist.net\/de\/wp-json\/wp\/v2\/users\/1"}],"replies":[{"embeddable":true,"href":"https:\/\/www.thepornlist.net\/de\/wp-json\/wp\/v2\/comments?post=9908"}],"version-history":[{"count":0,"href":"https:\/\/www.thepornlist.net\/de\/wp-json\/wp\/v2\/pages\/9908\/revisions"}],"up":[{"embeddable":true,"href":"https:\/\/www.thepornlist.net\/de\/wp-json\/wp\/v2\/pages\/9952"}],"wp:attachment":[{"href":"https:\/\/www.thepornlist.net\/de\/wp-json\/wp\/v2\/media?parent=9908"}],"wp:term":[{"taxonomy":"post_tag","embeddable":true,"href":"https:\/\/www.thepornlist.net\/de\/wp-json\/wp\/v2\/tags?post=9908"}],"curies":[{"name":"wp","href":"https:\/\/api.w.org\/{rel}","templated":true}]}}