{"id":9909,"date":"2016-02-14T19:46:24","date_gmt":"2016-02-14T19:46:24","guid":{"rendered":"https:\/\/www.thepornlist.net\/de\/pussycalor\/"},"modified":"2019-05-06T11:42:11","modified_gmt":"2019-05-06T11:42:11","slug":"pussycalor","status":"publish","type":"page","link":"https:\/\/www.thepornlist.net\/de\/porn-tgp-sites\/pussycalor\/","title":{"rendered":"pussycalor.com"},"content":{"rendered":"<div class=\"pb\">\n<div class=\"hd\">\n<a href=\"https:\/\/www.thepornlist.net\/de\/\" base target=\"_self\">Zur\u00fcck zur Startseite<\/a>\n<\/div>\n<div class=\"hd2\">\n<span style=\"font-style:normal;font-weight:bold;\">Seitenbewertung<\/span>\n<\/div>\n<\/div>\n<div style=\"width:100%; margin-left:auto; margin-right:auto; clear:both;z-index:1; padding-top:5px; border-radius: 2px;\">\n<div class=\"reviewimg\">\n<p><a href=\"http:\/\/www.pussycalor.com\/\" rel=\"nofollow\" base target=\"_self\"><img decoding=\"async\" src=\"https:\/\/www.thepornlist.net\/wp-content\/uploads\/2015\/review\/pussycalor.jpg\" width=\"500\" height=\"500\" alt=\"Porn Tube\"><\/a><\/p>\n<\/div>\n<div class=\"reviewtitle\">\n<h1 style=\"font-family:Arial;font-size:56px;font-style:normal;font-weight:bold;color:#FF1F78;\">pussycalor<\/h1>\n<\/div>\n<div class=\"reviewsub\">\n<h2 style=\"font-size:14px;font-style:normal;font-weight:bold;\">pussycalor.com<\/H2>\n<\/div>\n<div class=\"reviewtext\">\n<span style=\"font-size:16px;font-style:normal;\">PussyCalor.com erz\u00e4hlt dir \u201eDie Muschi liebt dich&#8230;\u201c. Nun, wir lieben sie auch, also ist es eine Sache auf Gegenseitigkeit. Videos, Models, Fotos, Galerien, Kunst, Lesben und andere \u2013 das ist es, was du auf dieser TGP Webseite, die PussyCalor hei\u00dft, finden wirst. Lass mich dir noch einmal erz\u00e4hlen, was TGP hei\u00dft \u2013 Thumbnail Gallery Post. Webseiten wie diese werden dir ein wundersch\u00f6nes HD Vorschaubild zeigen auf dem du einen Blick auf das Girl werfen kannst, das im Foto Set dargestellt ist. Wenn du darauf klickst, wirst du zu einer externen Porno Webseite weitergeleitet werden, auf der sich die gesamte Galerie befindet. Manchmal wirst du das ganze Set kostenlos anschauen k\u00f6nnen aber manchmal wirst du nur ein paar Bilder davon sehen und um Zugriff auf das ganze Paket zu bekommen, wirst du dich zu einer bezahlten Mitgliedschaft auf dieser dritten Webseite anmelden m\u00fcssen.<\/br> <\/p>\n<p>PussyCalor wird dir nicht das beste Layout bieten aber es wird gro\u00dfartige Babes mit dir teilen. Teens, Sch\u00f6nheiten, Blondinen, Br\u00fcnette, Rothaarige, kleine Titten, gro\u00dfe Titten, kurvig, mager, geile \u00c4rsche, gro\u00dfe \u00c4rsche, kleine \u00c4rsche, versaute Frauen, sch\u00fcchterne Girls und so viele andere von verdammt gut aussehenden Models werden f\u00fcr dich da sein. Besuche sie jetzt gleich!<br \/>\n<\/span>\n<\/div>\n<div class=\"reviewsiteurl\">\n<a href=\"http:\/\/www.pussycalor.com\/\" rel=\"nofollow\" base target=\"_self\"><span style=\"font-size:32px;font-style:normal;font-weight:bold;text-decoration:underline;\">Hier klicken, um die webseite zu besuchen <\/span><\/a>\n<\/div>\n<\/div>\n","protected":false},"excerpt":{"rendered":"<p>Zur\u00fcck zur Startseite Seitenbewertung pussycalor pussycalor.com PussyCalor.com erz\u00e4hlt dir \u201eDie Muschi liebt dich&#8230;\u201c. Nun, wir lieben sie auch, also ist es eine Sache auf Gegenseitigkeit. Videos, Models, Fotos, Galerien, Kunst, Lesben und andere \u2013 das ist es, was du auf dieser TGP Webseite, die PussyCalor hei\u00dft, finden wirst. Lass mich dir noch einmal erz\u00e4hlen, was <a href='https:\/\/www.thepornlist.net\/de\/porn-tgp-sites\/pussycalor\/' class='excerpt-more'>[&#8230;]<\/a><\/p>\n","protected":false},"author":1,"featured_media":0,"parent":9952,"menu_order":34210,"comment_status":"closed","ping_status":"closed","template":"0-autofill-tpl-template.php","meta":{"_acf_changed":false,"footnotes":""},"tags":[],"acf":[],"aioseo_notices":[],"_links":{"self":[{"href":"https:\/\/www.thepornlist.net\/de\/wp-json\/wp\/v2\/pages\/9909"}],"collection":[{"href":"https:\/\/www.thepornlist.net\/de\/wp-json\/wp\/v2\/pages"}],"about":[{"href":"https:\/\/www.thepornlist.net\/de\/wp-json\/wp\/v2\/types\/page"}],"author":[{"embeddable":true,"href":"https:\/\/www.thepornlist.net\/de\/wp-json\/wp\/v2\/users\/1"}],"replies":[{"embeddable":true,"href":"https:\/\/www.thepornlist.net\/de\/wp-json\/wp\/v2\/comments?post=9909"}],"version-history":[{"count":0,"href":"https:\/\/www.thepornlist.net\/de\/wp-json\/wp\/v2\/pages\/9909\/revisions"}],"up":[{"embeddable":true,"href":"https:\/\/www.thepornlist.net\/de\/wp-json\/wp\/v2\/pages\/9952"}],"wp:attachment":[{"href":"https:\/\/www.thepornlist.net\/de\/wp-json\/wp\/v2\/media?parent=9909"}],"wp:term":[{"taxonomy":"post_tag","embeddable":true,"href":"https:\/\/www.thepornlist.net\/de\/wp-json\/wp\/v2\/tags?post=9909"}],"curies":[{"name":"wp","href":"https:\/\/api.w.org\/{rel}","templated":true}]}}