{"id":9910,"date":"2016-02-14T19:46:23","date_gmt":"2016-02-14T19:46:23","guid":{"rendered":"https:\/\/www.thepornlist.net\/de\/coedcherry\/"},"modified":"2019-05-06T11:41:58","modified_gmt":"2019-05-06T11:41:58","slug":"coedcherry","status":"publish","type":"page","link":"https:\/\/www.thepornlist.net\/de\/porn-tgp-sites\/coedcherry\/","title":{"rendered":"coedcherry.com"},"content":{"rendered":"<div class=\"pb\">\n<div class=\"hd\">\n<a href=\"https:\/\/www.thepornlist.net\/de\/\" base target=\"_self\">Zur\u00fcck zur Startseite<\/a>\n<\/div>\n<div class=\"hd2\">\n<span style=\"font-style:normal;font-weight:bold;\">Seitenbewertung<\/span>\n<\/div>\n<\/div>\n<div style=\"width:100%; margin-left:auto; margin-right:auto; clear:both;z-index:1; padding-top:5px; border-radius: 2px;\">\n<div class=\"reviewimg\">\n<p><a href=\"http:\/\/www.coedcherry.com\/\" rel=\"nofollow\" base target=\"_self\"><img decoding=\"async\" src=\"https:\/\/www.thepornlist.net\/wp-content\/uploads\/2015\/review\/coedcherry.jpg\" width=\"500\" height=\"500\" alt=\"Porn Tube\"><\/a><\/p>\n<\/div>\n<div class=\"reviewtitle\">\n<h1 style=\"font-family:Arial;font-size:56px;font-style:normal;font-weight:bold;color:#FF1F78;\">coedcherry<\/h1>\n<\/div>\n<div class=\"reviewsub\">\n<h2 style=\"font-size:14px;font-style:normal;font-weight:bold;\">coedcherry.com<\/H2>\n<\/div>\n<div class=\"reviewtext\">\n<span style=\"font-size:16px;font-style:normal;\">CoedCherry.com ist eine Porno Plattform mit Fotos von \u00fcberall auf der Welt. Du wirst \u00fcberall Bilder f\u00fcr Erwachsene sehen \u2013 einige in HD, einige nicht.<\/br><\/p>\n<p>CoedCherry hat ein einfaches aber dennoch effektives Layout und du kannst deine Suchen filtern indem du 3 Funktionen verwendest: Galerien, Models und Seiten. Probiere Galerien aus und du wirst mehr in der Tiefe suchen k\u00f6nnen indem du Filter wie neueste, beliebt oder zuf\u00e4llige verwendest. Nehme die Models und du wirst die gleichen Optionen plus einer A-Z Funktion bekommen. Das gleiche passiert mit der Seite mit den Studios au\u00dfer der Tatsache, dass sie dir ein bestimmtes Studio empfehlen werden.<\/br> <\/p>\n<p>Auf der Homepage wirst du die neuesten Ver\u00f6ffentlichungen sehen und wenn du nach unten scrollst, wirst du Updates f\u00fcr jeden vergangenen Tag sehen k\u00f6nnen. Zu jeder Auswahl, die du triffst, wirst du in der Lage sein eine Anzahl von 15-20 Fotos zu sehen. Wenn du sogar noch mehr sehen willst, dann wirst du auf die Quelle zugreifen m\u00fcssen via einem Link unter der Galerie. Nat\u00fcrlich ist das eine Premium Webseite aber trotzdem wirst du eine gute Anzahl an Fotos f\u00fcr Erwachsene sehen bevor du zu einem anderen Ort gelangst.<\/br><\/p>\n<p>Du kannst den Kasten mit der Suchfunktion verwenden um spezifische Inhalte f\u00fcr Erwachsene zu finden. Du findest ihn in der oberen rechten Ecke.<br \/>\n<\/span>\n<\/div>\n<div class=\"reviewsiteurl\">\n<a href=\"http:\/\/www.coedcherry.com\/\" rel=\"nofollow\" base target=\"_self\"><span style=\"font-size:32px;font-style:normal;font-weight:bold;text-decoration:underline;\">Hier klicken, um die webseite zu besuchen <\/span><\/a>\n<\/div>\n<\/div>\n","protected":false},"excerpt":{"rendered":"<p>Zur\u00fcck zur Startseite Seitenbewertung coedcherry coedcherry.com CoedCherry.com ist eine Porno Plattform mit Fotos von \u00fcberall auf der Welt. Du wirst \u00fcberall Bilder f\u00fcr Erwachsene sehen \u2013 einige in HD, einige nicht. CoedCherry hat ein einfaches aber dennoch effektives Layout und du kannst deine Suchen filtern indem du 3 Funktionen verwendest: Galerien, Models und Seiten. Probiere <a href='https:\/\/www.thepornlist.net\/de\/porn-tgp-sites\/coedcherry\/' class='excerpt-more'>[&#8230;]<\/a><\/p>\n","protected":false},"author":1,"featured_media":0,"parent":9952,"menu_order":33490,"comment_status":"closed","ping_status":"closed","template":"0-autofill-tpl-template.php","meta":{"_acf_changed":false,"footnotes":""},"tags":[],"acf":[],"aioseo_notices":[],"_links":{"self":[{"href":"https:\/\/www.thepornlist.net\/de\/wp-json\/wp\/v2\/pages\/9910"}],"collection":[{"href":"https:\/\/www.thepornlist.net\/de\/wp-json\/wp\/v2\/pages"}],"about":[{"href":"https:\/\/www.thepornlist.net\/de\/wp-json\/wp\/v2\/types\/page"}],"author":[{"embeddable":true,"href":"https:\/\/www.thepornlist.net\/de\/wp-json\/wp\/v2\/users\/1"}],"replies":[{"embeddable":true,"href":"https:\/\/www.thepornlist.net\/de\/wp-json\/wp\/v2\/comments?post=9910"}],"version-history":[{"count":0,"href":"https:\/\/www.thepornlist.net\/de\/wp-json\/wp\/v2\/pages\/9910\/revisions"}],"up":[{"embeddable":true,"href":"https:\/\/www.thepornlist.net\/de\/wp-json\/wp\/v2\/pages\/9952"}],"wp:attachment":[{"href":"https:\/\/www.thepornlist.net\/de\/wp-json\/wp\/v2\/media?parent=9910"}],"wp:term":[{"taxonomy":"post_tag","embeddable":true,"href":"https:\/\/www.thepornlist.net\/de\/wp-json\/wp\/v2\/tags?post=9910"}],"curies":[{"name":"wp","href":"https:\/\/api.w.org\/{rel}","templated":true}]}}