{"id":9914,"date":"2016-02-14T19:46:15","date_gmt":"2016-02-14T19:46:15","guid":{"rendered":"https:\/\/www.thepornlist.net\/de\/curvyerotic\/"},"modified":"2019-05-06T11:40:28","modified_gmt":"2019-05-06T11:40:28","slug":"curvyerotic","status":"publish","type":"page","link":"https:\/\/www.thepornlist.net\/de\/porn-tgp-sites\/curvyerotic\/","title":{"rendered":"curvyerotic.com"},"content":{"rendered":"<div class=\"pb\">\n<div class=\"hd\">\n<a href=\"https:\/\/www.thepornlist.net\/de\/\" base target=\"_self\">Zur\u00fcck zur Startseite<\/a>\n<\/div>\n<div class=\"hd2\">\n<span style=\"font-style:normal;font-weight:bold;\">Seitenbewertung<\/span>\n<\/div>\n<\/div>\n<div style=\"width:100%; margin-left:auto; margin-right:auto; clear:both;z-index:1; padding-top:5px; border-radius: 2px;\">\n<div class=\"reviewimg\">\n<p><a href=\"http:\/\/www.curvyerotic.com\/\" rel=\"nofollow\" base target=\"_self\"><img decoding=\"async\" src=\"https:\/\/www.thepornlist.net\/wp-content\/uploads\/2015\/review\/curvyerotic.jpg\" width=\"500\" height=\"500\" alt=\"Porn Tube\"><\/a><\/p>\n<\/div>\n<div class=\"reviewtitle\">\n<h1 style=\"font-family:Arial;font-size:56px;font-style:normal;font-weight:bold;color:#FF1F78;\">curvyerotic<\/h1>\n<\/div>\n<div class=\"reviewsub\">\n<h2 style=\"font-size:14px;font-style:normal;font-weight:bold;\">curvyerotic.com<\/H2>\n<\/div>\n<div class=\"reviewtext\">\n<span style=\"font-size:16px;font-style:normal;\">Willkommen auf der kurvigen Seite der Erotik \u2013 CurvyErotic.com. Hier wirst du Sch\u00f6nheiten mit Kurven bekommen. Lass uns einen Blick auf die \u00dcber Curvy Erotic Seite werfen: \u201eMeine Philosophie ist einfach, erotische Kunst darf nicht nur auf d\u00fcnne Girls beschr\u00e4nkt sein. In der Tat sind, was mich betrifft, Kurven erotische Kunst. Unabh\u00e4ngig davon, ob ich klassische und verf\u00fchrerische Playmates aus den 60ern oder Models der erotischen Kunst von Digital Desire ver\u00f6ffentliche, du wirst finden, was du brauchst. Es gibt eine Sache, die auf dieser Webseite immer gleich bleiben wird. Fantasie. Lass uns jetzt die Fantasie lebendig werden lassen, und ich hoffe ihr Jungs genie\u00dft es!\u201c<\/br><\/p>\n<p>Lass uns einen Blick auf ihre Kategorien werfen: Angela White, Babes, Bella Club, Body In Mind, Busty Buffy, Digital Desire, Femjoy, FTV Girls, FTV Milfs, Hegre Art, Met Art, Nu Erotica, Nutabu, Playboy, Only Tease, X Art und viele andere Studios.<\/br><\/p>\n<p>Die Homepage f\u00fchlt sich an und verh\u00e4lt sich ganz wie dein gewohnter Blog und es werden t\u00e4gliche Updates gemacht. Jedes Update teilt ein gro\u00dfes Foto mit dir und eine Beschreibung. Darauf basierend kannst du dann entscheiden, was du sehen m\u00f6chtest. Wenn du bereit bist, klicke auf den Titel und geh weiter. Ja, ich mag kurvige Frauen. Ich mag es etwas unter meinen H\u00e4nden zu sp\u00fcren!<br \/>\n<\/span>\n<\/div>\n<div class=\"reviewsiteurl\">\n<a href=\"http:\/\/www.curvyerotic.com\/\" rel=\"nofollow\" base target=\"_self\"><span style=\"font-size:32px;font-style:normal;font-weight:bold;text-decoration:underline;\">Hier klicken, um die webseite zu besuchen <\/span><\/a>\n<\/div>\n<\/div>\n","protected":false},"excerpt":{"rendered":"<p>Zur\u00fcck zur Startseite Seitenbewertung curvyerotic curvyerotic.com Willkommen auf der kurvigen Seite der Erotik \u2013 CurvyErotic.com. Hier wirst du Sch\u00f6nheiten mit Kurven bekommen. Lass uns einen Blick auf die \u00dcber Curvy Erotic Seite werfen: \u201eMeine Philosophie ist einfach, erotische Kunst darf nicht nur auf d\u00fcnne Girls beschr\u00e4nkt sein. In der Tat sind, was mich betrifft, Kurven <a href='https:\/\/www.thepornlist.net\/de\/porn-tgp-sites\/curvyerotic\/' class='excerpt-more'>[&#8230;]<\/a><\/p>\n","protected":false},"author":1,"featured_media":0,"parent":9952,"menu_order":33090,"comment_status":"closed","ping_status":"closed","template":"0-autofill-tpl-template.php","meta":{"_acf_changed":false,"footnotes":""},"tags":[],"acf":[],"aioseo_notices":[],"_links":{"self":[{"href":"https:\/\/www.thepornlist.net\/de\/wp-json\/wp\/v2\/pages\/9914"}],"collection":[{"href":"https:\/\/www.thepornlist.net\/de\/wp-json\/wp\/v2\/pages"}],"about":[{"href":"https:\/\/www.thepornlist.net\/de\/wp-json\/wp\/v2\/types\/page"}],"author":[{"embeddable":true,"href":"https:\/\/www.thepornlist.net\/de\/wp-json\/wp\/v2\/users\/1"}],"replies":[{"embeddable":true,"href":"https:\/\/www.thepornlist.net\/de\/wp-json\/wp\/v2\/comments?post=9914"}],"version-history":[{"count":0,"href":"https:\/\/www.thepornlist.net\/de\/wp-json\/wp\/v2\/pages\/9914\/revisions"}],"up":[{"embeddable":true,"href":"https:\/\/www.thepornlist.net\/de\/wp-json\/wp\/v2\/pages\/9952"}],"wp:attachment":[{"href":"https:\/\/www.thepornlist.net\/de\/wp-json\/wp\/v2\/media?parent=9914"}],"wp:term":[{"taxonomy":"post_tag","embeddable":true,"href":"https:\/\/www.thepornlist.net\/de\/wp-json\/wp\/v2\/tags?post=9914"}],"curies":[{"name":"wp","href":"https:\/\/api.w.org\/{rel}","templated":true}]}}