{"id":9918,"date":"2016-02-14T19:46:07","date_gmt":"2016-02-14T19:46:07","guid":{"rendered":"https:\/\/www.thepornlist.net\/de\/erosberry\/"},"modified":"2019-05-06T11:39:30","modified_gmt":"2019-05-06T11:39:30","slug":"erosberry","status":"publish","type":"page","link":"https:\/\/www.thepornlist.net\/de\/porn-tgp-sites\/erosberry\/","title":{"rendered":"erosberry.com"},"content":{"rendered":"<div class=\"pb\">\n<div class=\"hd\">\n<a href=\"https:\/\/www.thepornlist.net\/de\/\" base target=\"_self\">Zur\u00fcck zur Startseite<\/a>\n<\/div>\n<div class=\"hd2\">\n<span style=\"font-style:normal;font-weight:bold;\">Seitenbewertung<\/span>\n<\/div>\n<\/div>\n<div style=\"width:100%; margin-left:auto; margin-right:auto; clear:both;z-index:1; padding-top:5px; border-radius: 2px;\">\n<div class=\"reviewimg\">\n<p><a href=\"http:\/\/www.erosberry.com\/\" rel=\"nofollow\" base target=\"_self\"><img decoding=\"async\" src=\"https:\/\/www.thepornlist.net\/wp-content\/uploads\/2015\/review\/erosberry.jpg\" width=\"500\" height=\"500\" alt=\"Porn Tube\"><\/a><\/p>\n<\/div>\n<div class=\"reviewtitle\">\n<h1 style=\"font-family:Arial;font-size:56px;font-style:normal;font-weight:bold;color:#FF1F78;\">erosberry<\/h1>\n<\/div>\n<div class=\"reviewsub\">\n<h2 style=\"font-size:14px;font-style:normal;font-weight:bold;\">erosberry.com<\/H2>\n<\/div>\n<div class=\"reviewtext\">\n<span style=\"font-size:16px;font-style:normal;\">Erotische Galerien und erotische Videos kostenlos, erotischer Sex und sinnliche Erotik von Femjoy, Met Art, Playboy, Photodromm, MC Nudes und vielen anderen. Willkommen bei ErosBerry.com, einer Porno Webseite in lila die dir genau den Kick geben wird, den du von Zeit zu Zeit brauchst um dich daran zu erinnern wie gro\u00dfartig das Leben ist.<\/br><\/p>\n<p>Die Homepage hat ein unendliches Scroll System und ist in 3 S\u00e4ulen gegliedert: neue Erotik Videos, Erotik Galerien mit t\u00e4glichen Updates und hei\u00dfe Deals. Wir k\u00fcmmern uns nicht um die hei\u00dfen Deals da es sich hierbei um externe Webseiten handelt, daher werden wir nur \u00fcber die ersten beiden S\u00e4ulen sprechen. Jede neue Ver\u00f6ffentlichung erscheint mit einem Vorschaubild, das dir verr\u00e4t, was du erwarten kannst, wenn du auf den Post klickst. Alles ist in HD und du wirst die Bewertungen dazu sehen, die Anzahl der abgegebenen Stimmen und den Titel.<\/br> <\/p>\n<p>Die Navigationsleiste gibt dir Zugang zu einem Model Verzeichnis, zu der Seite mit den Porno Videos und zu den Top bewerteten Updates. In der N\u00e4he dieses Men\u00fcs wirst du auch den Kasten mit der Suchfunktion bemerken, den du verwenden kannst wenn du nach spezifischen Inhalten suchen willst. Sie bitten dich nicht zu vergessen hier ein Lesezeichen zu setzen wenn du diesen Ort wieder verl\u00e4sst. Wenn du mich fragst \u2013 tu es!<br \/>\n<\/span>\n<\/div>\n<div class=\"reviewsiteurl\">\n<a href=\"http:\/\/www.erosberry.com\/\" rel=\"nofollow\" base target=\"_self\"><span style=\"font-size:32px;font-style:normal;font-weight:bold;text-decoration:underline;\">Hier klicken, um die webseite zu besuchen <\/span><\/a>\n<\/div>\n<\/div>\n","protected":false},"excerpt":{"rendered":"<p>Zur\u00fcck zur Startseite Seitenbewertung erosberry erosberry.com Erotische Galerien und erotische Videos kostenlos, erotischer Sex und sinnliche Erotik von Femjoy, Met Art, Playboy, Photodromm, MC Nudes und vielen anderen. Willkommen bei ErosBerry.com, einer Porno Webseite in lila die dir genau den Kick geben wird, den du von Zeit zu Zeit brauchst um dich daran zu erinnern <a href='https:\/\/www.thepornlist.net\/de\/porn-tgp-sites\/erosberry\/' class='excerpt-more'>[&#8230;]<\/a><\/p>\n","protected":false},"author":1,"featured_media":0,"parent":9952,"menu_order":28990,"comment_status":"closed","ping_status":"closed","template":"0-autofill-tpl-template.php","meta":{"_acf_changed":false,"footnotes":""},"tags":[],"acf":[],"aioseo_notices":[],"_links":{"self":[{"href":"https:\/\/www.thepornlist.net\/de\/wp-json\/wp\/v2\/pages\/9918"}],"collection":[{"href":"https:\/\/www.thepornlist.net\/de\/wp-json\/wp\/v2\/pages"}],"about":[{"href":"https:\/\/www.thepornlist.net\/de\/wp-json\/wp\/v2\/types\/page"}],"author":[{"embeddable":true,"href":"https:\/\/www.thepornlist.net\/de\/wp-json\/wp\/v2\/users\/1"}],"replies":[{"embeddable":true,"href":"https:\/\/www.thepornlist.net\/de\/wp-json\/wp\/v2\/comments?post=9918"}],"version-history":[{"count":0,"href":"https:\/\/www.thepornlist.net\/de\/wp-json\/wp\/v2\/pages\/9918\/revisions"}],"up":[{"embeddable":true,"href":"https:\/\/www.thepornlist.net\/de\/wp-json\/wp\/v2\/pages\/9952"}],"wp:attachment":[{"href":"https:\/\/www.thepornlist.net\/de\/wp-json\/wp\/v2\/media?parent=9918"}],"wp:term":[{"taxonomy":"post_tag","embeddable":true,"href":"https:\/\/www.thepornlist.net\/de\/wp-json\/wp\/v2\/tags?post=9918"}],"curies":[{"name":"wp","href":"https:\/\/api.w.org\/{rel}","templated":true}]}}