{"id":9919,"date":"2016-02-14T19:46:06","date_gmt":"2016-02-14T19:46:06","guid":{"rendered":"https:\/\/www.thepornlist.net\/de\/virtualhotgirls\/"},"modified":"2019-05-06T11:43:08","modified_gmt":"2019-05-06T11:43:08","slug":"virtualhotgirls","status":"publish","type":"page","link":"https:\/\/www.thepornlist.net\/de\/porn-tgp-sites\/virtualhotgirls\/","title":{"rendered":"virtualhotgirls.com"},"content":{"rendered":"<div class=\"pb\">\n<div class=\"hd\">\n<a href=\"https:\/\/www.thepornlist.net\/de\/\" base target=\"_self\">Zur\u00fcck zur Startseite<\/a>\n<\/div>\n<div class=\"hd2\">\n<span style=\"font-style:normal;font-weight:bold;\">Seitenbewertung<\/span>\n<\/div>\n<\/div>\n<div style=\"width:100%; margin-left:auto; margin-right:auto; clear:both;z-index:1; padding-top:5px; border-radius: 2px;\">\n<div class=\"reviewimg\">\n<p><a href=\"http:\/\/virtualhotgirls.com\/\" rel=\"nofollow\" base target=\"_self\"><img decoding=\"async\" src=\"https:\/\/www.thepornlist.net\/wp-content\/uploads\/2015\/review\/virtualhotgirls.jpg\" width=\"500\" height=\"500\" alt=\"Porn Tube\"><\/a><\/p>\n<\/div>\n<div class=\"reviewtitle\">\n<h1 style=\"font-family:Arial;font-size:56px;font-style:normal;font-weight:bold;color:#FF1F78;\">virtualhotgirls<\/h1>\n<\/div>\n<div class=\"reviewsub\">\n<h2 style=\"font-size:14px;font-style:normal;font-weight:bold;\">virtualhotgirls.com<\/H2>\n<\/div>\n<div class=\"reviewtext\">\n<span style=\"font-size:16px;font-style:normal;\">Nun, der Name wird schon alles sagen, bei virtualhotgirls.com dreht sich alles um ein Babe, das dich auf deinem Bildschirm scharf macht, nackt oder nur mit Dessous. In Wahrheit ist diese Seite eine TGP Seite, die einige TGPs aus der gleichen Nische verlinkt hat oder auf eine Seite linkt, die auf eine andere Seite linkt wo du dann die Software herunterladen kannst, die jeden Morgen f\u00fcr Freude auf deinem Desktop sorgen wird! Normalerweise ist es ein B\u00fcndel von gro\u00dfen Vorschaubildern, die auf 5 oder 6 Webseiten linken, die sich ziemlich \u00e4hnlich sind.<\/br> <\/p>\n<p>Wenn du dich einsam f\u00fchlst oder von den gewohnten Pornos gelangweilt bist, glaube ich, dass es die beste Alternative ist und es ist kostenlos. Du wirst endlos viele Babes zu deiner Verf\u00fcgung finden, von \u00fcberall auf der Welt. Im Moment sind die beliebtesten Katya Clover aus Russland, Gloria aus der Ukraine und Amirah Adara aus Ungarn. Deine Auswahlm\u00f6glichkeiten sind ziemlich international und unterschiedlich, so dass ich wette, dass du mindestens ein Girl finden wirst, das zu deinen W\u00fcnschen passt. Das Konzept von virtuellen Girls ist nicht neu, aber es ist immer wieder gut und ein sehr gute Art eine andere Art von Porno zu genie\u00dfen. Ich kann es empfehlen.<br \/>\n<\/span>\n<\/div>\n<div class=\"reviewsiteurl\">\n<a href=\"http:\/\/virtualhotgirls.com\/\" rel=\"nofollow\" base target=\"_self\"><span style=\"font-size:32px;font-style:normal;font-weight:bold;text-decoration:underline;\">Hier klicken, um die webseite zu besuchen <\/span><\/a>\n<\/div>\n<\/div>\n","protected":false},"excerpt":{"rendered":"<p>Zur\u00fcck zur Startseite Seitenbewertung virtualhotgirls virtualhotgirls.com Nun, der Name wird schon alles sagen, bei virtualhotgirls.com dreht sich alles um ein Babe, das dich auf deinem Bildschirm scharf macht, nackt oder nur mit Dessous. In Wahrheit ist diese Seite eine TGP Seite, die einige TGPs aus der gleichen Nische verlinkt hat oder auf eine Seite linkt, <a href='https:\/\/www.thepornlist.net\/de\/porn-tgp-sites\/virtualhotgirls\/' class='excerpt-more'>[&#8230;]<\/a><\/p>\n","protected":false},"author":1,"featured_media":0,"parent":9952,"menu_order":35730,"comment_status":"closed","ping_status":"closed","template":"0-autofill-tpl-template.php","meta":{"_acf_changed":false,"footnotes":""},"tags":[],"acf":[],"aioseo_notices":[],"_links":{"self":[{"href":"https:\/\/www.thepornlist.net\/de\/wp-json\/wp\/v2\/pages\/9919"}],"collection":[{"href":"https:\/\/www.thepornlist.net\/de\/wp-json\/wp\/v2\/pages"}],"about":[{"href":"https:\/\/www.thepornlist.net\/de\/wp-json\/wp\/v2\/types\/page"}],"author":[{"embeddable":true,"href":"https:\/\/www.thepornlist.net\/de\/wp-json\/wp\/v2\/users\/1"}],"replies":[{"embeddable":true,"href":"https:\/\/www.thepornlist.net\/de\/wp-json\/wp\/v2\/comments?post=9919"}],"version-history":[{"count":0,"href":"https:\/\/www.thepornlist.net\/de\/wp-json\/wp\/v2\/pages\/9919\/revisions"}],"up":[{"embeddable":true,"href":"https:\/\/www.thepornlist.net\/de\/wp-json\/wp\/v2\/pages\/9952"}],"wp:attachment":[{"href":"https:\/\/www.thepornlist.net\/de\/wp-json\/wp\/v2\/media?parent=9919"}],"wp:term":[{"taxonomy":"post_tag","embeddable":true,"href":"https:\/\/www.thepornlist.net\/de\/wp-json\/wp\/v2\/tags?post=9919"}],"curies":[{"name":"wp","href":"https:\/\/api.w.org\/{rel}","templated":true}]}}