{"id":9922,"date":"2016-02-14T19:46:00","date_gmt":"2016-02-14T19:46:00","guid":{"rendered":"https:\/\/www.thepornlist.net\/de\/mybigtitsbabes\/"},"modified":"2022-08-24T14:12:12","modified_gmt":"2022-08-24T14:12:12","slug":"mybigtitsbabes","status":"publish","type":"page","link":"https:\/\/www.thepornlist.net\/de\/big-boobs-porn-sites\/mybigtitsbabes\/","title":{"rendered":"mybigtitsbabes.com"},"content":{"rendered":"<div class=\"pb\">\n<div class=\"hd\"><a href=\"https:\/\/www.thepornlist.net\/de\/\" target=\"_self\" rel=\"noopener noreferrer\">Zur\u00fcck zur Startseite<\/a><\/div>\n<div class=\"hd2\"><span style=\"font-style: normal; font-weight: bold;\">Seitenbewertung<\/span><\/div>\n<\/div>\n<div style=\"width: 100%; margin-left: auto; margin-right: auto; clear: both; z-index: 1; padding-top: 5px; border-radius: 2px;\">\n<div class=\"reviewimg\">\n<p><a href=\"http:\/\/mybigtitsbabes.com\/\" target=\"_self\" rel=\"nofollow noopener noreferrer\"><img decoding=\"async\" src=\"https:\/\/www.thepornlist.net\/wp-content\/uploads\/2015\/review\/mybigtitsbabes.jpg\" alt=\"Porn Tube\" width=\"500\" height=\"500\" \/><\/a><\/p>\n<\/div>\n<div class=\"reviewtitle\">\n<h1 style=\"font-family: Arial; font-size: 56px; font-style: normal; font-weight: bold; color: #ff1f78;\">mybigtitsbabes<\/h1>\n<\/div>\n<div class=\"reviewsub\">\n<h2 style=\"font-size: 14px; font-style: normal; font-weight: bold;\">mybigtitsbabes.com<\/h2>\n<\/div>\n<div class=\"reviewtext\"><span style=\"font-size: 16px; font-style: normal;\"><span style=\"font-size: 16px; font-style: normal;\">Einfach nur OMG! 302 Seiten mit gro\u00dfen Titten. Ich bin wirklich ein Fan von nat\u00fcrlichen Br\u00fcsten und diese Webseite hat meinen Tag gerettet. Noch einmal, OMG! Bevor ich diese Bewertung geschrieben habe, habe ich auf einige der Posts zugegriffen und ich war wirklich erstaunt. Sie zeigen nicht nur prachtvolle Frauen mit gro\u00dfen Titten, sie tun es auch noch in HD. Das ist ihre Beschreibung: \u201eGenie\u00dfe gro\u00dfe nat\u00fcrliche Br\u00fcste und nackte Babes mit gro\u00dfen Titten\u201c.<\/span><\/span>Willkommen bei MyBigTitsBabes.com, einer TGP Webseite auf der du Zugang zu Dutzenden von Sets f\u00fcr Erwachsene haben wirst auf denen du verschiedene Arten von Frauen sehen wirst, aber alle sind exquisit und wundersch\u00f6n, in Foto Szenen, nackt, in Dessous, in verschiedenen Umgebungen. Sie zeigen sogar Amateur Inhalte. Ich habe das Bed\u00fcrfnis es noch einmal zu sagen: sie zeigen all das in HD. Wenn du ein bestimmtes Model sehen willst, kannst du das Aufklappmen\u00fc benutzen, das sich in der rechten Seitenleiste befindet. Auch wenn du ein paar Schlagworte hast, nach denen du suchen willst, kannst du das ebenfalls dort, in der gleichen Seitenleiste tun.<\/p>\n<p>Jede Seite hat eine ganze Menge an Ver\u00f6ffentlichungen, so dass diese Webseite meiner Meinung nach eine der besten in dieser Art ist, die ich je gesehen habe. Schau rein!<\/p>\n<\/div>\n<div class=\"reviewsiteurl\"><a href=\"http:\/\/mybigtitsbabes.com\/\" target=\"_self\" rel=\"nofollow noopener noreferrer\"><span style=\"font-size: 32px; font-style: normal; font-weight: bold; text-decoration: underline;\">Hier klicken, um die webseite zu besuchen <\/span><\/a><\/div>\n<\/div>\n","protected":false},"excerpt":{"rendered":"<p>Zur\u00fcck zur Startseite Seitenbewertung mybigtitsbabes mybigtitsbabes.com Einfach nur OMG! 302 Seiten mit gro\u00dfen Titten. Ich bin wirklich ein Fan von nat\u00fcrlichen Br\u00fcsten und diese Webseite hat meinen Tag gerettet. Noch einmal, OMG! Bevor ich diese Bewertung geschrieben habe, habe ich auf einige der Posts zugegriffen und ich war wirklich erstaunt. Sie zeigen nicht nur prachtvolle <a href='https:\/\/www.thepornlist.net\/de\/big-boobs-porn-sites\/mybigtitsbabes\/' class='excerpt-more'>[&#8230;]<\/a><\/p>\n","protected":false},"author":1,"featured_media":0,"parent":38512,"menu_order":43530,"comment_status":"closed","ping_status":"closed","template":"0-autofill-tpl-template.php","meta":{"_acf_changed":false,"footnotes":""},"tags":[],"acf":[],"aioseo_notices":[],"_links":{"self":[{"href":"https:\/\/www.thepornlist.net\/de\/wp-json\/wp\/v2\/pages\/9922"}],"collection":[{"href":"https:\/\/www.thepornlist.net\/de\/wp-json\/wp\/v2\/pages"}],"about":[{"href":"https:\/\/www.thepornlist.net\/de\/wp-json\/wp\/v2\/types\/page"}],"author":[{"embeddable":true,"href":"https:\/\/www.thepornlist.net\/de\/wp-json\/wp\/v2\/users\/1"}],"replies":[{"embeddable":true,"href":"https:\/\/www.thepornlist.net\/de\/wp-json\/wp\/v2\/comments?post=9922"}],"version-history":[{"count":0,"href":"https:\/\/www.thepornlist.net\/de\/wp-json\/wp\/v2\/pages\/9922\/revisions"}],"up":[{"embeddable":true,"href":"https:\/\/www.thepornlist.net\/de\/wp-json\/wp\/v2\/pages\/38512"}],"wp:attachment":[{"href":"https:\/\/www.thepornlist.net\/de\/wp-json\/wp\/v2\/media?parent=9922"}],"wp:term":[{"taxonomy":"post_tag","embeddable":true,"href":"https:\/\/www.thepornlist.net\/de\/wp-json\/wp\/v2\/tags?post=9922"}],"curies":[{"name":"wp","href":"https:\/\/api.w.org\/{rel}","templated":true}]}}