{"id":9924,"date":"2016-02-14T19:45:56","date_gmt":"2016-02-14T19:45:56","guid":{"rendered":"https:\/\/www.thepornlist.net\/de\/hottystop\/"},"modified":"2019-05-06T11:38:17","modified_gmt":"2019-05-06T11:38:17","slug":"hottystop","status":"publish","type":"page","link":"https:\/\/www.thepornlist.net\/de\/porn-tgp-sites\/hottystop\/","title":{"rendered":"hottystop.com"},"content":{"rendered":"<div class=\"pb\">\n<div class=\"hd\">\n<a href=\"https:\/\/www.thepornlist.net\/de\/\" base target=\"_self\">Zur\u00fcck zur Startseite<\/a>\n<\/div>\n<div class=\"hd2\">\n<span style=\"font-style:normal;font-weight:bold;\">Seitenbewertung<\/span>\n<\/div>\n<\/div>\n<div style=\"width:100%; margin-left:auto; margin-right:auto; clear:both;z-index:1; padding-top:5px; border-radius: 2px;\">\n<div class=\"reviewimg\">\n<p><a href=\"http:\/\/www.hottystop.com\/\" rel=\"nofollow\" base target=\"_self\"><img decoding=\"async\" src=\"https:\/\/www.thepornlist.net\/wp-content\/uploads\/2015\/review\/hottystop.jpg\" width=\"500\" height=\"500\" alt=\"Porn Tube\"><\/a><\/p>\n<\/div>\n<div class=\"reviewtitle\">\n<h1 style=\"font-family:Arial;font-size:56px;font-style:normal;font-weight:bold;color:#FF1F78;\">hottystop<\/h1>\n<\/div>\n<div class=\"reviewsub\">\n<h2 style=\"font-size:14px;font-style:normal;font-weight:bold;\">hottystop.com<\/H2>\n<\/div>\n<div class=\"reviewtext\">\n<span style=\"font-size:16px;font-style:normal;\">Willkommen bei HottyStop! Ihre Worte dar\u00fcber:\u201c Dies ist eine softcore Webseite mit hei\u00dfen Teens, Babes, Ludern und anderen gro\u00dfartigen Inhalten\u201c. Aber was ist dieser Ort genau? Es ist eine Porno Webseite, wo du eine Menge hei\u00dfe Girls in Foto Galerien ansehen kannst. Das Aussehen der Seite ist ein bisschen seltsam und daher wirst du dich erst daran gew\u00f6hnen m\u00fcssen bevor du alles, was sie bietet, auch genie\u00dfen kannst.<\/br> <\/p>\n<p>Die Homepage hat 3 Teile, der erste ist der Bereich an dem du die letzten Updates siehst. Zu jedem Update wirst du ein gro\u00dfes Vorschaubild erkennen, dass dir zeigt, was du sehen wirst, einen Titel, die Anzahl der Klicks und einen Link zu dem Artikel in dem sich das spezielle Foto befindet. Genau wie bei TGP Seiten \u00fcblich, Wird HottyStop eine Abschussrampe sein von der du zu externen Webseiten fliegen kannst auf denen du dann das bestimmte Set aus dem das Vorschaubild stammt, sehen kannst. Du musst wissen, dass du um das ganze Set zu sehen, ein bisschen Geld in die H\u00e4nde nehmen musst.<\/br><\/p>\n<p>Es gibt viele von euch, die es lieben sich Foto Sets f\u00fcr Erwachsene anzuschauen und daher wurden Orte wie dieser erfunden.<br \/>\n<\/span>\n<\/div>\n<div class=\"reviewsiteurl\">\n<a href=\"http:\/\/www.hottystop.com\/\" rel=\"nofollow\" base target=\"_self\"><span style=\"font-size:32px;font-style:normal;font-weight:bold;text-decoration:underline;\">Hier klicken, um die webseite zu besuchen <\/span><\/a>\n<\/div>\n<\/div>\n","protected":false},"excerpt":{"rendered":"<p>Zur\u00fcck zur Startseite Seitenbewertung hottystop hottystop.com Willkommen bei HottyStop! Ihre Worte dar\u00fcber:\u201c Dies ist eine softcore Webseite mit hei\u00dfen Teens, Babes, Ludern und anderen gro\u00dfartigen Inhalten\u201c. Aber was ist dieser Ort genau? Es ist eine Porno Webseite, wo du eine Menge hei\u00dfe Girls in Foto Galerien ansehen kannst. Das Aussehen der Seite ist ein bisschen <a href='https:\/\/www.thepornlist.net\/de\/porn-tgp-sites\/hottystop\/' class='excerpt-more'>[&#8230;]<\/a><\/p>\n","protected":false},"author":1,"featured_media":0,"parent":9952,"menu_order":25470,"comment_status":"closed","ping_status":"closed","template":"0-autofill-tpl-template.php","meta":{"_acf_changed":false,"footnotes":""},"tags":[],"acf":[],"aioseo_notices":[],"_links":{"self":[{"href":"https:\/\/www.thepornlist.net\/de\/wp-json\/wp\/v2\/pages\/9924"}],"collection":[{"href":"https:\/\/www.thepornlist.net\/de\/wp-json\/wp\/v2\/pages"}],"about":[{"href":"https:\/\/www.thepornlist.net\/de\/wp-json\/wp\/v2\/types\/page"}],"author":[{"embeddable":true,"href":"https:\/\/www.thepornlist.net\/de\/wp-json\/wp\/v2\/users\/1"}],"replies":[{"embeddable":true,"href":"https:\/\/www.thepornlist.net\/de\/wp-json\/wp\/v2\/comments?post=9924"}],"version-history":[{"count":0,"href":"https:\/\/www.thepornlist.net\/de\/wp-json\/wp\/v2\/pages\/9924\/revisions"}],"up":[{"embeddable":true,"href":"https:\/\/www.thepornlist.net\/de\/wp-json\/wp\/v2\/pages\/9952"}],"wp:attachment":[{"href":"https:\/\/www.thepornlist.net\/de\/wp-json\/wp\/v2\/media?parent=9924"}],"wp:term":[{"taxonomy":"post_tag","embeddable":true,"href":"https:\/\/www.thepornlist.net\/de\/wp-json\/wp\/v2\/tags?post=9924"}],"curies":[{"name":"wp","href":"https:\/\/api.w.org\/{rel}","templated":true}]}}