{"id":9925,"date":"2016-02-14T19:45:55","date_gmt":"2016-02-14T19:45:55","guid":{"rendered":"https:\/\/www.thepornlist.net\/de\/brdteengal\/"},"modified":"2019-05-06T11:40:17","modified_gmt":"2019-05-06T11:40:17","slug":"brdteengal","status":"publish","type":"page","link":"https:\/\/www.thepornlist.net\/de\/porn-tgp-sites\/brdteengal\/","title":{"rendered":"brdteengal.com"},"content":{"rendered":"<div class=\"pb\">\n<div class=\"hd\">\n<a href=\"https:\/\/www.thepornlist.net\/de\/\" base target=\"_self\">Zur\u00fcck zur Startseite<\/a>\n<\/div>\n<div class=\"hd2\">\n<span style=\"font-style:normal;font-weight:bold;\">Seitenbewertung<\/span>\n<\/div>\n<\/div>\n<div style=\"width:100%; margin-left:auto; margin-right:auto; clear:both;z-index:1; padding-top:5px; border-radius: 2px;\">\n<div class=\"reviewimg\">\n<p><a href=\"http:\/\/www.brdteengal.com\/\" rel=\"nofollow\" base target=\"_self\"><img decoding=\"async\" src=\"https:\/\/www.thepornlist.net\/wp-content\/uploads\/2015\/review\/brdteengal.jpg\" width=\"500\" height=\"500\" alt=\"Porn Tube\"><\/a><\/p>\n<\/div>\n<div class=\"reviewtitle\">\n<h1 style=\"font-family:Arial;font-size:56px;font-style:normal;font-weight:bold;color:#FF1F78;\">brdteengal<\/h1>\n<\/div>\n<div class=\"reviewsub\">\n<h2 style=\"font-size:14px;font-style:normal;font-weight:bold;\">brdteengal.com<\/H2>\n<\/div>\n<div class=\"reviewtext\">\n<span style=\"font-size:16px;font-style:normal;\">BRDTeenGal.com: \u201eDie beste Quelle f\u00fcr qualitativ hochwertige Teen Galerien und Porno Bewertungen. Diese Seite ist komplett einwandfrei und ALLE Klicks f\u00fchren zu echten Inhalten, also setze bei uns ein Lesezeichen und komme t\u00e4glich wieder!\u201c. Dicke Titten mit gro\u00dfen Brustwarzen, blonde Teens mit prallen Nippeln, Blondinen mit dicken Titten, br\u00fcnette Teens mit prallen Nippeln, Br\u00fcnette mit dicken Titten, behaarte Rothaarige, schwangere und Milch gebende Girls, Rothaarige mit dicken Titten, rasierte Teens mit kleinen Titten, Spielzeug im Arsch \u2013 dies sind die Kategorien, die man auf BRDTeenGal finden kann.<\/br><\/p>\n<p>Wirf einen Blick auf ihre beliebten Suchen um zu verstehen, was du hier finden kannst: jung, behaart, Nippel, Zahnspangen, Casting, pissen, tschechisch, asiatisch, schwanger, prall, rothaarig, pralle Nippel, indisch, Asrchloch, gro\u00dfe Titten, winzig, Creampie, molliges Teen, H\u00f6schen, mager, Teens, Muschi, Pferdeschwanz, mollig, anal, Videos, Model, Teen und mehr. Lass uns auch ihre letzten Models anschauen: Mira D, Luisa, Li Moon, Lauren Crist, Alex Grey, Natalie Austin, Dolly Little, Sasha P., Aislin, Iggy Amore, Nina North, Alina West und andere.<\/br><\/p>\n<p>BRDTeenGal hat Inhalte von Webseiten wie 18 Eighteen, 21 Naturals, Amour Angels, Club Seventeen, Czech Casting, Team Skeet, Teen Gina, Teen Mega World, Wet and Pissy, Wet and Puffy, Wow Girls, X-Art, Hustler und noch vielen anderen. Besuch sie und schau sie dir an!<br \/>\n<\/span>\n<\/div>\n<div class=\"reviewsiteurl\">\n<a href=\"http:\/\/www.brdteengal.com\/\" rel=\"nofollow\" base target=\"_self\"><span style=\"font-size:32px;font-style:normal;font-weight:bold;text-decoration:underline;\">Hier klicken, um die webseite zu besuchen <\/span><\/a>\n<\/div>\n<\/div>\n","protected":false},"excerpt":{"rendered":"<p>Zur\u00fcck zur Startseite Seitenbewertung brdteengal brdteengal.com BRDTeenGal.com: \u201eDie beste Quelle f\u00fcr qualitativ hochwertige Teen Galerien und Porno Bewertungen. Diese Seite ist komplett einwandfrei und ALLE Klicks f\u00fchren zu echten Inhalten, also setze bei uns ein Lesezeichen und komme t\u00e4glich wieder!\u201c. Dicke Titten mit gro\u00dfen Brustwarzen, blonde Teens mit prallen Nippeln, Blondinen mit dicken Titten, br\u00fcnette <a href='https:\/\/www.thepornlist.net\/de\/porn-tgp-sites\/brdteengal\/' class='excerpt-more'>[&#8230;]<\/a><\/p>\n","protected":false},"author":1,"featured_media":0,"parent":9952,"menu_order":32630,"comment_status":"closed","ping_status":"closed","template":"0-autofill-tpl-template.php","meta":{"_acf_changed":false,"footnotes":""},"tags":[],"acf":[],"aioseo_notices":[],"_links":{"self":[{"href":"https:\/\/www.thepornlist.net\/de\/wp-json\/wp\/v2\/pages\/9925"}],"collection":[{"href":"https:\/\/www.thepornlist.net\/de\/wp-json\/wp\/v2\/pages"}],"about":[{"href":"https:\/\/www.thepornlist.net\/de\/wp-json\/wp\/v2\/types\/page"}],"author":[{"embeddable":true,"href":"https:\/\/www.thepornlist.net\/de\/wp-json\/wp\/v2\/users\/1"}],"replies":[{"embeddable":true,"href":"https:\/\/www.thepornlist.net\/de\/wp-json\/wp\/v2\/comments?post=9925"}],"version-history":[{"count":0,"href":"https:\/\/www.thepornlist.net\/de\/wp-json\/wp\/v2\/pages\/9925\/revisions"}],"up":[{"embeddable":true,"href":"https:\/\/www.thepornlist.net\/de\/wp-json\/wp\/v2\/pages\/9952"}],"wp:attachment":[{"href":"https:\/\/www.thepornlist.net\/de\/wp-json\/wp\/v2\/media?parent=9925"}],"wp:term":[{"taxonomy":"post_tag","embeddable":true,"href":"https:\/\/www.thepornlist.net\/de\/wp-json\/wp\/v2\/tags?post=9925"}],"curies":[{"name":"wp","href":"https:\/\/api.w.org\/{rel}","templated":true}]}}