{"id":9926,"date":"2016-02-14T19:45:48","date_gmt":"2016-02-14T19:45:48","guid":{"rendered":"https:\/\/www.thepornlist.net\/de\/girlsofdesire\/"},"modified":"2019-05-06T11:38:36","modified_gmt":"2019-05-06T11:38:36","slug":"girlsofdesire","status":"publish","type":"page","link":"https:\/\/www.thepornlist.net\/de\/porn-tgp-sites\/girlsofdesire\/","title":{"rendered":"girlsofdesire.org"},"content":{"rendered":"<div class=\"pb\">\n<div class=\"hd\">\n<a href=\"https:\/\/www.thepornlist.net\/de\/\" base target=\"_self\">Zur\u00fcck zur Startseite<\/a>\n<\/div>\n<div class=\"hd2\">\n<span style=\"font-style:normal;font-weight:bold;\">Seitenbewertung<\/span>\n<\/div>\n<\/div>\n<div style=\"width:100%; margin-left:auto; margin-right:auto; clear:both;z-index:1; padding-top:5px; border-radius: 2px;\">\n<div class=\"reviewimg\">\n<p><a href=\"http:\/\/www.girlsofdesire.org\/\" rel=\"nofollow\" base target=\"_self\"><img decoding=\"async\" src=\"https:\/\/www.thepornlist.net\/wp-content\/uploads\/2015\/review\/girlsofdesire.jpg\" width=\"500\" height=\"500\" alt=\"Porn Tube\"><\/a><\/p>\n<\/div>\n<div class=\"reviewtitle\">\n<h1 style=\"font-family:Arial;font-size:56px;font-style:normal;font-weight:bold;color:#FF1F78;\">girlsofdesire<\/h1>\n<\/div>\n<div class=\"reviewsub\">\n<h2 style=\"font-size:14px;font-style:normal;font-weight:bold;\">girlsofdesire.org<\/H2>\n<\/div>\n<div class=\"reviewtext\">\n<span style=\"font-size:16px;font-style:normal;\">GirlsOfDesire ist eine Porno TGP Webseite wo du genau die Girls finden wirst, die sp\u00e4t nachts durch deine Tr\u00e4ume irren. Verr\u00fcckt, Kunst, Muschi, unartig, Bikini, asiatisch, Teen, Porno, Amateur, lesbisch, ber\u00fchmt, Verlangen, M\u00f6pse, Spiele \u2013 dies sind einige der Nischen, auf die du bei GirlsOfDesire.com zugreifen kannst.<\/br><\/p>\n<p>Die Homepage wird dir die letzten Ver\u00f6ffentlichungen zeigen und du musst mir das jetzt einfach glauben \u2013 du wirst hei\u00dfe, wirklich hei\u00dfe Girls in hei\u00dfen, wirklich hei\u00dfen Galerien bekommen. Die Seitenleiste zeigt dir ein zuf\u00e4llig ausgew\u00e4hltes Ergebnis und darunter hast du ein Web Men\u00fc wo du Zugriff auf ihre eigenen Galerien, ihre eigenen Videos, eine Seite mit Spielen und die M\u00f6glichkeit von hier aus ein Lesezeichen auf der Webseite zu setzen, hast. Wenn du nach etwas Speziellem suchen m\u00f6chtest und wenn du die Schl\u00fcsselw\u00f6rter daf\u00fcr kennst, kannst du gerne den Kasten mit der Suchfunktion verwenden, der sich unter dem Men\u00fc befindet.<\/br><\/p>\n<p>Soweit ich sehen kann, werden hier t\u00e4gliche Updates gemacht und au\u00dferdem hat die Seite ein gro\u00dfartiges Layout. Daher solltest du, meiner Meinung nach, diesen Ort besuchen denn er wird dir genau das geben, was du suchst \u2013 wenn du ein Fan von Foto Sets f\u00fcr Erwachsene bist. Besuch sie und schau es dir an!<br \/>\n<\/span>\n<\/div>\n<div class=\"reviewsiteurl\">\n<a href=\"http:\/\/www.girlsofdesire.org\/\" rel=\"nofollow\" base target=\"_self\"><span style=\"font-size:32px;font-style:normal;font-weight:bold;text-decoration:underline;\">Hier klicken, um die webseite zu besuchen <\/span><\/a>\n<\/div>\n<\/div>\n","protected":false},"excerpt":{"rendered":"<p>Zur\u00fcck zur Startseite Seitenbewertung girlsofdesire girlsofdesire.org GirlsOfDesire ist eine Porno TGP Webseite wo du genau die Girls finden wirst, die sp\u00e4t nachts durch deine Tr\u00e4ume irren. Verr\u00fcckt, Kunst, Muschi, unartig, Bikini, asiatisch, Teen, Porno, Amateur, lesbisch, ber\u00fchmt, Verlangen, M\u00f6pse, Spiele \u2013 dies sind einige der Nischen, auf die du bei GirlsOfDesire.com zugreifen kannst. Die Homepage <a href='https:\/\/www.thepornlist.net\/de\/porn-tgp-sites\/girlsofdesire\/' class='excerpt-more'>[&#8230;]<\/a><\/p>\n","protected":false},"author":1,"featured_media":0,"parent":9952,"menu_order":25830,"comment_status":"closed","ping_status":"closed","template":"0-autofill-tpl-template.php","meta":{"_acf_changed":false,"footnotes":""},"tags":[],"acf":[],"aioseo_notices":[],"_links":{"self":[{"href":"https:\/\/www.thepornlist.net\/de\/wp-json\/wp\/v2\/pages\/9926"}],"collection":[{"href":"https:\/\/www.thepornlist.net\/de\/wp-json\/wp\/v2\/pages"}],"about":[{"href":"https:\/\/www.thepornlist.net\/de\/wp-json\/wp\/v2\/types\/page"}],"author":[{"embeddable":true,"href":"https:\/\/www.thepornlist.net\/de\/wp-json\/wp\/v2\/users\/1"}],"replies":[{"embeddable":true,"href":"https:\/\/www.thepornlist.net\/de\/wp-json\/wp\/v2\/comments?post=9926"}],"version-history":[{"count":0,"href":"https:\/\/www.thepornlist.net\/de\/wp-json\/wp\/v2\/pages\/9926\/revisions"}],"up":[{"embeddable":true,"href":"https:\/\/www.thepornlist.net\/de\/wp-json\/wp\/v2\/pages\/9952"}],"wp:attachment":[{"href":"https:\/\/www.thepornlist.net\/de\/wp-json\/wp\/v2\/media?parent=9926"}],"wp:term":[{"taxonomy":"post_tag","embeddable":true,"href":"https:\/\/www.thepornlist.net\/de\/wp-json\/wp\/v2\/tags?post=9926"}],"curies":[{"name":"wp","href":"https:\/\/api.w.org\/{rel}","templated":true}]}}