{"id":9930,"date":"2016-02-14T19:45:40","date_gmt":"2016-02-14T19:45:40","guid":{"rendered":"https:\/\/www.thepornlist.net\/de\/metartnews\/"},"modified":"2019-05-06T11:35:56","modified_gmt":"2019-05-06T11:35:56","slug":"metartnews","status":"publish","type":"page","link":"https:\/\/www.thepornlist.net\/de\/porn-tgp-sites\/metartnews\/","title":{"rendered":"metartnews.com"},"content":{"rendered":"<div class=\"pb\">\n<div class=\"hd\">\n<a href=\"https:\/\/www.thepornlist.net\/de\/\" base target=\"_self\">Zur\u00fcck zur Startseite<\/a>\n<\/div>\n<div class=\"hd2\">\n<span style=\"font-style:normal;font-weight:bold;\">Seitenbewertung<\/span>\n<\/div>\n<\/div>\n<div style=\"width:100%; margin-left:auto; margin-right:auto; clear:both;z-index:1; padding-top:5px; border-radius: 2px;\">\n<div class=\"reviewimg\">\n<p><a href=\"http:\/\/www.metartnews.com\/?id=thepornlist.net\" rel=\"nofollow\" base target=\"_self\"><img decoding=\"async\" src=\"https:\/\/www.thepornlist.net\/wp-content\/uploads\/2015\/review\/metartnews.jpg\" width=\"500\" height=\"500\" alt=\"Porn Tube\"><\/a><\/p>\n<\/div>\n<div class=\"reviewtitle\">\n<h1 style=\"font-family:Arial;font-size:56px;font-style:normal;font-weight:bold;color:#FF1F78;\">metartnews<\/h1>\n<\/div>\n<div class=\"reviewsub\">\n<h2 style=\"font-size:14px;font-style:normal;font-weight:bold;\">metartnews.com<\/H2>\n<\/div>\n<div class=\"reviewtext\">\n<span style=\"font-size:16px;font-style:normal;\">MetArtNews.com ist eine Porno Webseite, der den Sammler von Bildern f\u00fcr Erwachsene in dir wach ruft. Sie hat Bilder von der sehr bekannten Met Art, einer Porno Webseite die auf Kunst Bildern basiert.<\/br><\/p>\n<p>Willkommen bei MetArtNews, einer Porno Plattform, die im Gegensatz zu anderen Orten dieser Art, viel mehr Optionen hat um deine Inhalte zu filtern oder auszuw\u00e4hlen: ein Seiten Men\u00fc mit dem du auf ihr Archiv zugreifen kannst, ein Men\u00fc Neue Galerien und ein Archiv Men\u00fc direkt in der Seitenleiste.Unter all diesen Dingen wirst du die Fotografie des Tages von Met Art in hoher Aufl\u00f6sung sehen, die du kopieren und vergr\u00f6\u00dfern kannst ohne auch nur einen einzigen Cent daf\u00fcr auszugeben. Sie hat 2912 x 4368 Pixel \u2013 wir reden \u00fcber Qualit\u00e4t, nicht wahr? Ich habe auf dieses Foto geklickt und ich war erstaunt. Das Girl war an einem Swimming Pool und nachdem ich geklickt hatte um es zu vergr\u00f6\u00dfern konnte ich jeden einzelnen Wassertropfen auf ihrer Haut sehen und jeden Zentimeter ihrer behaarten Muschi. Nette Art den Tag anzufangen, oder?<\/br><\/p>\n<p>MetArtNes ist eine Porno Webseite, die du wirklich anschauen musst wenn du k\u00fcnstlerische Porno Fotos magst und nat\u00fcrlich wenn du ein Sammler bist. Wie ich dir schon gesagt habe, sie werden einen aus dir machen, wenn du noch keiner bist.<br \/>\n<\/span>\n<\/div>\n<div class=\"reviewsiteurl\">\n<a href=\"http:\/\/www.metartnews.com\/?id=thepornlist.net\" rel=\"nofollow\" base target=\"_self\"><span style=\"font-size:32px;font-style:normal;font-weight:bold;text-decoration:underline;\">Hier klicken, um die webseite zu besuchen <\/span><\/a>\n<\/div>\n<\/div>\n","protected":false},"excerpt":{"rendered":"<p>Zur\u00fcck zur Startseite Seitenbewertung metartnews metartnews.com MetArtNews.com ist eine Porno Webseite, der den Sammler von Bildern f\u00fcr Erwachsene in dir wach ruft. Sie hat Bilder von der sehr bekannten Met Art, einer Porno Webseite die auf Kunst Bildern basiert. Willkommen bei MetArtNews, einer Porno Plattform, die im Gegensatz zu anderen Orten dieser Art, viel mehr <a href='https:\/\/www.thepornlist.net\/de\/porn-tgp-sites\/metartnews\/' class='excerpt-more'>[&#8230;]<\/a><\/p>\n","protected":false},"author":1,"featured_media":0,"parent":9952,"menu_order":16110,"comment_status":"closed","ping_status":"closed","template":"0-autofill-tpl-template.php","meta":{"_acf_changed":false,"footnotes":""},"tags":[],"acf":[],"aioseo_notices":[],"_links":{"self":[{"href":"https:\/\/www.thepornlist.net\/de\/wp-json\/wp\/v2\/pages\/9930"}],"collection":[{"href":"https:\/\/www.thepornlist.net\/de\/wp-json\/wp\/v2\/pages"}],"about":[{"href":"https:\/\/www.thepornlist.net\/de\/wp-json\/wp\/v2\/types\/page"}],"author":[{"embeddable":true,"href":"https:\/\/www.thepornlist.net\/de\/wp-json\/wp\/v2\/users\/1"}],"replies":[{"embeddable":true,"href":"https:\/\/www.thepornlist.net\/de\/wp-json\/wp\/v2\/comments?post=9930"}],"version-history":[{"count":0,"href":"https:\/\/www.thepornlist.net\/de\/wp-json\/wp\/v2\/pages\/9930\/revisions"}],"up":[{"embeddable":true,"href":"https:\/\/www.thepornlist.net\/de\/wp-json\/wp\/v2\/pages\/9952"}],"wp:attachment":[{"href":"https:\/\/www.thepornlist.net\/de\/wp-json\/wp\/v2\/media?parent=9930"}],"wp:term":[{"taxonomy":"post_tag","embeddable":true,"href":"https:\/\/www.thepornlist.net\/de\/wp-json\/wp\/v2\/tags?post=9930"}],"curies":[{"name":"wp","href":"https:\/\/api.w.org\/{rel}","templated":true}]}}