{"id":9932,"date":"2016-02-14T19:45:38","date_gmt":"2016-02-14T19:45:38","guid":{"rendered":"https:\/\/www.thepornlist.net\/de\/hqtgp\/"},"modified":"2019-05-06T11:35:12","modified_gmt":"2019-05-06T11:35:12","slug":"hqtgp","status":"publish","type":"page","link":"https:\/\/www.thepornlist.net\/de\/porn-tgp-sites\/hqtgp\/","title":{"rendered":"hqtgp.com"},"content":{"rendered":"<div class=\"pb\">\n<div class=\"hd\">\n<a href=\"https:\/\/www.thepornlist.net\/de\/\" base target=\"_self\">Zur\u00fcck zur Startseite<\/a>\n<\/div>\n<div class=\"hd2\">\n<span style=\"font-style:normal;font-weight:bold;\">Seitenbewertung<\/span>\n<\/div>\n<\/div>\n<div style=\"width:100%; margin-left:auto; margin-right:auto; clear:both;z-index:1; padding-top:5px; border-radius: 2px;\">\n<div class=\"reviewimg\">\n<p><a href=\"http:\/\/www.hqtgp.com\/?id=thepornlist.net\" rel=\"nofollow\" base target=\"_self\"><img decoding=\"async\" src=\"https:\/\/www.thepornlist.net\/wp-content\/uploads\/2015\/review\/hqtgp.jpg\" width=\"500\" height=\"500\" alt=\"Porn Tube\"><\/a><\/p>\n<\/div>\n<div class=\"reviewtitle\">\n<h1 style=\"font-family:Arial;font-size:56px;font-style:normal;font-weight:bold;color:#FF1F78;\">hqtgp<\/h1>\n<\/div>\n<div class=\"reviewsub\">\n<h2 style=\"font-size:14px;font-style:normal;font-weight:bold;\">hqtgp.com<\/H2>\n<\/div>\n<div class=\"reviewtext\">\n<span style=\"font-size:16px;font-style:normal;\">Wei\u00dft du, was eine TGP Webseite ist? TGP hei\u00dft Thumbnail Gallery Posts ( Vorschaubilder Galerien Posts). Und HQTGP.com wird dir qualitativ hochwertige Galerien bieten: \u201eWillkommen in der Welt der qualitativ hochwertigen Vorschaubilder Galerien Posts! Du wirst hier Links zu Seiten mit Hunderten von kostenlosen Galerien finden. Nur TGPs mit echten, netten Galerien und eine leichte Navigation hier f\u00fcr dich.\u201c<\/br><\/p>\n<p>Die Homepage wird dir erlauben Updates zu sehen die unter erstaunlich hei\u00dfen Vorschaubildern sind, die erstaunlich hei\u00dfe Babes in den Mittelpunkt stellen. Du kannst die neuen Ver\u00f6ffentlichungen der letzten vier Tage sehen und das war es. Du kannst sonst nichts weiter sehen. Um ehrlich zu sein, es w\u00fcrde mir wirklich besser gefallen mehr Posts zu sehen.<\/br><\/p>\n<p>HQTGP ist eine Porno Webseite, die wie eine Abschussrampe zu anderen externen Zielen funktioniert. Dort wirst du das spezielle Set sehen aus dem das Foto, das du im Vorschaubild auf der Startseite von HQTGP sehen kannst, stammt. Der Zugriff auf jeden Link auf der Webseite ist kostenlos, aber du wirst zu einer Premium Webseite weitergeleitet werden nachdem du auf eines der Vorschaubilder geklickt hast. Das bedeutet, dass du in der Lage sein wirst mehr Fotos aus dem Set zu sehen, aber du wirst eine bezahlte Mitgliedschaft dazu ben\u00f6tigen. Schau rein!<br \/>\n<\/span>\n<\/div>\n<div class=\"reviewsiteurl\">\n<a href=\"http:\/\/www.hqtgp.com\/?id=thepornlist.net\" rel=\"nofollow\" base target=\"_self\"><span style=\"font-size:32px;font-style:normal;font-weight:bold;text-decoration:underline;\">Hier klicken, um die webseite zu besuchen <\/span><\/a>\n<\/div>\n<\/div>\n","protected":false},"excerpt":{"rendered":"<p>Zur\u00fcck zur Startseite Seitenbewertung hqtgp hqtgp.com Wei\u00dft du, was eine TGP Webseite ist? TGP hei\u00dft Thumbnail Gallery Posts ( Vorschaubilder Galerien Posts). Und HQTGP.com wird dir qualitativ hochwertige Galerien bieten: \u201eWillkommen in der Welt der qualitativ hochwertigen Vorschaubilder Galerien Posts! Du wirst hier Links zu Seiten mit Hunderten von kostenlosen Galerien finden. Nur TGPs mit <a href='https:\/\/www.thepornlist.net\/de\/porn-tgp-sites\/hqtgp\/' class='excerpt-more'>[&#8230;]<\/a><\/p>\n","protected":false},"author":1,"featured_media":0,"parent":9952,"menu_order":14530,"comment_status":"closed","ping_status":"closed","template":"0-autofill-tpl-template.php","meta":{"_acf_changed":false,"footnotes":""},"tags":[],"acf":[],"aioseo_notices":[],"_links":{"self":[{"href":"https:\/\/www.thepornlist.net\/de\/wp-json\/wp\/v2\/pages\/9932"}],"collection":[{"href":"https:\/\/www.thepornlist.net\/de\/wp-json\/wp\/v2\/pages"}],"about":[{"href":"https:\/\/www.thepornlist.net\/de\/wp-json\/wp\/v2\/types\/page"}],"author":[{"embeddable":true,"href":"https:\/\/www.thepornlist.net\/de\/wp-json\/wp\/v2\/users\/1"}],"replies":[{"embeddable":true,"href":"https:\/\/www.thepornlist.net\/de\/wp-json\/wp\/v2\/comments?post=9932"}],"version-history":[{"count":0,"href":"https:\/\/www.thepornlist.net\/de\/wp-json\/wp\/v2\/pages\/9932\/revisions"}],"up":[{"embeddable":true,"href":"https:\/\/www.thepornlist.net\/de\/wp-json\/wp\/v2\/pages\/9952"}],"wp:attachment":[{"href":"https:\/\/www.thepornlist.net\/de\/wp-json\/wp\/v2\/media?parent=9932"}],"wp:term":[{"taxonomy":"post_tag","embeddable":true,"href":"https:\/\/www.thepornlist.net\/de\/wp-json\/wp\/v2\/tags?post=9932"}],"curies":[{"name":"wp","href":"https:\/\/api.w.org\/{rel}","templated":true}]}}