{"id":9944,"date":"2016-02-14T19:29:45","date_gmt":"2016-02-14T19:29:45","guid":{"rendered":"https:\/\/www.thepornlist.net\/de\/eroticbeauties\/"},"modified":"2019-05-06T11:39:21","modified_gmt":"2019-05-06T11:39:21","slug":"eroticbeauties","status":"publish","type":"page","link":"https:\/\/www.thepornlist.net\/de\/porn-tgp-sites\/eroticbeauties\/","title":{"rendered":"eroticbeauties.net"},"content":{"rendered":"<div class=\"pb\">\n<div class=\"hd\">\n<a href=\"https:\/\/www.thepornlist.net\/de\/\" base target=\"_self\">Zur\u00fcck zur Startseite<\/a>\n<\/div>\n<div class=\"hd2\">\n<span style=\"font-style:normal;font-weight:bold;\">Seitenbewertung<\/span>\n<\/div>\n<\/div>\n<div style=\"width:100%; margin-left:auto; margin-right:auto; clear:both;z-index:1; padding-top:5px; border-radius: 2px;\">\n<div class=\"reviewimg\">\n<p><a href=\"http:\/\/www.eroticbeauties.net\/\" rel=\"nofollow\" base target=\"_self\"><img decoding=\"async\" src=\"https:\/\/www.thepornlist.net\/wp-content\/uploads\/2015\/review\/eroticbeauties.jpg\" width=\"500\" height=\"500\" alt=\"Porn Tube\"><\/a><\/p>\n<\/div>\n<div class=\"reviewtitle\">\n<h1 style=\"font-family:Arial;font-size:56px;font-style:normal;font-weight:bold;color:#FF1F78;\">eroticbeauties<\/h1>\n<\/div>\n<div class=\"reviewsub\">\n<h2 style=\"font-size:14px;font-style:normal;font-weight:bold;\">eroticbeauties.net<\/H2>\n<\/div>\n<div class=\"reviewtext\">\n<span style=\"font-size:16px;font-style:normal;\">Willkommen bei EroticBeauties.net, einer gro\u00dfartigen Webseite die nackte Girls auf Fotos und in Videos zeigt. Es gibt dort t\u00e4gliche Updates und das Layout sieht klasse aus. Die Navigationsleiste wird es dir schnell erlauben ein Verzeichnis der Models, ein Verzeichnis der Seiten, die Kategorie Liste und den Kasten mit der Suchfunktion zu erreichen.<\/br> <\/p>\n<p>Lass uns einen Blick auf ihre Kategorien werfen: Teens \u00fcber 18, alternativ, Kunst Nackte, K\u00fcnstler, AV Idole, Strand Nackte, vollbusige Babes, Ber\u00fchmtheit, Nahaufnahmen, kurvige Girls, exotisch, Glamour, hardcore, Lesben, Dessous, Masturbation, h\u00fcbsche \u00c4rsche, Oralsex, outdoor, zierlich, Playmates, \u00f6ffentliche Nacktheit, Selfies, softcore, Studio Nackte und mehr. Lass uns auch einen Blick auf ihr Seiten Verzeichnis werfen: Abby Winters, All Gravure, ALS Scan, Amateur Allure, Amour Angels, Art Lingerie, AV Erotica, Babes, Beach Candids, Beautiful Nude, Delta of Venus, Eternal Desire, Femjoy, FTV Girls und viele andere bis du die gesamte gro\u00dfe Anzahl von 82 Studios erreichst. Und warum nicht, lass und das Model Verzeichnis ansehen: Aaliyah Love, Abbie Cat, Abelia, Adriana Chechik, Adriana Leigh, Adriana Morriss und noch viele andere, auf einer gro\u00dfartigen Anzahl von 69 Seiten.<\/br><\/p>\n<p>Wenn du eine exquisite und elegante Webseite willst um gro\u00dfartige Babes auf Foto Sets und in Porno Videos zu sehen, dann z\u00f6gere nicht dieses Ziel f\u00fcr Erwachsene mit einem Lesezeichen zu versehen und es zu besuchen!<br \/>\n<\/span>\n<\/div>\n<div class=\"reviewsiteurl\">\n<a href=\"http:\/\/www.eroticbeauties.net\/\" rel=\"nofollow\" base target=\"_self\"><span style=\"font-size:32px;font-style:normal;font-weight:bold;text-decoration:underline;\">Hier klicken, um die webseite zu besuchen <\/span><\/a>\n<\/div>\n<\/div>\n","protected":false},"excerpt":{"rendered":"<p>Zur\u00fcck zur Startseite Seitenbewertung eroticbeauties eroticbeauties.net Willkommen bei EroticBeauties.net, einer gro\u00dfartigen Webseite die nackte Girls auf Fotos und in Videos zeigt. Es gibt dort t\u00e4gliche Updates und das Layout sieht klasse aus. Die Navigationsleiste wird es dir schnell erlauben ein Verzeichnis der Models, ein Verzeichnis der Seiten, die Kategorie Liste und den Kasten mit der <a href='https:\/\/www.thepornlist.net\/de\/porn-tgp-sites\/eroticbeauties\/' class='excerpt-more'>[&#8230;]<\/a><\/p>\n","protected":false},"author":1,"featured_media":0,"parent":9952,"menu_order":28390,"comment_status":"closed","ping_status":"closed","template":"0-autofill-tpl-template.php","meta":{"_acf_changed":false,"footnotes":""},"tags":[],"acf":[],"aioseo_notices":[],"_links":{"self":[{"href":"https:\/\/www.thepornlist.net\/de\/wp-json\/wp\/v2\/pages\/9944"}],"collection":[{"href":"https:\/\/www.thepornlist.net\/de\/wp-json\/wp\/v2\/pages"}],"about":[{"href":"https:\/\/www.thepornlist.net\/de\/wp-json\/wp\/v2\/types\/page"}],"author":[{"embeddable":true,"href":"https:\/\/www.thepornlist.net\/de\/wp-json\/wp\/v2\/users\/1"}],"replies":[{"embeddable":true,"href":"https:\/\/www.thepornlist.net\/de\/wp-json\/wp\/v2\/comments?post=9944"}],"version-history":[{"count":0,"href":"https:\/\/www.thepornlist.net\/de\/wp-json\/wp\/v2\/pages\/9944\/revisions"}],"up":[{"embeddable":true,"href":"https:\/\/www.thepornlist.net\/de\/wp-json\/wp\/v2\/pages\/9952"}],"wp:attachment":[{"href":"https:\/\/www.thepornlist.net\/de\/wp-json\/wp\/v2\/media?parent=9944"}],"wp:term":[{"taxonomy":"post_tag","embeddable":true,"href":"https:\/\/www.thepornlist.net\/de\/wp-json\/wp\/v2\/tags?post=9944"}],"curies":[{"name":"wp","href":"https:\/\/api.w.org\/{rel}","templated":true}]}}