{"id":9945,"date":"2016-02-14T19:27:51","date_gmt":"2016-02-14T19:27:51","guid":{"rendered":"https:\/\/www.thepornlist.net\/de\/badashley\/"},"modified":"2019-05-06T11:38:01","modified_gmt":"2019-05-06T11:38:01","slug":"badashley","status":"publish","type":"page","link":"https:\/\/www.thepornlist.net\/de\/porn-tgp-sites\/badashley\/","title":{"rendered":"badashley.com"},"content":{"rendered":"<div class=\"pb\">\n<div class=\"hd\">\n<a href=\"https:\/\/www.thepornlist.net\/de\/\" base target=\"_self\">Zur\u00fcck zur Startseite<\/a>\n<\/div>\n<div class=\"hd2\">\n<span style=\"font-style:normal;font-weight:bold;\">Seitenbewertung<\/span>\n<\/div>\n<\/div>\n<div style=\"width:100%; margin-left:auto; margin-right:auto; clear:both;z-index:1; padding-top:5px; border-radius: 2px;\">\n<div class=\"reviewimg\">\n<p><a href=\"http:\/\/www.badashley.com\/\" rel=\"nofollow\" base target=\"_self\"><img decoding=\"async\" src=\"https:\/\/www.thepornlist.net\/wp-content\/uploads\/2015\/review\/badashley.jpg\" width=\"500\" height=\"500\" alt=\"Porn Tube\"><\/a><\/p>\n<\/div>\n<div class=\"reviewtitle\">\n<h1 style=\"font-family:Arial;font-size:56px;font-style:normal;font-weight:bold;color:#FF1F78;\">badashley<\/h1>\n<\/div>\n<div class=\"reviewsub\">\n<h2 style=\"font-size:14px;font-style:normal;font-weight:bold;\">badashley.com<\/H2>\n<\/div>\n<div class=\"reviewtext\">\n<span style=\"font-size:16px;font-style:normal;\">Ich wei\u00df nicht, wer Ashley ist, aber ich wei\u00df dass sie ein wirklich b\u00f6ses M\u00e4dchen ist. Willkommen bei BadAshley, einer TGP Webseite auf der du Punk Girls, Tattoo Girls, Gothic Girls, Szene Girls, alternative Girls, Emo Girls, Punk Rock Girls und gepiercte Girls finden wirst.<\/br><\/p>\n<p>Die Homepage von BadAshley wird dir ein gro\u00dfartiges Layout zeigen wo du kleine Vorschaubilder sehen wirst, die dir gro\u00dfartige Babes unter der Beschreibung, die du dar\u00fcber sehen kannst, zeigen. Klicke auf irgendeines davon und du wirst zu einer externen Webseite weitergeleitet werden, wo du dieses spezielle Set, aus dem das Vorschaubild stammt, sehen wirst. Um Zugang zum gesamten Inhalt zu bekommen, wirst du dich bei dieser bestimmten dritten Webseite zu einer bezahlten Mitgliedschaft anmelden m\u00fcssen.<\/br><\/p>\n<p>Da diese Webseite keine Nische ist, die du jeden Tag benutzt, k\u00f6nnen wir von Anfang an verstehen, dass alles, was du hier finden wirst, nur f\u00fcr diejenigen unter euch gedacht ist, die diese Art von Girls wirklich genie\u00dfen k\u00f6nnen. Um ehrlich zu sein, mir gef\u00e4llt es darauf t\u00e4towierte Frauen zu sehen und ich stand schon immer auf sie. Meiner Meinung nach sieht diese Art von Frauen noch erotischer aus, wilder und dazu bereit deine wildesten Fantasien wahr werden zu lassen. Besuch sie jetzt!<br \/>\n<\/span>\n<\/div>\n<div class=\"reviewsiteurl\">\n<a href=\"http:\/\/www.badashley.com\/\" rel=\"nofollow\" base target=\"_self\"><span style=\"font-size:32px;font-style:normal;font-weight:bold;text-decoration:underline;\">Hier klicken, um die webseite zu besuchen <\/span><\/a>\n<\/div>\n<\/div>\n","protected":false},"excerpt":{"rendered":"<p>Zur\u00fcck zur Startseite Seitenbewertung badashley badashley.com Ich wei\u00df nicht, wer Ashley ist, aber ich wei\u00df dass sie ein wirklich b\u00f6ses M\u00e4dchen ist. Willkommen bei BadAshley, einer TGP Webseite auf der du Punk Girls, Tattoo Girls, Gothic Girls, Szene Girls, alternative Girls, Emo Girls, Punk Rock Girls und gepiercte Girls finden wirst. Die Homepage von BadAshley <a href='https:\/\/www.thepornlist.net\/de\/porn-tgp-sites\/badashley\/' class='excerpt-more'>[&#8230;]<\/a><\/p>\n","protected":false},"author":1,"featured_media":0,"parent":9952,"menu_order":24230,"comment_status":"closed","ping_status":"closed","template":"0-autofill-tpl-template.php","meta":{"_acf_changed":false,"footnotes":""},"tags":[],"acf":[],"aioseo_notices":[],"_links":{"self":[{"href":"https:\/\/www.thepornlist.net\/de\/wp-json\/wp\/v2\/pages\/9945"}],"collection":[{"href":"https:\/\/www.thepornlist.net\/de\/wp-json\/wp\/v2\/pages"}],"about":[{"href":"https:\/\/www.thepornlist.net\/de\/wp-json\/wp\/v2\/types\/page"}],"author":[{"embeddable":true,"href":"https:\/\/www.thepornlist.net\/de\/wp-json\/wp\/v2\/users\/1"}],"replies":[{"embeddable":true,"href":"https:\/\/www.thepornlist.net\/de\/wp-json\/wp\/v2\/comments?post=9945"}],"version-history":[{"count":0,"href":"https:\/\/www.thepornlist.net\/de\/wp-json\/wp\/v2\/pages\/9945\/revisions"}],"up":[{"embeddable":true,"href":"https:\/\/www.thepornlist.net\/de\/wp-json\/wp\/v2\/pages\/9952"}],"wp:attachment":[{"href":"https:\/\/www.thepornlist.net\/de\/wp-json\/wp\/v2\/media?parent=9945"}],"wp:term":[{"taxonomy":"post_tag","embeddable":true,"href":"https:\/\/www.thepornlist.net\/de\/wp-json\/wp\/v2\/tags?post=9945"}],"curies":[{"name":"wp","href":"https:\/\/api.w.org\/{rel}","templated":true}]}}