{"id":9947,"date":"2016-02-14T19:26:51","date_gmt":"2016-02-14T19:26:51","guid":{"rendered":"https:\/\/www.thepornlist.net\/de\/eroticperfection\/"},"modified":"2019-05-06T11:37:37","modified_gmt":"2019-05-06T11:37:37","slug":"eroticperfection","status":"publish","type":"page","link":"https:\/\/www.thepornlist.net\/de\/porn-tgp-sites\/eroticperfection\/","title":{"rendered":"eroticperfection"},"content":{"rendered":"<div class=\"pb\">\n<div class=\"hd\">\n<a href=\"https:\/\/www.thepornlist.net\/de\/\" base target=\"_self\">Zur\u00fcck zur Startseite<\/a>\n<\/div>\n<div class=\"hd2\">\n<span style=\"font-style:normal;font-weight:bold;\">Seitenbewertung<\/span>\n<\/div>\n<\/div>\n<div style=\"width:100%; margin-left:auto; margin-right:auto; clear:both;z-index:1; padding-top:5px; border-radius: 2px;\">\n<div class=\"reviewimg\">\n<p><a href=\"http:\/\/www.eroticperfection.com\/?id=thepornlist.net\" rel=\"nofollow\" base target=\"_self\"><img decoding=\"async\" src=\"https:\/\/www.thepornlist.net\/wp-content\/uploads\/2015\/review\/eroticperfection.jpg\" width=\"500\" height=\"500\" alt=\"Porn Tube\"><\/a><\/p>\n<\/div>\n<div class=\"reviewtitle\">\n<h1 style=\"font-family:Arial;font-size:56px;font-style:normal;font-weight:bold;color:#FF1F78;\">eroticperfection<\/h1>\n<\/div>\n<div class=\"reviewsub\">\n<h2 style=\"font-size:14px;font-style:normal;font-weight:bold;\">eroticperfection.com<\/H2>\n<\/div>\n<div class=\"reviewtext\">\n<span style=\"font-size:16px;font-style:normal;\">EroticPerfection.com ist eine Porno Webseite, wo du nackte Kunst und feine erotische Fotografie finden wirst. Ihre eigenen Worte \u00fcber diesen Ort w\u00fcrden wie folgt lauten:\u201c Willkommen in meiner Welt der qualitativ hochwertigen erotischen Fotografie! Du wirst hier nur sch\u00f6ne nackte Girls finden und qualitativ hochwertige Fotos von den besten und ber\u00fchmtesten Erotik Fotografen. Jeden Tag durchsuche ich das Internet nach den hei\u00dfesten Models und ver\u00f6ffentliche hier Galerien. Viele der frischen Models hier werden von mir aus dem Mitglieder Bereich einiger exzellenter Zahlseiten ausgesucht, bei denen ich Mitglied bin. Hier gibt es keine Pornografie sondern nur qualitativ hochwertige Erotik f\u00fcr echte Fans von weiblicher Sch\u00f6nheit und erotischer Kunst! Ich werde jeden Tag neue Galerien ver\u00f6ffentlichen!\u201c<\/br><\/p>\n<p>In anderen Worten, du wirst in der Lage sein hier Foto Sets anzuschauen, die von Porno Studios gemacht wurden. Diese Seite ist wie eine Abschussrampe denn wenn du auf irgendein Vorschaubild klickst, wirst du zu der Webseite weitergeleitet, die die Galerie hostet. Du wirst eine gewisse Anzahl an Bildern kostenlos sehen k\u00f6nnen, aber um Zugriff auf mehr Inhalte oder verschiedene Sets f\u00fcr Erwachsene zu bekommen, wirst du eine bezahlte Mitgliedschaft auf der externen Plattform anmelden m\u00fcssen.<\/br><\/p>\n<p>Die Babes, die ich hier gesehen habe, die Titten, diese \u00c4rsche und engen Kleider \u2013 schenke ihnen deinen Besuch!<br \/>\n<\/span>\n<\/div>\n<div class=\"reviewsiteurl\">\n<a href=\"http:\/\/www.eroticperfection.com\/?id=thepornlist.net\" rel=\"nofollow\" base target=\"_self\"><span style=\"font-size:32px;font-style:normal;font-weight:bold;text-decoration:underline;\">Hier klicken, um die webseite zu besuchen <\/span><\/a>\n<\/div>\n<\/div>\n","protected":false},"excerpt":{"rendered":"<p>Zur\u00fcck zur Startseite Seitenbewertung eroticperfection eroticperfection.com EroticPerfection.com ist eine Porno Webseite, wo du nackte Kunst und feine erotische Fotografie finden wirst. Ihre eigenen Worte \u00fcber diesen Ort w\u00fcrden wie folgt lauten:\u201c Willkommen in meiner Welt der qualitativ hochwertigen erotischen Fotografie! Du wirst hier nur sch\u00f6ne nackte Girls finden und qualitativ hochwertige Fotos von den besten <a href='https:\/\/www.thepornlist.net\/de\/porn-tgp-sites\/eroticperfection\/' class='excerpt-more'>[&#8230;]<\/a><\/p>\n","protected":false},"author":1,"featured_media":0,"parent":9952,"menu_order":22750,"comment_status":"closed","ping_status":"closed","template":"0-autofill-tpl-template.php","meta":{"_acf_changed":false,"footnotes":""},"tags":[],"acf":[],"aioseo_notices":[],"_links":{"self":[{"href":"https:\/\/www.thepornlist.net\/de\/wp-json\/wp\/v2\/pages\/9947"}],"collection":[{"href":"https:\/\/www.thepornlist.net\/de\/wp-json\/wp\/v2\/pages"}],"about":[{"href":"https:\/\/www.thepornlist.net\/de\/wp-json\/wp\/v2\/types\/page"}],"author":[{"embeddable":true,"href":"https:\/\/www.thepornlist.net\/de\/wp-json\/wp\/v2\/users\/1"}],"replies":[{"embeddable":true,"href":"https:\/\/www.thepornlist.net\/de\/wp-json\/wp\/v2\/comments?post=9947"}],"version-history":[{"count":0,"href":"https:\/\/www.thepornlist.net\/de\/wp-json\/wp\/v2\/pages\/9947\/revisions"}],"up":[{"embeddable":true,"href":"https:\/\/www.thepornlist.net\/de\/wp-json\/wp\/v2\/pages\/9952"}],"wp:attachment":[{"href":"https:\/\/www.thepornlist.net\/de\/wp-json\/wp\/v2\/media?parent=9947"}],"wp:term":[{"taxonomy":"post_tag","embeddable":true,"href":"https:\/\/www.thepornlist.net\/de\/wp-json\/wp\/v2\/tags?post=9947"}],"curies":[{"name":"wp","href":"https:\/\/api.w.org\/{rel}","templated":true}]}}