{"id":9948,"date":"2016-02-14T19:24:36","date_gmt":"2016-02-14T19:24:36","guid":{"rendered":"https:\/\/www.thepornlist.net\/de\/purescans\/"},"modified":"2019-05-06T11:34:59","modified_gmt":"2019-05-06T11:34:59","slug":"purescans","status":"publish","type":"page","link":"https:\/\/www.thepornlist.net\/de\/porn-tgp-sites\/purescans\/","title":{"rendered":"purescans.com"},"content":{"rendered":"<div class=\"pb\">\n<div class=\"hd\">\n<a href=\"https:\/\/www.thepornlist.net\/de\/\" base target=\"_self\">Zur\u00fcck zur Startseite<\/a>\n<\/div>\n<div class=\"hd2\">\n<span style=\"font-style:normal;font-weight:bold;\">Seitenbewertung<\/span>\n<\/div>\n<\/div>\n<div style=\"width:100%; margin-left:auto; margin-right:auto; clear:both;z-index:1; padding-top:5px; border-radius: 2px;\">\n<div class=\"reviewimg\">\n<p><a href=\"http:\/\/www.purescans.com\/bng\/\" rel=\"nofollow\" base target=\"_self\"><img decoding=\"async\" src=\"https:\/\/www.thepornlist.net\/wp-content\/uploads\/2015\/review\/purescans.jpg\" width=\"500\" height=\"500\" alt=\"Porn Tube\"><\/a><\/p>\n<\/div>\n<div class=\"reviewtitle\">\n<h1 style=\"font-family:Arial;font-size:56px;font-style:normal;font-weight:bold;color:#FF1F78;\">purescans<\/h1>\n<\/div>\n<div class=\"reviewsub\">\n<h2 style=\"font-size:14px;font-style:normal;font-weight:bold;\">purescans.com<\/H2>\n<\/div>\n<div class=\"reviewtext\">\n<span style=\"font-size:16px;font-style:normal;\">Willkommen bei Purescans.com, einem Ort wo du wundersch\u00f6ne nackte Girls sehen kannst. Dies sind ihre Zeilen und um ehrlich zu sein, was ich sehen konnte, haben sie recht damit \u201eT\u00e4gliche qualitativ hochwertige Bilder von den wundersch\u00f6nsten jungen und nackten Models! Nur ausgew\u00e4hlte direkte Links zu den besten softcore Galerien. Keine schlechten Bilder, keine Konsolen\u201c.<\/br><\/p>\n<p>Die Homepage wird dir kleine Vorschaubilder zeigen mit einigen der erstaunlichsten Frauen, die ich jemals gesehen habe. Klicke auf irgendeines und du wirst zu einer externen Seite geleitet werden auf der du noch mehr Bilder mit diesem Girls sehen kannst, aus dem gleichen Set. Mit anderen Worten, PureScans.com mit seinem Bereich mit wundersch\u00f6nen Girls ist ein Flughafen von dem du zu anderen Porno zielen fliegen kannst. Wen k\u00fcmmert es schon, wie sie das machen, so lange du all diese hei\u00dfen Babes bekommst? Von Zeit zu zeit wirst du ein GIF bemerken. Wenn du alle auf der Startseite gesehen hast, dann klicke auf \u201eDu willst mehr? Klicke hier zu den letzten 5 Tagen!\u201c &#8211; du verstehst, oder? Mehr kann man nicht bekommen!<\/br><\/p>\n<p>Ich bin kein Sammler von Porno Galerien, aber trotzdem, ich mag diese Webseite sehr. Die Idee, die dahinter steckt, ist ziemlich einzigartig und ich glaube dadurch wirst du richtig verw\u00f6hnt werden.<br \/>\n<\/span>\n<\/div>\n<div class=\"reviewsiteurl\">\n<a href=\"http:\/\/www.purescans.com\/bng\/\" rel=\"nofollow\" base target=\"_self\"><span style=\"font-size:32px;font-style:normal;font-weight:bold;text-decoration:underline;\">Hier klicken, um die webseite zu besuchen <\/span><\/a>\n<\/div>\n<\/div>\n","protected":false},"excerpt":{"rendered":"<p>Zur\u00fcck zur Startseite Seitenbewertung purescans purescans.com Willkommen bei Purescans.com, einem Ort wo du wundersch\u00f6ne nackte Girls sehen kannst. Dies sind ihre Zeilen und um ehrlich zu sein, was ich sehen konnte, haben sie recht damit \u201eT\u00e4gliche qualitativ hochwertige Bilder von den wundersch\u00f6nsten jungen und nackten Models! Nur ausgew\u00e4hlte direkte Links zu den besten softcore Galerien. <a href='https:\/\/www.thepornlist.net\/de\/porn-tgp-sites\/purescans\/' class='excerpt-more'>[&#8230;]<\/a><\/p>\n","protected":false},"author":1,"featured_media":0,"parent":9952,"menu_order":13530,"comment_status":"closed","ping_status":"closed","template":"0-autofill-tpl-template.php","meta":{"_acf_changed":false,"footnotes":""},"tags":[],"acf":[],"aioseo_notices":[],"_links":{"self":[{"href":"https:\/\/www.thepornlist.net\/de\/wp-json\/wp\/v2\/pages\/9948"}],"collection":[{"href":"https:\/\/www.thepornlist.net\/de\/wp-json\/wp\/v2\/pages"}],"about":[{"href":"https:\/\/www.thepornlist.net\/de\/wp-json\/wp\/v2\/types\/page"}],"author":[{"embeddable":true,"href":"https:\/\/www.thepornlist.net\/de\/wp-json\/wp\/v2\/users\/1"}],"replies":[{"embeddable":true,"href":"https:\/\/www.thepornlist.net\/de\/wp-json\/wp\/v2\/comments?post=9948"}],"version-history":[{"count":0,"href":"https:\/\/www.thepornlist.net\/de\/wp-json\/wp\/v2\/pages\/9948\/revisions"}],"up":[{"embeddable":true,"href":"https:\/\/www.thepornlist.net\/de\/wp-json\/wp\/v2\/pages\/9952"}],"wp:attachment":[{"href":"https:\/\/www.thepornlist.net\/de\/wp-json\/wp\/v2\/media?parent=9948"}],"wp:term":[{"taxonomy":"post_tag","embeddable":true,"href":"https:\/\/www.thepornlist.net\/de\/wp-json\/wp\/v2\/tags?post=9948"}],"curies":[{"name":"wp","href":"https:\/\/api.w.org\/{rel}","templated":true}]}}