{"id":9949,"date":"2016-02-14T19:24:13","date_gmt":"2016-02-14T19:24:13","guid":{"rendered":"https:\/\/www.thepornlist.net\/de\/tokyoteenies\/"},"modified":"2019-05-06T11:34:45","modified_gmt":"2019-05-06T11:34:45","slug":"tokyoteenies","status":"publish","type":"page","link":"https:\/\/www.thepornlist.net\/de\/porn-tgp-sites\/tokyoteenies\/","title":{"rendered":"tokyoteenies.com"},"content":{"rendered":"<div class=\"pb\">\n<div class=\"hd\">\n<a href=\"https:\/\/www.thepornlist.net\/de\/\" base target=\"_self\">Zur\u00fcck zur Startseite<\/a>\n<\/div>\n<div class=\"hd2\">\n<span style=\"font-style:normal;font-weight:bold;\">Seitenbewertung<\/span>\n<\/div>\n<\/div>\n<div style=\"width:100%; margin-left:auto; margin-right:auto; clear:both;z-index:1; padding-top:5px; border-radius: 2px;\">\n<div class=\"reviewimg\">\n<p><a href=\"http:\/\/www.tokyoteenies.com\/\" rel=\"nofollow\" base target=\"_self\"><img decoding=\"async\" src=\"https:\/\/www.thepornlist.net\/wp-content\/uploads\/2015\/review\/tokyoteenies.jpg\" width=\"500\" height=\"500\" alt=\"Porn Tube\"><\/a><\/p>\n<\/div>\n<div class=\"reviewtitle\">\n<h1 style=\"font-family:Arial;font-size:56px;font-style:normal;font-weight:bold;color:#FF1F78;\">tokyoteenies<\/h1>\n<\/div>\n<div class=\"reviewsub\">\n<h2 style=\"font-size:14px;font-style:normal;font-weight:bold;\">tokyoteenies.com<\/H2>\n<\/div>\n<div class=\"reviewtext\">\n<span style=\"font-size:16px;font-style:normal;\">Diese verr\u00fcckten japanischen Girls! Wer liebt sie nicht? Tokyoteenies.com wird dir eine Menge japanische Girls zeigen, die Sex haben und verr\u00fcckte Sachen machen und alles unzensiert. Du wirst hier eine Menge Spa\u00df haben wenn Asiatinnen deine bevorzugte Nische sind. Die Hauptseite zeigt einige Bilder und unter diesen Bildern kannst du einen Post mit einem Set von noch mehr Bildern \u00f6ffnen. Es gibt einige Werbungen, Pop-Ups und das kann ein bisschen st\u00f6rend sein, aber nicht mehr als das.<\/br>  <\/p>\n<p>Du kannst diese asiatischen Sch\u00f6nheiten genie\u00dfen und sogar Kommentare hinterlassen oder sie bewerten wenn du dich kostenlos anmeldest. Wenn du von einem Girl noch mehr sehen willst, kannst du auf einen Link klicken, der dich zu einer Zahlseite weiterleiten wird. Oben auf der Seite kannst du eine Leiste finden mit den neuesten, dem am besten bewerteten, den meist angeschauten JAV Models und mit einigen externen Links. Der beste Rat, den ich dir geben kann, wenn du ein echter Fan von Asia Inhalten und unzensierten japanischen Pornos bist, dann ist das die richtige Webseite f\u00fcr dich. Das Richtige ist diesen JAV Ort zu besuchen und ein Lesezeichen zu setzen, du wirst mir sp\u00e4ter noch f\u00fcr diese Worte danken!<br \/>\n<\/span>\n<\/div>\n<div class=\"reviewsiteurl\">\n<a href=\"http:\/\/www.tokyoteenies.com\/\" rel=\"nofollow\" base target=\"_self\"><span style=\"font-size:32px;font-style:normal;font-weight:bold;text-decoration:underline;\">Hier klicken, um die webseite zu besuchen <\/span><\/a>\n<\/div>\n<\/div>\n","protected":false},"excerpt":{"rendered":"<p>Zur\u00fcck zur Startseite Seitenbewertung tokyoteenies tokyoteenies.com Diese verr\u00fcckten japanischen Girls! Wer liebt sie nicht? Tokyoteenies.com wird dir eine Menge japanische Girls zeigen, die Sex haben und verr\u00fcckte Sachen machen und alles unzensiert. Du wirst hier eine Menge Spa\u00df haben wenn Asiatinnen deine bevorzugte Nische sind. Die Hauptseite zeigt einige Bilder und unter diesen Bildern kannst <a href='https:\/\/www.thepornlist.net\/de\/porn-tgp-sites\/tokyoteenies\/' class='excerpt-more'>[&#8230;]<\/a><\/p>\n","protected":false},"author":1,"featured_media":0,"parent":9952,"menu_order":12430,"comment_status":"closed","ping_status":"closed","template":"0-autofill-tpl-template.php","meta":{"_acf_changed":false,"footnotes":""},"tags":[],"acf":[],"aioseo_notices":[],"_links":{"self":[{"href":"https:\/\/www.thepornlist.net\/de\/wp-json\/wp\/v2\/pages\/9949"}],"collection":[{"href":"https:\/\/www.thepornlist.net\/de\/wp-json\/wp\/v2\/pages"}],"about":[{"href":"https:\/\/www.thepornlist.net\/de\/wp-json\/wp\/v2\/types\/page"}],"author":[{"embeddable":true,"href":"https:\/\/www.thepornlist.net\/de\/wp-json\/wp\/v2\/users\/1"}],"replies":[{"embeddable":true,"href":"https:\/\/www.thepornlist.net\/de\/wp-json\/wp\/v2\/comments?post=9949"}],"version-history":[{"count":0,"href":"https:\/\/www.thepornlist.net\/de\/wp-json\/wp\/v2\/pages\/9949\/revisions"}],"up":[{"embeddable":true,"href":"https:\/\/www.thepornlist.net\/de\/wp-json\/wp\/v2\/pages\/9952"}],"wp:attachment":[{"href":"https:\/\/www.thepornlist.net\/de\/wp-json\/wp\/v2\/media?parent=9949"}],"wp:term":[{"taxonomy":"post_tag","embeddable":true,"href":"https:\/\/www.thepornlist.net\/de\/wp-json\/wp\/v2\/tags?post=9949"}],"curies":[{"name":"wp","href":"https:\/\/api.w.org\/{rel}","templated":true}]}}