{"id":9950,"date":"2016-02-14T19:15:31","date_gmt":"2016-02-14T19:15:31","guid":{"rendered":"https:\/\/www.thepornlist.net\/de\/teenqueens\/"},"modified":"2019-05-06T11:34:19","modified_gmt":"2019-05-06T11:34:19","slug":"teenqueens","status":"publish","type":"page","link":"https:\/\/www.thepornlist.net\/de\/porn-tgp-sites\/teenqueens\/","title":{"rendered":"teenqueens.net"},"content":{"rendered":"<div class=\"pb\">\n<div class=\"hd\">\n<a href=\"https:\/\/www.thepornlist.net\/de\/\" base target=\"_self\">Zur\u00fcck zur Startseite<\/a>\n<\/div>\n<div class=\"hd2\">\n<span style=\"font-style:normal;font-weight:bold;\">Seitenbewertung<\/span>\n<\/div>\n<\/div>\n<div style=\"width:100%; margin-left:auto; margin-right:auto; clear:both;z-index:1; padding-top:5px; border-radius: 2px;\">\n<div class=\"reviewimg\">\n<p><a href=\"http:\/\/www.teenqueens.net\/\" rel=\"nofollow\" base target=\"_self\"><img decoding=\"async\" src=\"https:\/\/www.thepornlist.net\/wp-content\/uploads\/2015\/review\/teenqueens.jpg\" width=\"500\" height=\"500\" alt=\"Porn Tube\"><\/a><\/p>\n<\/div>\n<div class=\"reviewtitle\">\n<h1 style=\"font-family:Arial;font-size:56px;font-style:normal;font-weight:bold;color:#FF1F78;\">teenqueens<\/h1>\n<\/div>\n<div class=\"reviewsub\">\n<h2 style=\"font-size:14px;font-style:normal;font-weight:bold;\">teenqueens.net<\/H2>\n<\/div>\n<div class=\"reviewtext\">\n<span style=\"font-size:16px;font-style:normal;\">Ich liebe diesen Domain Namen, teenqueens.net, hier sind die Teens die K\u00f6niginnen unter den Nischen! Diese Seite ist ziemlich schlicht, genau wie ich es mag, gro\u00dfe Vorschaubilder mit hei\u00dfen Girls. Unter jedem Vorschaubild findest du eine Seite mit einem Bilder Set des gleichen Girls. Du wirst deine Kommentare dort hinterlassen k\u00f6nnen wenn du das Bed\u00fcrfnis danach versp\u00fcrst das zu tun, aber du wirst dich dazu kostenlos anmelden m\u00fcssen. Wenn du willst, dann kannst du diese wunderbaren Girls sogar bewerten. Ich w\u00fcrde sie alle mit der Bestnote bewerten, sie sind es wert.<\/br><\/p>\n<p>Ganz oben auf der Webseite wirst du eine Leiste finden mit Links f\u00fcr die neuesten, die am besten bewerteten, die meist gesehenen Girls, eine Liste der Models und die Kategorien. Wenn du darauf stehst hei\u00dfe Babes zu sehen, die au\u00dfer Rand und Band geraten und die jede Art von Sex praktizieren, dann ist das genau die richtige Webseite f\u00fcr dich. Du solltest wissen, dass einige Vorschaubilder dich wegf\u00fchren von teenqueens denn du wirst zu einer anderen Webseite weitergeleitet werden, aber das ist nicht wirklich ein Problem. Der beste Rat, den ich dir im Moment geben kann, ist weiter zu machen und jetzt ein Lesezeichen bei dieser Webseite zu setzen um sp\u00e4ter Spa\u00df zu haben. Ich bin sicher, dass du mir sp\u00e4ter daf\u00fcr dankbar sein wirst.<br \/>\n <\/span>\n<\/div>\n<div class=\"reviewsiteurl\">\n<a href=\"http:\/\/www.teenqueens.net\/\" rel=\"nofollow\" base target=\"_self\"><span style=\"font-size:32px;font-style:normal;font-weight:bold;text-decoration:underline;\">Hier klicken, um die webseite zu besuchen <\/span><\/a>\n<\/div>\n<\/div>\n","protected":false},"excerpt":{"rendered":"<p>Zur\u00fcck zur Startseite Seitenbewertung teenqueens teenqueens.net Ich liebe diesen Domain Namen, teenqueens.net, hier sind die Teens die K\u00f6niginnen unter den Nischen! Diese Seite ist ziemlich schlicht, genau wie ich es mag, gro\u00dfe Vorschaubilder mit hei\u00dfen Girls. Unter jedem Vorschaubild findest du eine Seite mit einem Bilder Set des gleichen Girls. Du wirst deine Kommentare dort <a href='https:\/\/www.thepornlist.net\/de\/porn-tgp-sites\/teenqueens\/' class='excerpt-more'>[&#8230;]<\/a><\/p>\n","protected":false},"author":1,"featured_media":0,"parent":9952,"menu_order":11270,"comment_status":"closed","ping_status":"closed","template":"0-autofill-tpl-template.php","meta":{"_acf_changed":false,"footnotes":""},"tags":[],"acf":[],"aioseo_notices":[],"_links":{"self":[{"href":"https:\/\/www.thepornlist.net\/de\/wp-json\/wp\/v2\/pages\/9950"}],"collection":[{"href":"https:\/\/www.thepornlist.net\/de\/wp-json\/wp\/v2\/pages"}],"about":[{"href":"https:\/\/www.thepornlist.net\/de\/wp-json\/wp\/v2\/types\/page"}],"author":[{"embeddable":true,"href":"https:\/\/www.thepornlist.net\/de\/wp-json\/wp\/v2\/users\/1"}],"replies":[{"embeddable":true,"href":"https:\/\/www.thepornlist.net\/de\/wp-json\/wp\/v2\/comments?post=9950"}],"version-history":[{"count":0,"href":"https:\/\/www.thepornlist.net\/de\/wp-json\/wp\/v2\/pages\/9950\/revisions"}],"up":[{"embeddable":true,"href":"https:\/\/www.thepornlist.net\/de\/wp-json\/wp\/v2\/pages\/9952"}],"wp:attachment":[{"href":"https:\/\/www.thepornlist.net\/de\/wp-json\/wp\/v2\/media?parent=9950"}],"wp:term":[{"taxonomy":"post_tag","embeddable":true,"href":"https:\/\/www.thepornlist.net\/de\/wp-json\/wp\/v2\/tags?post=9950"}],"curies":[{"name":"wp","href":"https:\/\/api.w.org\/{rel}","templated":true}]}}