{"id":9953,"date":"2016-02-12T21:18:09","date_gmt":"2016-02-12T21:18:09","guid":{"rendered":"https:\/\/www.thepornlist.net\/de\/porn-tube-sites\/gotporn\/"},"modified":"2019-05-23T12:50:57","modified_gmt":"2019-05-23T12:50:57","slug":"gotporn","status":"publish","type":"page","link":"https:\/\/www.thepornlist.net\/de\/porn-tube-sites\/gotporn\/","title":{"rendered":"gotporn.com"},"content":{"rendered":"<div class=\"pb\">\n<div class=\"hd\">\n<a href=\"https:\/\/www.thepornlist.net\/de\/\" base target=\"_self\">Zur\u00fcck zur Startseite<\/a>\n<\/div>\n<div class=\"hd2\">\n<span style=\"font-style:normal;font-weight:bold;\">Seitenbewertung<\/span>\n<\/div>\n<\/div>\n<div style=\"width:100%; margin-left:auto; margin-right:auto; clear:both;z-index:1; padding-top:5px; border-radius: 2px;\">\n<div class=\"reviewimg\">\n<p><a href=\"http:\/\/www.gotporn.com\/\" rel=\"nofollow\" base target=\"_self\"><img decoding=\"async\" src=\"https:\/\/www.thepornlist.net\/wp-content\/uploads\/2015\/review\/gotporn.jpg\" width=\"500\" height=\"500\" alt=\"Porn Tube\"><\/a><\/p>\n<\/div>\n<div class=\"reviewtitle\">\n<h1 style=\"font-family:Arial;font-size:56px;font-style:normal;font-weight:bold;color:#FF1F78;\">gotporn<\/h1>\n<\/div>\n<div class=\"reviewsub\">\n<h2 style=\"font-size:14px;font-style:normal;font-weight:bold;\">gotporn.com<\/H2>\n<\/div>\n<div class=\"reviewtext\">\n<span style=\"font-size:16px;font-style:normal;\">Lesben Pornos, Milf Pornos, gro\u00dfe Titten Pornos, Teen Pornos, schwarze Pornos, HD Pornos, animierte Pornos, Asia Pornos, BBW Pornos, Hardcore Pornos, Oma Pornos, Amateur Pornos, Vintage Pornos und noch mehr Arten von Pornos werden dich willkommen hei\u00dfen. Das hei\u00dft, dass du bei GotPorn bist, richtig? <\/br><\/p>\n<p>Willkommen bei GotPorn.com! Dies sind ihre Worte: \u201eGotPorn ist das beste Ziel f\u00fcr kostenlose Porno Filme, die dich begeistern werden. Unsere \u00fcber 2 Millionen Videos aus denen ein Porno Fan ausw\u00e4hlen kann, machen uns zu einer Top Tubenseite. Wir haben eine gro\u00dfartige Maschine f\u00fcr Empfehlungen, die dir die besten XXX Videos, die auf deinen Geschmack zugeschnitten sind, vorschl\u00e4gt. Du kannst auch unsere Bibliothek mit Sex Videos durchsuchen oder mit einer unserer Kategorien beginnen wie Teen Pornos, Lesben Pornos, Pornos mit reifen Frauen, gro\u00dfe Titten und Milf Videos. Unsere Seite mit Kan\u00e4len zeigen dir die besten Porno Seiten auf der Erde, so dass du mit kostenlosen HD Sex Trailern mit nackten Girls und Pornostars mit nassen Muschis und nackten Titten in Stimmung kommen kannst. Das Anschauen und Herunterladen aller Filme auf GotPorn ist GRATIS! Dr\u00fccke CTRL+D (CMD+D f\u00fcr Mac Benutzer) jetzt und du wirst nie wieder eine andere Seite mit kostenlosem Porno in deinem Browser \u00f6ffnen m\u00fcssen.\u201c<\/p>\n<p>Dies sind jetzt meine Worte: geh zu GotPorn denn du wirst es lieben!<br \/>\n<\/span>\n<\/div>\n<div class=\"reviewsiteurl\">\n<a href=\"http:\/\/www.gotporn.com\/\" rel=\"nofollow\" base target=\"_self\"><span style=\"font-size:32px;font-style:normal;font-weight:bold;text-decoration:underline;\">Hier klicken, um die webseite zu besuchen <\/span><\/a>\n<\/div>\n<\/div>\n","protected":false},"excerpt":{"rendered":"<p>Zur\u00fcck zur Startseite Seitenbewertung gotporn gotporn.com Lesben Pornos, Milf Pornos, gro\u00dfe Titten Pornos, Teen Pornos, schwarze Pornos, HD Pornos, animierte Pornos, Asia Pornos, BBW Pornos, Hardcore Pornos, Oma Pornos, Amateur Pornos, Vintage Pornos und noch mehr Arten von Pornos werden dich willkommen hei\u00dfen. Das hei\u00dft, dass du bei GotPorn bist, richtig? Willkommen bei GotPorn.com! Dies <a href='https:\/\/www.thepornlist.net\/de\/porn-tube-sites\/gotporn\/' class='excerpt-more'>[&#8230;]<\/a><\/p>\n","protected":false},"author":1,"featured_media":0,"parent":9407,"menu_order":40190,"comment_status":"closed","ping_status":"closed","template":"0-autofill-tpl-template.php","meta":{"_acf_changed":false,"footnotes":""},"tags":[],"acf":[],"aioseo_notices":[],"_links":{"self":[{"href":"https:\/\/www.thepornlist.net\/de\/wp-json\/wp\/v2\/pages\/9953"}],"collection":[{"href":"https:\/\/www.thepornlist.net\/de\/wp-json\/wp\/v2\/pages"}],"about":[{"href":"https:\/\/www.thepornlist.net\/de\/wp-json\/wp\/v2\/types\/page"}],"author":[{"embeddable":true,"href":"https:\/\/www.thepornlist.net\/de\/wp-json\/wp\/v2\/users\/1"}],"replies":[{"embeddable":true,"href":"https:\/\/www.thepornlist.net\/de\/wp-json\/wp\/v2\/comments?post=9953"}],"version-history":[{"count":0,"href":"https:\/\/www.thepornlist.net\/de\/wp-json\/wp\/v2\/pages\/9953\/revisions"}],"up":[{"embeddable":true,"href":"https:\/\/www.thepornlist.net\/de\/wp-json\/wp\/v2\/pages\/9407"}],"wp:attachment":[{"href":"https:\/\/www.thepornlist.net\/de\/wp-json\/wp\/v2\/media?parent=9953"}],"wp:term":[{"taxonomy":"post_tag","embeddable":true,"href":"https:\/\/www.thepornlist.net\/de\/wp-json\/wp\/v2\/tags?post=9953"}],"curies":[{"name":"wp","href":"https:\/\/api.w.org\/{rel}","templated":true}]}}