{"id":9954,"date":"2016-02-12T20:58:24","date_gmt":"2016-02-12T20:58:24","guid":{"rendered":"https:\/\/www.thepornlist.net\/de\/xxxstreams\/"},"modified":"2020-11-07T11:22:14","modified_gmt":"2020-11-07T11:22:14","slug":"xxxstreams","status":"publish","type":"page","link":"https:\/\/www.thepornlist.net\/de\/porn-blog-sites\/xxxstreams\/","title":{"rendered":"xxxstreams.org"},"content":{"rendered":"<div class=\"pb\">\n<div class=\"hd\">\n<a href=\"https:\/\/www.thepornlist.net\/de\/\" base target=\"_self\" rel=\"noopener noreferrer\">Zur\u00fcck zur Startseite<\/a>\n<\/div>\n<div class=\"hd2\">\n<span style=\"font-style:normal;font-weight:bold;\">Seitenbewertung<\/span>\n<\/div>\n<\/div>\n<div style=\"width:100%; margin-left:auto; margin-right:auto; clear:both;z-index:1; padding-top:5px; border-radius: 2px;\">\n<div class=\"reviewimg\">\n<p><a href=\"http:\/\/www.xxxstreams.org\/\" rel=\"nofollow noopener noreferrer\" base target=\"_self\"><img decoding=\"async\" src=\"https:\/\/www.thepornlist.net\/wp-content\/uploads\/2015\/review\/xxxstreams.jpg\" width=\"500\" height=\"500\" alt=\"Porn Tube\"><\/a><\/p>\n<\/div>\n<div class=\"reviewtitle\">\n<h1 style=\"font-family:Arial;font-size:56px;font-style:normal;font-weight:bold;color:#FF1F78;\">xxxstreams<\/h1>\n<\/div>\n<div class=\"reviewsub\">\n<h2 style=\"font-size:14px;font-style:normal;font-weight:bold;\">xxxstreams.org<\/H2>\n<\/div>\n<div class=\"reviewtext\">\n<span style=\"font-size:16px;font-style:normal;\">Nun, womit soll ich anfangen? Mit der Tatsache, dass diese Porno Webseite 1.052 Seiten hat? Mit der Tatsache, dass die Filme f\u00fcr Erwachsene in voller L\u00e4nge hat? Ich sollte wohl auch erw\u00e4hnen, dass sie eine Menge an Pop-ups hat, die du schlie\u00dfen musst bevor du diese Plattform verwenden kannst. <\/br><\/p>\n<p>Willkommen bei XXXStreams.org, ein Ort an dem du Abertausende von Pornofilmen findest, in voller L\u00f6nge, aus Bische wie Amateur, Teens, anal, Kunst, asiatisch, BBW, BDSM, gro\u00dfer Arsch, gro\u00dfe Naturtitten ( immer eine meiner bevorzugten Nischen), Blondinen, Blowjob, Br\u00fcnette, Bukkake, vollbusig, Casting, mollig, klassisch, Cosplay, Creampie, Sperma im Mund, deepthroat, dirty Talk, Doppelpenetration, Erotik, Fetisch, offene L\u00f6cher und noch mehr. Sie haben auch einige Tausend an deutschen Filmen, falls du ein Fan dieser Art der Porno Unterhaltung sein solltest. So viel Inhalt obwohl ihr Archiv nur bis November 2015 zur\u00fcck reicht. <\/br><br \/>\nTrotz der st\u00f6renden Pop-ups ist XXXStreams.org eine Pornoseite, die alle deine Bed\u00fcrfnisse af jede nur m\u00f6gliche Art befriedigen wird. Sie werden dich darum bitten ein Lesezeichen zu setzen  indem du CTRL+D klickst. Wenn du meine Meinung h\u00f6ren willst, du solltest es tun (nur in dem Fall, falls du dein Laptop nicht gleich aus dem Fenster werfen willst bei so vielen Werbungen).<br \/>\n<\/span>\n<\/div>\n<div class=\"reviewsiteurl\">\n<a href=\"http:\/\/www.xxxstreams.org\/\" rel=\"nofollow noopener noreferrer\" base target=\"_self\"><span style=\"font-size:32px;font-style:normal;font-weight:bold;text-decoration:underline;\">Hier klicken, um die webseite zu besuchen <\/span><\/a>\n<\/div>\n<\/div>\n","protected":false},"excerpt":{"rendered":"<p>Zur\u00fcck zur Startseite Seitenbewertung xxxstreams xxxstreams.org Nun, womit soll ich anfangen? Mit der Tatsache, dass diese Porno Webseite 1.052 Seiten hat? Mit der Tatsache, dass die Filme f\u00fcr Erwachsene in voller L\u00e4nge hat? Ich sollte wohl auch erw\u00e4hnen, dass sie eine Menge an Pop-ups hat, die du schlie\u00dfen musst bevor du diese Plattform verwenden kannst. <a href='https:\/\/www.thepornlist.net\/de\/porn-blog-sites\/xxxstreams\/' class='excerpt-more'>[&#8230;]<\/a><\/p>\n","protected":false},"author":1,"featured_media":0,"parent":10476,"menu_order":10410,"comment_status":"closed","ping_status":"closed","template":"0-autofill-tpl-template.php","meta":{"_acf_changed":false,"footnotes":""},"tags":[],"acf":[],"aioseo_notices":[],"_links":{"self":[{"href":"https:\/\/www.thepornlist.net\/de\/wp-json\/wp\/v2\/pages\/9954"}],"collection":[{"href":"https:\/\/www.thepornlist.net\/de\/wp-json\/wp\/v2\/pages"}],"about":[{"href":"https:\/\/www.thepornlist.net\/de\/wp-json\/wp\/v2\/types\/page"}],"author":[{"embeddable":true,"href":"https:\/\/www.thepornlist.net\/de\/wp-json\/wp\/v2\/users\/1"}],"replies":[{"embeddable":true,"href":"https:\/\/www.thepornlist.net\/de\/wp-json\/wp\/v2\/comments?post=9954"}],"version-history":[{"count":0,"href":"https:\/\/www.thepornlist.net\/de\/wp-json\/wp\/v2\/pages\/9954\/revisions"}],"up":[{"embeddable":true,"href":"https:\/\/www.thepornlist.net\/de\/wp-json\/wp\/v2\/pages\/10476"}],"wp:attachment":[{"href":"https:\/\/www.thepornlist.net\/de\/wp-json\/wp\/v2\/media?parent=9954"}],"wp:term":[{"taxonomy":"post_tag","embeddable":true,"href":"https:\/\/www.thepornlist.net\/de\/wp-json\/wp\/v2\/tags?post=9954"}],"curies":[{"name":"wp","href":"https:\/\/api.w.org\/{rel}","templated":true}]}}