{"id":9963,"date":"2016-01-30T19:34:26","date_gmt":"2016-01-30T19:34:26","guid":{"rendered":"https:\/\/www.thepornlist.net\/de\/image-gallery-sites\/erotic-photos\/"},"modified":"2019-05-07T10:18:09","modified_gmt":"2019-05-07T10:18:09","slug":"erotic-photos","status":"publish","type":"page","link":"https:\/\/www.thepornlist.net\/de\/image-gallery-sites\/erotic-photos\/","title":{"rendered":"erotic-photos.net"},"content":{"rendered":"<div class=\"pb\">\n<div class=\"hd\">\n<a href=\"https:\/\/www.thepornlist.net\/de\/\" base target=\"_self\">Zur\u00fcck zur Startseite<\/a>\n<\/div>\n<div class=\"hd2\">\n<span style=\"font-style:normal;font-weight:bold;\">Seitenbewertung<\/span>\n<\/div>\n<\/div>\n<div style=\"width:100%; margin-left:auto; margin-right:auto; clear:both;z-index:1; padding-top:5px; border-radius: 2px;\">\n<div class=\"reviewimg\">\n<p><a href=\"http:\/\/www.erotic-photos.net\/\" base target=\"_self\"><img decoding=\"async\" src=\"https:\/\/www.thepornlist.net\/wp-content\/uploads\/2015\/review\/erotic-photos.jpg\" width=\"500\" height=\"500\" alt=\"Porn Tube\"><\/a><\/p>\n<\/div>\n<div class=\"reviewtitle\">\n<h1 style=\"font-family:Arial;font-size:56px;font-style:normal;font-weight:bold;color:#FF1F78;\">erotic-photos<\/h1>\n<\/div>\n<div class=\"reviewsub\">\n<h2 style=\"font-size:14px;font-style:normal;font-weight:bold;\">erotic-photos.net<\/H2>\n<\/div>\n<div class=\"reviewtext\">\n<span style=\"font-size:16px;font-style:normal;\">Ein ganzes Universum an erotischen Bildern wartet auf dich auf dieser wunderbaren Webseite, die einfach Erotic-Photos.net hei\u00dft! Der Domain Name ist so schlicht und sinnvoll wie nur m\u00f6glich aber die Inhalte sind vielf\u00e4ltig und komplex!<\/br><\/p>\n<p>Willkommen bei Erotic-Photos, einer sehr komplexen Webseite mit 100 % erotischen Fotos! Es gibt so viele Kategorien auf die du zugreifen kannst! Es gibt nichts, das du dir w\u00fcnschen k\u00f6nntest und nicht finden w\u00fcrdest. Hier sind die Kategorien dieser Seite: Amateur, anal, Anim\u00e9, asiatisch, Arsch&#038;Hintern, Babe, gro\u00dfe Titten, schwarz, Bondage, Cheerleader, Creampie, Cumshot, deepthroat, Dildo, fett, Fetisch, Fisting, F\u00fc\u00dfe, Gloryhole, Oma, Gruppe, behaart, Handjob, hardcore, Hausfrau, Riesenschwanz indisch, interracial, Latina, Bein, lesbisch, Dessous, masturbieren, reif, ich selbst, Krankenschwester, B\u00fcro, oral, Orgie, outdoor, H\u00f6schen, Strumpfhose, Party&#038;betrunken, pissen, Pov hardcore, Pornostar, schwanger, \u00f6ffentlich, Shemale, schlafen, squirten, Spanking, rauchen, Teen Dreier, Uniform, unter den Rock und Voyeur. Ist das nicht die beste nur m\u00f6gliche Webseite f\u00fcr erotische Bilder? Ein Klick auf ein einziges Bild wird dich zu einer ganzen Galerie mit erotischen Bildern bringen, so dass der Spa\u00df praktisch niemals aufh\u00f6ren wird!<\/br><\/p>\n<p>Du kannst diese erstaunliche Webseite mit deinen Freunden auf allen m\u00f6glichen sozialen Netzwerken teilen, alle von ihnen sind in der Kopfzeile aufgef\u00fchrt. Verschwende deine wertvolle Zeit nicht, verbringe sie lieber auf Erotic-Photos.net!<br \/>\n<\/span>\n<\/div>\n<div class=\"reviewsiteurl\">\n<a href=\"http:\/\/www.erotic-photos.net\/\" base target=\"_self\"><span style=\"font-size:32px;font-style:normal;font-weight:bold;text-decoration:underline;\">Hier klicken, um die webseite zu besuchen <\/span><\/a>\n<\/div>\n<\/div>\n","protected":false},"excerpt":{"rendered":"<p>Zur\u00fcck zur Startseite Seitenbewertung erotic-photos erotic-photos.net Ein ganzes Universum an erotischen Bildern wartet auf dich auf dieser wunderbaren Webseite, die einfach Erotic-Photos.net hei\u00dft! Der Domain Name ist so schlicht und sinnvoll wie nur m\u00f6glich aber die Inhalte sind vielf\u00e4ltig und komplex! Willkommen bei Erotic-Photos, einer sehr komplexen Webseite mit 100 % erotischen Fotos! Es gibt <a href='https:\/\/www.thepornlist.net\/de\/image-gallery-sites\/erotic-photos\/' class='excerpt-more'>[&#8230;]<\/a><\/p>\n","protected":false},"author":1,"featured_media":0,"parent":9763,"menu_order":22730,"comment_status":"closed","ping_status":"closed","template":"0-autofill-tpl-template.php","meta":{"_acf_changed":false,"footnotes":""},"tags":[],"acf":[],"aioseo_notices":[],"_links":{"self":[{"href":"https:\/\/www.thepornlist.net\/de\/wp-json\/wp\/v2\/pages\/9963"}],"collection":[{"href":"https:\/\/www.thepornlist.net\/de\/wp-json\/wp\/v2\/pages"}],"about":[{"href":"https:\/\/www.thepornlist.net\/de\/wp-json\/wp\/v2\/types\/page"}],"author":[{"embeddable":true,"href":"https:\/\/www.thepornlist.net\/de\/wp-json\/wp\/v2\/users\/1"}],"replies":[{"embeddable":true,"href":"https:\/\/www.thepornlist.net\/de\/wp-json\/wp\/v2\/comments?post=9963"}],"version-history":[{"count":0,"href":"https:\/\/www.thepornlist.net\/de\/wp-json\/wp\/v2\/pages\/9963\/revisions"}],"up":[{"embeddable":true,"href":"https:\/\/www.thepornlist.net\/de\/wp-json\/wp\/v2\/pages\/9763"}],"wp:attachment":[{"href":"https:\/\/www.thepornlist.net\/de\/wp-json\/wp\/v2\/media?parent=9963"}],"wp:term":[{"taxonomy":"post_tag","embeddable":true,"href":"https:\/\/www.thepornlist.net\/de\/wp-json\/wp\/v2\/tags?post=9963"}],"curies":[{"name":"wp","href":"https:\/\/api.w.org\/{rel}","templated":true}]}}